{"id":640,"date":"2025-11-19T21:20:23","date_gmt":"2025-11-19T21:20:23","guid":{"rendered":"https:\/\/www.falckab.se\/?page_id=640"},"modified":"2025-11-19T21:20:27","modified_gmt":"2025-11-19T21:20:27","slug":"hur-du-skyddar-din-bil-mot-stold-kostnadseffektivt-den-ultimata-guiden-till-att-anvanda-gps-sparare","status":"publish","type":"page","link":"https:\/\/www.falckab.se\/sv_se\/hur-du-skyddar-din-bil-mot-stold-kostnadseffektivt-den-ultimata-guiden-till-att-anvanda-gps-sparare\/","title":{"rendered":"Hur du skyddar din bil mot st\u00f6ld kostnadseffektivt \u2013 Den ultimata guiden till att anv\u00e4nda GPS-sp\u00e5rare"},"content":{"rendered":"\n<figure class=\"wp-block-image size-full\"><img loading=\"lazy\" decoding=\"async\" width=\"940\" height=\"529\" src=\"https:\/\/www.falckab.se\/wp-content\/uploads\/2025\/11\/vor-autodiebstahl-schuetzen.webp\" alt=\"\" class=\"wp-image-641\" srcset=\"https:\/\/www.falckab.se\/wp-content\/uploads\/2025\/11\/vor-autodiebstahl-schuetzen.webp 940w, https:\/\/www.falckab.se\/wp-content\/uploads\/2025\/11\/vor-autodiebstahl-schuetzen-300x169.webp 300w, https:\/\/www.falckab.se\/wp-content\/uploads\/2025\/11\/vor-autodiebstahl-schuetzen-768x432.webp 768w, https:\/\/www.falckab.se\/wp-content\/uploads\/2025\/11\/vor-autodiebstahl-schuetzen-18x10.webp 18w, https:\/\/www.falckab.se\/wp-content\/uploads\/2025\/11\/vor-autodiebstahl-schuetzen-600x338.webp 600w\" sizes=\"auto, (max-width: 940px) 100vw, 940px\" \/><\/figure>\n\n\n\n<p>Bilst\u00f6lder \u00e4r en av de mest oroande verkligheter som bil\u00e4gare m\u00e5ste m\u00f6ta. Lyckligtvis finns det prisv\u00e4rda och effektiva l\u00f6sningar f\u00f6r att skydda ditt fordon fr\u00e5n st\u00f6ld \u2013 GPS-sp\u00e5rare. I det h\u00e4r blogginl\u00e4gget l\u00e4r du dig hur du utrustar din bil med en GPS-sp\u00e5rare utan att ruinera dig.<\/p>\n\n\n\n<h5 class=\"wp-block-heading\"><strong>Varf\u00f6r GPS-sp\u00e5rare?<\/strong><\/h5>\n\n\n\n<p>GPS-sp\u00e5rare \u00e4r sm\u00e5, diskreta enheter som kan ge dig positionsinformation f\u00f6r ditt fordon i realtid. Vid st\u00f6ld m\u00f6jligg\u00f6r de inte bara exakt sp\u00e5rning utan underl\u00e4ttar ocks\u00e5 snabb \u00e5tervinning av ditt fordon. Detta g\u00f6r dem till en extremt effektiv och kostnadseffektiv metod f\u00f6r att f\u00f6rebygga st\u00f6ld.<\/p>\n\n\n\n<h5 class=\"wp-block-heading\"><strong>Steg f\u00f6r att kostnadseffektivt s\u00e4kra din bil:<\/strong><\/h5>\n\n\n\n<p><em>1. Att v\u00e4lja r\u00e4tt GPS-tracker:<\/em>&nbsp;Unders\u00f6k och v\u00e4lj en GPS-tracker som uppfyller dina behov och \u00e4r kostnadseffektiv. Var uppm\u00e4rksam p\u00e5 funktioner som realtidssp\u00e5rning, geofencing och batteritid.&nbsp;<a href=\"https:\/\/788474.myshopify.com\/products\/trackilive-tl-60-gps-tracker-auto\">H\u00e4r hittar du den perfekta GPS-trackern f\u00f6r din bil.<\/a><\/p>\n\n\n\n<p><em>2. Installera GPS-sp\u00e5raren:<\/em>&nbsp;Installationen \u00e4r ofta enkel och kan g\u00f6ras sj\u00e4lv. Se till att g\u00f6mma sp\u00e5raren v\u00e4l f\u00f6r att lura tjuvar.<\/p>\n\n\n\n<p><em>3. Ansluta till en sp\u00e5rningsapp:<\/em>&nbsp;Anslut GPS-sp\u00e5raren till en anv\u00e4ndarv\u00e4nlig sp\u00e5rningsapp p\u00e5 din smartphone. Detta g\u00f6r att du enkelt kan \u00f6vervaka ditt fordon i realtid.<\/p>\n\n\n\n<p><em>4. St\u00e4ll in geofencing:<\/em>&nbsp;Anv\u00e4nd geofencing-funktionen f\u00f6r att f\u00e5 varningar n\u00e4r ditt fordon l\u00e4mnar ett f\u00f6rdefinierat omr\u00e5de. Detta \u00f6kar s\u00e4kerheten ytterligare.<\/p>\n\n\n\n<p><em>5. Informera ditt f\u00f6rs\u00e4kringsbolag:<\/em>&nbsp;Gl\u00f6m inte att informera ditt f\u00f6rs\u00e4kringsbolag om installationen av GPS-trackern. I vissa fall kan detta leda till rabatter p\u00e5 din bilf\u00f6rs\u00e4kring.<\/p>\n\n\n\n<h5 class=\"wp-block-heading\"><strong>Slutsats:<\/strong><\/h5>\n\n\n\n<p>Att investera i en GPS-tracker \u00e4r ett kostnadseffektivt och smart s\u00e4tt att skydda din bil fr\u00e5n st\u00f6ld. Med stegen och tipsen som n\u00e4mns ovan kan du effektivt s\u00e4kra ditt fordon utan att ruinera dig. Ta det f\u00f6rsta steget mot s\u00e4kerhet \u2013 f\u00f6r din bils skull.<\/p>\n","protected":false},"excerpt":{"rendered":"<p>Bilst\u00f6lder \u00e4r en av de mest oroande verkligheter som bil\u00e4gare m\u00e5ste m\u00f6ta. Lyckligtvis finns det prisv\u00e4rda och effektiva l\u00f6sningar f\u00f6r att skydda ditt fordon fr\u00e5n st\u00f6ld \u2013 GPS-sp\u00e5rare. I det h\u00e4r blogginl\u00e4gget l\u00e4r du dig hur du utrustar din bil med en GPS-sp\u00e5rare utan att ruinera dig. Varf\u00f6r GPS-sp\u00e5rare? GPS-sp\u00e5rare \u00e4r sm\u00e5, diskreta enheter som [&hellip;]<\/p>\n","protected":false},"author":1,"featured_media":0,"parent":0,"menu_order":0,"comment_status":"closed","ping_status":"closed","template":"page-with-title","meta":{"footnotes":""},"class_list":["post-640","page","type-page","status-publish","hentry"],"aioseo_notices":[],"_links":{"self":[{"href":"https:\/\/www.falckab.se\/sv_se\/wp-json\/wp\/v2\/pages\/640","targetHints":{"allow":["GET"]}}],"collection":[{"href":"https:\/\/www.falckab.se\/sv_se\/wp-json\/wp\/v2\/pages"}],"about":[{"href":"https:\/\/www.falckab.se\/sv_se\/wp-json\/wp\/v2\/types\/page"}],"author":[{"embeddable":true,"href":"https:\/\/www.falckab.se\/sv_se\/wp-json\/wp\/v2\/users\/1"}],"replies":[{"embeddable":true,"href":"https:\/\/www.falckab.se\/sv_se\/wp-json\/wp\/v2\/comments?post=640"}],"version-history":[{"count":1,"href":"https:\/\/www.falckab.se\/sv_se\/wp-json\/wp\/v2\/pages\/640\/revisions"}],"predecessor-version":[{"id":642,"href":"https:\/\/www.falckab.se\/sv_se\/wp-json\/wp\/v2\/pages\/640\/revisions\/642"}],"wp:attachment":[{"href":"https:\/\/www.falckab.se\/sv_se\/wp-json\/wp\/v2\/media?parent=640"}],"curies":[{"name":"wp","href":"https:\/\/api.w.org\/{rel}","templated":true}]}}