{"id":634,"date":"2025-11-19T21:13:39","date_gmt":"2025-11-19T21:13:39","guid":{"rendered":"https:\/\/www.falckab.se\/?page_id=634"},"modified":"2025-11-19T21:13:42","modified_gmt":"2025-11-19T21:13:42","slug":"effektiv-logistik-hur-en-gps-tracker-kan-revolutionera-din-verksamhet","status":"publish","type":"page","link":"https:\/\/www.falckab.se\/nn\/effektiv-logistik-hur-en-gps-tracker-kan-revolutionera-din-verksamhet\/","title":{"rendered":"Effektiv logistik: Hur en GPS-tracker kan revolutionera din verksamhet"},"content":{"rendered":"<figure class=\"wp-block-image size-full\"><img loading=\"lazy\" decoding=\"async\" width=\"940\" height=\"281\" src=\"https:\/\/www.falckab.se\/wp-content\/uploads\/2025\/11\/effiziente-logistik.webp\" alt=\"\" class=\"wp-image-635\" srcset=\"https:\/\/www.falckab.se\/wp-content\/uploads\/2025\/11\/effiziente-logistik.webp 940w, https:\/\/www.falckab.se\/wp-content\/uploads\/2025\/11\/effiziente-logistik-300x90.webp 300w, https:\/\/www.falckab.se\/wp-content\/uploads\/2025\/11\/effiziente-logistik-768x230.webp 768w, https:\/\/www.falckab.se\/wp-content\/uploads\/2025\/11\/effiziente-logistik-18x5.webp 18w, https:\/\/www.falckab.se\/wp-content\/uploads\/2025\/11\/effiziente-logistik-600x179.webp 600w\" sizes=\"auto, (max-width: 940px) 100vw, 940px\" \/><\/figure>\n\n\n\n<p>Den moderna aff\u00e4rsv\u00e4rlden k\u00e4nnetecknas av st\u00e4ndig f\u00f6r\u00e4ndring och \u00f6kande krav. I detta snabbt f\u00f6r\u00e4nderliga landskap \u00e4r effektiv logistik avg\u00f6rande f\u00f6r aff\u00e4rsframg\u00e5ng. Ett viktigt verktyg f\u00f6r att \u00f6ka denna effektivitet och samtidigt maximera tillv\u00e4xtpotentialen \u00e4r anv\u00e4ndningen av GPS-trackers. I den h\u00e4r artikeln f\u00e5r du l\u00e4ra dig hur dessa sm\u00e5 men kraftfulla enheter kan revolutionera ditt f\u00f6retag.<\/p>\n\n\n\n<h5 class=\"wp-block-heading\"><strong>1. Platssp\u00e5rning i realtid f\u00f6r optimal transparens<\/strong><\/h5>\n\n\n\n<p>Med en GPS-tracker ombord f\u00e5r du information i realtid om den exakta positionen f\u00f6r dina fordon eller last. Denna transparens \u00e4r ov\u00e4rderlig inte bara f\u00f6r dig som f\u00f6retagare, utan \u00e4ven f\u00f6r dina kunder, som kan \u00f6vervaka leveransstatusen f\u00f6r sina best\u00e4llningar i realtid. Resultatet: n\u00f6jdare kunder och \u00f6kat f\u00f6rtroende f\u00f6r dina logistikprocesser.<\/p>\n\n\n\n<h5 class=\"wp-block-heading\"><strong>2. Ruttoptimering f\u00f6r tids- och kostnadsbesparingar<\/strong><\/h5>\n\n\n\n<p>Genom intelligent analys av trafikdata m\u00f6jligg\u00f6r GPS-trackers exakt ruttoptimering. Resultatet? Tidsbesparingar och minskade driftskostnader genom effektiv anv\u00e4ndning av br\u00e4nsle och fordon. Detta \u00e4r inte bara bra f\u00f6r din budget, utan \u00e4ven f\u00f6r milj\u00f6n. Kunder uppskattar f\u00f6retag som inte bara t\u00e4nker ekonomiskt, utan ocks\u00e5 tar milj\u00f6ansvar.<\/p>\n\n\n\n<h5 class=\"wp-block-heading\"><strong>3. F\u00f6rb\u00e4ttrad flotthantering f\u00f6r h\u00e5llbar framg\u00e5ng<\/strong><\/h5>\n\n\n\n<p>En GPS-tracker m\u00f6jligg\u00f6r effektiv vagnparkshantering genom att tillhandah\u00e5lla viktig data om fordonens prestanda och skick. Tidig uppt\u00e4ckt av underh\u00e5llsbehov minimerar driftstopp och f\u00f6rl\u00e4nger livsl\u00e4ngden p\u00e5 din vagnpark. Detta s\u00e4kerst\u00e4ller inte bara en smidig drift av din logistik utan \u00e4ven l\u00e5ngsiktig aff\u00e4rsframg\u00e5ng.<\/p>\n\n\n\n<h5 class=\"wp-block-heading\"><strong>4. S\u00e4kerhet och st\u00f6ldskydd f\u00f6r fridfulla n\u00e4tter<\/strong><\/h5>\n\n\n\n<p>F\u00f6rutom att \u00f6ka effektiviteten erbjuder en GPS-sp\u00e5rare \u00e4ven skydd mot obehagliga \u00f6verraskningar som st\u00f6ld. Vid st\u00f6ld m\u00f6jligg\u00f6r sp\u00e5rning i realtid snabb \u00e5tervinning av stulna varor. Denna extra s\u00e4kerhetsfunktion skyddar inte bara ditt f\u00f6retag utan st\u00e4rker ocks\u00e5 dina kunders f\u00f6rtroende.<\/p>\n\n\n\n<h5 class=\"wp-block-heading\"><strong>Slutsats: Revolutionera din verksamhet med GPS-sp\u00e5rare<\/strong><\/h5>\n\n\n\n<p>I en v\u00e4rld d\u00e4r varje \u00f6gonblick r\u00e4knas \u00e4r GPS-trackers inte bara en investering, utan ett strategiskt beslut f\u00f6r ditt f\u00f6retags framtid. Den \u00f6kade effektiviteten, transparensen, kostnadsbesparingarna och s\u00e4kerheten som GPS-trackers erbjuder g\u00f6r dem till ett oumb\u00e4rligt verktyg f\u00f6r alla logistikf\u00f6retag. Anv\u00e4nd denna teknik inte bara f\u00f6r att f\u00f6rbli konkurrenskraftig, utan f\u00f6r att revolutionera din verksamhet och vinna \u00f6ver kunder.<\/p>\n\n\n\n<p>Redo att ta din logistik till n\u00e4sta niv\u00e5? Uppt\u00e4ck GPS-sp\u00e5rarnas v\u00e4rld och upplev hur de inte bara f\u00f6renklar din dagliga verksamhet utan ocks\u00e5 imponerar p\u00e5 dina kunder. Dina effektivitetsvinster b\u00f6rjar nu!<\/p>","protected":false},"excerpt":{"rendered":"<p>Den moderna aff\u00e4rsv\u00e4rlden k\u00e4nnetecknas av st\u00e4ndig f\u00f6r\u00e4ndring och \u00f6kande krav. I detta snabbt f\u00f6r\u00e4nderliga landskap \u00e4r effektiv logistik avg\u00f6rande f\u00f6r aff\u00e4rsframg\u00e5ng. Ett viktigt verktyg f\u00f6r att \u00f6ka denna effektivitet och samtidigt maximera tillv\u00e4xtpotentialen \u00e4r anv\u00e4ndningen av GPS-trackers. I den h\u00e4r artikeln f\u00e5r du l\u00e4ra dig hur dessa sm\u00e5 men kraftfulla enheter kan revolutionera ditt f\u00f6retag. [&hellip;]<\/p>\n","protected":false},"author":1,"featured_media":0,"parent":0,"menu_order":0,"comment_status":"closed","ping_status":"closed","template":"page-with-title","meta":{"footnotes":""},"class_list":["post-634","page","type-page","status-publish","hentry"],"aioseo_notices":[],"_links":{"self":[{"href":"https:\/\/www.falckab.se\/nn\/wp-json\/wp\/v2\/pages\/634","targetHints":{"allow":["GET"]}}],"collection":[{"href":"https:\/\/www.falckab.se\/nn\/wp-json\/wp\/v2\/pages"}],"about":[{"href":"https:\/\/www.falckab.se\/nn\/wp-json\/wp\/v2\/types\/page"}],"author":[{"embeddable":true,"href":"https:\/\/www.falckab.se\/nn\/wp-json\/wp\/v2\/users\/1"}],"replies":[{"embeddable":true,"href":"https:\/\/www.falckab.se\/nn\/wp-json\/wp\/v2\/comments?post=634"}],"version-history":[{"count":1,"href":"https:\/\/www.falckab.se\/nn\/wp-json\/wp\/v2\/pages\/634\/revisions"}],"predecessor-version":[{"id":636,"href":"https:\/\/www.falckab.se\/nn\/wp-json\/wp\/v2\/pages\/634\/revisions\/636"}],"wp:attachment":[{"href":"https:\/\/www.falckab.se\/nn\/wp-json\/wp\/v2\/media?parent=634"}],"curies":[{"name":"wp","href":"https:\/\/api.w.org\/{rel}","templated":true}]}}