{"id":619,"date":"2025-11-19T20:52:39","date_gmt":"2025-11-19T20:52:39","guid":{"rendered":"https:\/\/www.falckab.se\/?page_id=619"},"modified":"2025-11-19T20:52:43","modified_gmt":"2025-11-19T20:52:43","slug":"fem-anledningar-till-varfor-du-bor-skydda-din-bil-med-en-gps-tracker","status":"publish","type":"page","link":"https:\/\/www.falckab.se\/nn\/fem-anledningar-till-varfor-du-bor-skydda-din-bil-med-en-gps-tracker\/","title":{"rendered":"Fem anledningar till varf\u00f6r du b\u00f6r skydda din bil med en GPS-tracker"},"content":{"rendered":"<figure class=\"wp-block-image size-full\"><img loading=\"lazy\" decoding=\"async\" width=\"940\" height=\"522\" src=\"https:\/\/www.falckab.se\/wp-content\/uploads\/2025\/11\/gps-car-thief-1.webp\" alt=\"\" class=\"wp-image-620\" srcset=\"https:\/\/www.falckab.se\/wp-content\/uploads\/2025\/11\/gps-car-thief-1.webp 940w, https:\/\/www.falckab.se\/wp-content\/uploads\/2025\/11\/gps-car-thief-1-300x167.webp 300w, https:\/\/www.falckab.se\/wp-content\/uploads\/2025\/11\/gps-car-thief-1-768x426.webp 768w, https:\/\/www.falckab.se\/wp-content\/uploads\/2025\/11\/gps-car-thief-1-18x10.webp 18w, https:\/\/www.falckab.se\/wp-content\/uploads\/2025\/11\/gps-car-thief-1-600x333.webp 600w\" sizes=\"auto, (max-width: 940px) 100vw, 940px\" \/><\/figure>\n\n\n\n<p>S\u00e4kerheten f\u00f6r ditt fordon \u00e4r viktigare \u00e4n n\u00e5gonsin nuf\u00f6rtiden. Bilst\u00f6lder och skadeg\u00f6relse \u00e4r tyv\u00e4rr vanliga problem som m\u00e5nga bil\u00e4gare m\u00f6ter. En GPS-tracker kan vara en effektiv l\u00f6sning f\u00f6r att b\u00e4ttre skydda din bil och ge dig mer kontroll och s\u00e4kerhet. I det h\u00e4r blogginl\u00e4gget f\u00e5r du l\u00e4ra dig de fem b\u00e4sta anledningarna till varf\u00f6r du definitivt b\u00f6r utrusta din bil med en GPS-tracker.<\/p>\n\n\n\n<h3 class=\"wp-block-heading\">1.&nbsp;<strong>St\u00f6ldskydd: H\u00e5ll alltid ett \u00f6ga p\u00e5 din bil<\/strong><\/h3>\n\n\n\n<p>Den mest uppenbara och viktigaste anledningen att skydda din bil med en GPS-tracker \u00e4r st\u00f6ldf\u00f6rebyggande \u00e5tg\u00e4rder. GPS-trackers l\u00e5ter dig \u00f6vervaka ditt fordons position i realtid. Om din bil blir stulen kan du snabbt lokalisera den och ge polisen den exakta platsen. Detta \u00f6kar avsev\u00e4rt chanserna att ditt fordon \u00e5terfinns. \u00c4ven om du letar efter din bil p\u00e5 en stor parkeringsplats eller har gl\u00f6mt var du parkerade den, hj\u00e4lper GPS-trackern dig att enkelt hitta den.<\/p>\n\n\n\n<h3 class=\"wp-block-heading\">2.&nbsp;<strong>Realtids\u00f6vervakning: Var alltid informerad<\/strong><\/h3>\n\n\n\n<p>Med en GPS-sp\u00e5rare kan du \u00f6vervaka din bils position n\u00e4r som helst och var som helst. M\u00e5nga GPS-sp\u00e5rare erbjuder en mobilapp eller webbplattform d\u00e4r du kan se din bils position i realtid. Detta ger dig inte bara sinnesro utan ocks\u00e5 kontroll \u2013 s\u00e4rskilt n\u00e4r du har l\u00e5nat ut din bil till n\u00e5gon annan eller om den k\u00f6rs av en familjemedlem. Du kan till och med f\u00e5 aviseringar n\u00e4r fordonet l\u00e4mnar eller k\u00f6r in i en specifik zon. Denna geofencing-funktion \u00e4r idealisk f\u00f6r att omedelbart varna dig om din bil flyttas utan tillst\u00e5nd.<\/p>\n\n\n\n<h3 class=\"wp-block-heading\">3.&nbsp;<strong>Minskade f\u00f6rs\u00e4kringskostnader<\/strong><\/h3>\n\n\n\n<p>En ofta f\u00f6rbisedd f\u00f6rdel med en GPS-tracker i din bil \u00e4r de potentiella besparingarna p\u00e5 f\u00f6rs\u00e4kringskostnader. M\u00e5nga f\u00f6rs\u00e4kringsbolag erbjuder rabatter eller premiereduktioner f\u00f6r fordon utrustade med en GPS-tracker. Anledningen \u00e4r enkel: en GPS-tracker minskar risken f\u00f6r att din bil f\u00f6rloras permanent, vilket gynnar f\u00f6rs\u00e4kringsbolaget. Denna \u00e5tg\u00e4rd skyddar inte bara din bil b\u00e4ttre utan sparar ocks\u00e5 pengar i l\u00e4ngden.<\/p>\n\n\n\n<h3 class=\"wp-block-heading\">4.&nbsp;<strong>Fordonsunderh\u00e5ll och ruttoptimering<\/strong><\/h3>\n\n\n\n<p>Moderna GPS-sp\u00e5rare kan g\u00f6ra mer \u00e4n att bara sp\u00e5ra din bils position. M\u00e5nga modeller erbjuder ytterligare funktioner som att \u00f6vervaka k\u00f6rbeteende och fordonets skick. Du kan till exempel f\u00e5 meddelanden om kommande underh\u00e5llsuppgifter som oljebyten, d\u00e4cktryckskontroller eller inspektioner. Detta s\u00e4kerst\u00e4ller att din bil h\u00e5ller sig i gott skick och hj\u00e4lper till att undvika st\u00f6rre reparationer. F\u00f6r f\u00f6retagsfordon eller flottor kan GPS-sp\u00e5rare ocks\u00e5 bidra till ruttoptimering. Genom att analysera k\u00f6rda rutter kan effektivare rutter hittas, vilket sparar tid och br\u00e4nslekostnader.<\/p>\n\n\n\n<h3 class=\"wp-block-heading\">5.&nbsp;<strong>Mer s\u00e4kerhet f\u00f6r dig och din familj<\/strong><\/h3>\n\n\n\n<p>En GPS-sp\u00e5rare i din bil erbjuder inte bara skydd mot st\u00f6ld, utan ocks\u00e5 st\u00f6rre s\u00e4kerhet f\u00f6r dig och din familj. Om dina familjemedlemmar, s\u00e4rskilt unga eller \u00e4ldre f\u00f6rare, anv\u00e4nder bilen, kan du \u00f6vervaka deras resor och s\u00e4kerst\u00e4lla deras s\u00e4kerhet p\u00e5 v\u00e4gen. Vissa GPS-sp\u00e5rare erbjuder \u00e4ven n\u00f6dfunktioner, till exempel SOS-knappar som kan aktiveras vid motorstopp eller olycka f\u00f6r att snabbt kalla p\u00e5 hj\u00e4lp. Dessa funktioner kan r\u00e4dda liv i en n\u00f6dsituation och ge dig extra trygghet n\u00e4r dina n\u00e4ra och k\u00e4ra \u00e4r p\u00e5 v\u00e4gen.<\/p>\n\n\n\n<h3 class=\"wp-block-heading\">Slutsats<\/h3>\n\n\n\n<p>En GPS-tracker \u00e4r en f\u00f6rnuftig och effektiv investering f\u00f6r att skydda din bil och ge dig st\u00f6rre s\u00e4kerhet och kontroll. F\u00f6rdelarna str\u00e4cker sig fr\u00e5n st\u00f6ldskydd och realtids\u00f6vervakning till besparingar p\u00e5 f\u00f6rs\u00e4kringskostnader och \u00f6kad s\u00e4kerhet f\u00f6r dig och din familj. Om du vill ha ett helt\u00e4ckande fordonsskydd \u00e4r en GPS-tracker det b\u00e4sta valet.<\/p>\n\n\n\n<p>Med det stora utbudet av tillg\u00e4ngliga modeller kan du hitta den sp\u00e5rare som b\u00e4st passar dina behov \u2013 oavsett om det g\u00e4ller privata fordon eller vagnparkshantering. Att v\u00e4lja en GPS-sp\u00e5rare \u00e4r ett val f\u00f6r \u00f6kad s\u00e4kerhet, bekv\u00e4mlighet och kontroll p\u00e5 v\u00e4gen.<\/p>","protected":false},"excerpt":{"rendered":"<p>S\u00e4kerheten f\u00f6r ditt fordon \u00e4r viktigare \u00e4n n\u00e5gonsin nuf\u00f6rtiden. Bilst\u00f6lder och skadeg\u00f6relse \u00e4r tyv\u00e4rr vanliga problem som m\u00e5nga bil\u00e4gare m\u00f6ter. En GPS-tracker kan vara en effektiv l\u00f6sning f\u00f6r att b\u00e4ttre skydda din bil och ge dig mer kontroll och s\u00e4kerhet. I det h\u00e4r blogginl\u00e4gget f\u00e5r du l\u00e4ra dig de fem b\u00e4sta anledningarna till varf\u00f6r du [&hellip;]<\/p>\n","protected":false},"author":1,"featured_media":0,"parent":0,"menu_order":0,"comment_status":"closed","ping_status":"closed","template":"page-with-title","meta":{"footnotes":""},"class_list":["post-619","page","type-page","status-publish","hentry"],"aioseo_notices":[],"_links":{"self":[{"href":"https:\/\/www.falckab.se\/nn\/wp-json\/wp\/v2\/pages\/619","targetHints":{"allow":["GET"]}}],"collection":[{"href":"https:\/\/www.falckab.se\/nn\/wp-json\/wp\/v2\/pages"}],"about":[{"href":"https:\/\/www.falckab.se\/nn\/wp-json\/wp\/v2\/types\/page"}],"author":[{"embeddable":true,"href":"https:\/\/www.falckab.se\/nn\/wp-json\/wp\/v2\/users\/1"}],"replies":[{"embeddable":true,"href":"https:\/\/www.falckab.se\/nn\/wp-json\/wp\/v2\/comments?post=619"}],"version-history":[{"count":1,"href":"https:\/\/www.falckab.se\/nn\/wp-json\/wp\/v2\/pages\/619\/revisions"}],"predecessor-version":[{"id":626,"href":"https:\/\/www.falckab.se\/nn\/wp-json\/wp\/v2\/pages\/619\/revisions\/626"}],"wp:attachment":[{"href":"https:\/\/www.falckab.se\/nn\/wp-json\/wp\/v2\/media?parent=619"}],"curies":[{"name":"wp","href":"https:\/\/api.w.org\/{rel}","templated":true}]}}