{"id":342,"date":"2025-11-12T22:24:36","date_gmt":"2025-11-12T22:24:36","guid":{"rendered":"https:\/\/www.falckab.se\/?page_id=342"},"modified":"2025-11-19T22:47:37","modified_gmt":"2025-11-19T22:47:37","slug":"lar-dig-mer-om-gps-tracking","status":"publish","type":"page","link":"https:\/\/www.falckab.se\/nn\/lar-dig-mer-om-gps-tracking\/","title":{"rendered":"L\u00e4r dig mer om gps-tracking"},"content":{"rendered":"<div class=\"wp-block-group alignfull has-global-padding is-content-justification-center is-layout-constrained wp-container-core-group-is-layout-df757ecc wp-block-group-is-layout-constrained\" style=\"margin-top:0;margin-bottom:0;padding-top:calc( 0.5 * var(--wp--style--root--padding-right, var(--wp--custom--gap--horizontal)));padding-right:var(--wp--style--root--padding-right, var(--wp--custom--gap--horizontal));padding-bottom:calc( 0.5 * var(--wp--style--root--padding-right, var(--wp--custom--gap--horizontal)));padding-left:var(--wp--style--root--padding-left, var(--wp--custom--gap--horizontal))\">\n<div style=\"height:calc( 0.25 * var(--wp--style--root--padding-right, var(--wp--custom--gap--horizontal)))\" aria-hidden=\"true\" class=\"wp-block-spacer\"><\/div>\n\n\n\n<div class=\"wp-block-columns alignwide is-layout-flex wp-container-core-columns-is-layout-549b0c86 wp-block-columns-is-layout-flex\">\n<div class=\"wp-block-column is-layout-flow wp-block-column-is-layout-flow\">\n<h4 class=\"wp-block-heading has-medium-font-size\" style=\"font-style:normal;font-weight:700\">\u00c5tta saker du b\u00f6r veta innan du k\u00f6per en GPS-tracker<\/h4>\n\n\n\n<div class=\"wp-block-group has-global-padding is-layout-constrained wp-block-group-is-layout-constrained\" style=\"padding-bottom:4px\">\n<figure class=\"wp-block-image size-full\"><img loading=\"lazy\" decoding=\"async\" width=\"940\" height=\"522\" src=\"https:\/\/www.falckab.se\/wp-content\/uploads\/2025\/11\/gps-before-u-buy.webp\" alt=\"\" class=\"wp-image-597\" style=\"aspect-ratio:3\/2;object-fit:cover\" srcset=\"https:\/\/www.falckab.se\/wp-content\/uploads\/2025\/11\/gps-before-u-buy.webp 940w, https:\/\/www.falckab.se\/wp-content\/uploads\/2025\/11\/gps-before-u-buy-300x167.webp 300w, https:\/\/www.falckab.se\/wp-content\/uploads\/2025\/11\/gps-before-u-buy-768x426.webp 768w, https:\/\/www.falckab.se\/wp-content\/uploads\/2025\/11\/gps-before-u-buy-18x10.webp 18w, https:\/\/www.falckab.se\/wp-content\/uploads\/2025\/11\/gps-before-u-buy-600x333.webp 600w\" sizes=\"auto, (max-width: 940px) 100vw, 940px\" \/><\/figure>\n<\/div>\n\n\n\n<p>I en alltmer sammankopplad v\u00e4rld spelar GPS-trackers en avg\u00f6rande roll f\u00f6r att garantera s\u00e4kerhet och kontroll&#8230;<br><a href=\"https:\/\/www.falckab.se\/nn\/atta-saker-du-bor-veta-innan-du-koper-en-gps-tracker\/\" title=\"\u00c5tta saker du b\u00f6r veta innan du k\u00f6per en GPS-tracker\">L\u00e4s mer<\/a><\/p>\n<\/div>\n\n\n\n<div class=\"wp-block-column is-layout-flow wp-block-column-is-layout-flow\">\n<h4 class=\"wp-block-heading has-medium-font-size\" style=\"font-style:normal;font-weight:700\">Fem anledningar till varf\u00f6r du b\u00f6r skydda din bil med en GPS-tracker<\/h4>\n\n\n\n<div class=\"wp-block-group has-global-padding is-layout-constrained wp-block-group-is-layout-constrained\" style=\"padding-bottom:4px\">\n<figure class=\"wp-block-image size-full\"><img loading=\"lazy\" decoding=\"async\" width=\"940\" height=\"522\" src=\"https:\/\/www.falckab.se\/wp-content\/uploads\/2025\/11\/gps-car-thief.webp\" alt=\"\" class=\"wp-image-602\" style=\"aspect-ratio:3\/2;object-fit:cover\" srcset=\"https:\/\/www.falckab.se\/wp-content\/uploads\/2025\/11\/gps-car-thief.webp 940w, https:\/\/www.falckab.se\/wp-content\/uploads\/2025\/11\/gps-car-thief-300x167.webp 300w, https:\/\/www.falckab.se\/wp-content\/uploads\/2025\/11\/gps-car-thief-768x426.webp 768w, https:\/\/www.falckab.se\/wp-content\/uploads\/2025\/11\/gps-car-thief-18x10.webp 18w, https:\/\/www.falckab.se\/wp-content\/uploads\/2025\/11\/gps-car-thief-600x333.webp 600w\" sizes=\"auto, (max-width: 940px) 100vw, 940px\" \/><\/figure>\n<\/div>\n\n\n\n<p>Ditt fordons s\u00e4kerhet \u00e4r viktigare \u00e4n n\u00e5gonsin nuf\u00f6rtiden. Bilst\u00f6lder och skadeg\u00f6relse \u00e4r tyv\u00e4rr vanliga&#8230;<br><a href=\"https:\/\/www.falckab.se\/nn\/atta-saker-du-bor-veta-innan-du-koper-en-gps-tracker\/\" title=\"\u00c5tta saker du b\u00f6r veta innan du k\u00f6per en GPS-tracker\">L\u00e4s mer<\/a><\/p>\n<\/div>\n\n\n\n<div class=\"wp-block-column is-layout-flow wp-block-column-is-layout-flow\">\n<h4 class=\"wp-block-heading has-medium-font-size\" style=\"font-style:normal;font-weight:700\">Sl\u00e4pp dem aldrig ur sikte igen: Framtiden f\u00f6r GPS-sp\u00e5rare<\/h4>\n\n\n\n<div class=\"wp-block-group has-global-padding is-layout-constrained wp-block-group-is-layout-constrained\" style=\"padding-bottom:4px\">\n<figure class=\"wp-block-image size-full\"><img loading=\"lazy\" decoding=\"async\" width=\"940\" height=\"399\" src=\"https:\/\/www.falckab.se\/wp-content\/uploads\/2025\/11\/kids_tracking.webp\" alt=\"\" class=\"wp-image-603\" style=\"aspect-ratio:3\/2;object-fit:cover\" srcset=\"https:\/\/www.falckab.se\/wp-content\/uploads\/2025\/11\/kids_tracking.webp 940w, https:\/\/www.falckab.se\/wp-content\/uploads\/2025\/11\/kids_tracking-300x127.webp 300w, https:\/\/www.falckab.se\/wp-content\/uploads\/2025\/11\/kids_tracking-768x326.webp 768w, https:\/\/www.falckab.se\/wp-content\/uploads\/2025\/11\/kids_tracking-18x8.webp 18w, https:\/\/www.falckab.se\/wp-content\/uploads\/2025\/11\/kids_tracking-600x255.webp 600w\" sizes=\"auto, (max-width: 940px) 100vw, 940px\" \/><\/figure>\n<\/div>\n\n\n\n<p>GPS-sp\u00e5rningstekniken har utvecklats snabbt de senaste \u00e5ren, och trenden&#8230;<br><br><a href=\"https:\/\/www.falckab.se\/nn\/slapp-dem-aldrig-ur-sikte-igen-framtiden-for-gps-sparare\/\" title=\"L\u00e4s mer\">L\u00e4s mer<\/a><\/p>\n<\/div>\n<\/div>\n\n\n\n<div style=\"height:calc( 0.25 * var(--wp--style--root--padding-right, var(--wp--custom--gap--horizontal)))\" aria-hidden=\"true\" class=\"wp-block-spacer\"><\/div>\n<\/div>\n\n\n\n<div class=\"wp-block-group alignfull has-global-padding is-content-justification-center is-layout-constrained wp-container-core-group-is-layout-df757ecc wp-block-group-is-layout-constrained\" style=\"margin-top:0;margin-bottom:0;padding-top:calc( 0.5 * var(--wp--style--root--padding-right, var(--wp--custom--gap--horizontal)));padding-right:var(--wp--style--root--padding-right, var(--wp--custom--gap--horizontal));padding-bottom:calc( 0.5 * var(--wp--style--root--padding-right, var(--wp--custom--gap--horizontal)));padding-left:var(--wp--style--root--padding-left, var(--wp--custom--gap--horizontal))\">\n<div style=\"height:calc( 0.25 * var(--wp--style--root--padding-right, var(--wp--custom--gap--horizontal)))\" aria-hidden=\"true\" class=\"wp-block-spacer\"><\/div>\n\n\n\n<div class=\"wp-block-columns alignwide is-layout-flex wp-container-core-columns-is-layout-549b0c86 wp-block-columns-is-layout-flex\">\n<div class=\"wp-block-column is-layout-flow wp-block-column-is-layout-flow\">\n<h4 class=\"wp-block-heading has-medium-font-size\" style=\"font-style:normal;font-weight:700\">Var \u00e4r den b\u00e4sta platsen f\u00f6r min GPS-tracker?<\/h4>\n\n\n\n<div class=\"wp-block-group has-global-padding is-layout-constrained wp-block-group-is-layout-constrained\" style=\"padding-bottom:4px\">\n<figure class=\"wp-block-image size-full\"><img loading=\"lazy\" decoding=\"async\" width=\"940\" height=\"281\" src=\"https:\/\/www.falckab.se\/wp-content\/uploads\/2025\/11\/wo-gps-tracker-am-auto-1.webp\" alt=\"\" class=\"wp-image-664\" style=\"aspect-ratio:3\/2;object-fit:cover\" srcset=\"https:\/\/www.falckab.se\/wp-content\/uploads\/2025\/11\/wo-gps-tracker-am-auto-1.webp 940w, https:\/\/www.falckab.se\/wp-content\/uploads\/2025\/11\/wo-gps-tracker-am-auto-1-300x90.webp 300w, https:\/\/www.falckab.se\/wp-content\/uploads\/2025\/11\/wo-gps-tracker-am-auto-1-768x230.webp 768w, https:\/\/www.falckab.se\/wp-content\/uploads\/2025\/11\/wo-gps-tracker-am-auto-1-18x5.webp 18w, https:\/\/www.falckab.se\/wp-content\/uploads\/2025\/11\/wo-gps-tracker-am-auto-1-600x179.webp 600w\" sizes=\"auto, (max-width: 940px) 100vw, 940px\" \/><\/figure>\n<\/div>\n\n\n\n<p>N\u00e4r du installerar eller f\u00e4ster en GPS-tracker p\u00e5 en bil finns det n\u00e5gra viktiga saker att t\u00e4nka p\u00e5 g\u00e4llande funktionalitet,&#8230;<br><a href=\"https:\/\/www.falckab.se\/nn\/var-ar-den-basta-platsen-for-min-gps-tracker\/\" title=\"\">L\u00e4s mer<\/a><\/p>\n<\/div>\n\n\n\n<div class=\"wp-block-column is-layout-flow wp-block-column-is-layout-flow\">\n<h4 class=\"wp-block-heading has-medium-font-size\" style=\"font-style:normal;font-weight:700\">Effektiv logistik: Hur en GPS-tracker kan revolutionera din verksamhet<\/h4>\n\n\n\n<div class=\"wp-block-group has-global-padding is-layout-constrained wp-block-group-is-layout-constrained\" style=\"padding-bottom:4px\">\n<figure class=\"wp-block-image size-full\"><img loading=\"lazy\" decoding=\"async\" width=\"940\" height=\"281\" src=\"https:\/\/www.falckab.se\/wp-content\/uploads\/2025\/11\/effiziente-logistik.webp\" alt=\"\" class=\"wp-image-635\" style=\"aspect-ratio:3\/2;object-fit:cover\" srcset=\"https:\/\/www.falckab.se\/wp-content\/uploads\/2025\/11\/effiziente-logistik.webp 940w, https:\/\/www.falckab.se\/wp-content\/uploads\/2025\/11\/effiziente-logistik-300x90.webp 300w, https:\/\/www.falckab.se\/wp-content\/uploads\/2025\/11\/effiziente-logistik-768x230.webp 768w, https:\/\/www.falckab.se\/wp-content\/uploads\/2025\/11\/effiziente-logistik-18x5.webp 18w, https:\/\/www.falckab.se\/wp-content\/uploads\/2025\/11\/effiziente-logistik-600x179.webp 600w\" sizes=\"auto, (max-width: 940px) 100vw, 940px\" \/><\/figure>\n<\/div>\n\n\n\n<p>Den moderna aff\u00e4rsv\u00e4rlden k\u00e4nnetecknas av st\u00e4ndig f\u00f6r\u00e4ndring och \u00f6kande krav. I denna snabbt f\u00f6r\u00e4nderliga milj\u00f6&#8230;<br><a href=\"https:\/\/www.falckab.se\/nn\/effektiv-logistik-hur-en-gps-tracker-kan-revolutionera-din-verksamhet\/\" title=\"\">L\u00e4s mer<\/a><\/p>\n<\/div>\n\n\n\n<div class=\"wp-block-column is-layout-flow wp-block-column-is-layout-flow\">\n<h4 class=\"wp-block-heading has-medium-font-size\" style=\"font-style:normal;font-weight:700\">Vad f\u00f6rklaras enkelt med GPS?<br><\/h4>\n\n\n\n<div class=\"wp-block-group has-global-padding is-layout-constrained wp-block-group-is-layout-constrained\" style=\"padding-bottom:4px\">\n<figure class=\"wp-block-image size-full\"><img loading=\"lazy\" decoding=\"async\" width=\"940\" height=\"281\" src=\"https:\/\/www.falckab.se\/wp-content\/uploads\/2025\/11\/gps-einfach-erklaert.webp\" alt=\"\" class=\"wp-image-638\" style=\"aspect-ratio:3\/2;object-fit:cover\" srcset=\"https:\/\/www.falckab.se\/wp-content\/uploads\/2025\/11\/gps-einfach-erklaert.webp 940w, https:\/\/www.falckab.se\/wp-content\/uploads\/2025\/11\/gps-einfach-erklaert-300x90.webp 300w, https:\/\/www.falckab.se\/wp-content\/uploads\/2025\/11\/gps-einfach-erklaert-768x230.webp 768w, https:\/\/www.falckab.se\/wp-content\/uploads\/2025\/11\/gps-einfach-erklaert-18x5.webp 18w, https:\/\/www.falckab.se\/wp-content\/uploads\/2025\/11\/gps-einfach-erklaert-600x179.webp 600w\" sizes=\"auto, (max-width: 940px) 100vw, 940px\" \/><\/figure>\n<\/div>\n\n\n\n<p>Har du n\u00e5gonsin undrat hur din telefon eller surfplatta vet exakt var&#8230;<br><br><a href=\"https:\/\/www.falckab.se\/nn\/vad-forklaras-enkelt-med-gps\/\" title=\"\">L\u00e4s mer<\/a><\/p>\n<\/div>\n<\/div>\n\n\n\n<div style=\"height:calc( 0.25 * var(--wp--style--root--padding-right, var(--wp--custom--gap--horizontal)))\" aria-hidden=\"true\" class=\"wp-block-spacer\"><\/div>\n<\/div>\n\n\n\n<div class=\"wp-block-group alignfull has-global-padding is-content-justification-center is-layout-constrained wp-container-core-group-is-layout-df757ecc wp-block-group-is-layout-constrained\" style=\"margin-top:0;margin-bottom:0;padding-top:calc( 0.5 * var(--wp--style--root--padding-right, var(--wp--custom--gap--horizontal)));padding-right:var(--wp--style--root--padding-right, var(--wp--custom--gap--horizontal));padding-bottom:calc( 0.5 * var(--wp--style--root--padding-right, var(--wp--custom--gap--horizontal)));padding-left:var(--wp--style--root--padding-left, var(--wp--custom--gap--horizontal))\">\n<div style=\"height:calc( 0.25 * var(--wp--style--root--padding-right, var(--wp--custom--gap--horizontal)))\" aria-hidden=\"true\" class=\"wp-block-spacer\"><\/div>\n\n\n\n<div class=\"wp-block-columns alignwide is-layout-flex wp-container-core-columns-is-layout-549b0c86 wp-block-columns-is-layout-flex\">\n<div class=\"wp-block-column is-layout-flow wp-block-column-is-layout-flow\">\n<h4 class=\"wp-block-heading has-medium-font-size\" style=\"font-style:normal;font-weight:700\">Hur du skyddar din bil mot st\u00f6ld \u2013 ultimata guiden att anv\u00e4nda GPS-sp\u00e5rare<\/h4>\n\n\n\n<div class=\"wp-block-group has-global-padding is-layout-constrained wp-block-group-is-layout-constrained\" style=\"padding-bottom:4px\">\n<figure class=\"wp-block-image size-full\"><img loading=\"lazy\" decoding=\"async\" width=\"940\" height=\"529\" src=\"https:\/\/www.falckab.se\/wp-content\/uploads\/2025\/11\/vor-autodiebstahl-schuetzen.webp\" alt=\"\" class=\"wp-image-641\" style=\"aspect-ratio:3\/2;object-fit:cover\" srcset=\"https:\/\/www.falckab.se\/wp-content\/uploads\/2025\/11\/vor-autodiebstahl-schuetzen.webp 940w, https:\/\/www.falckab.se\/wp-content\/uploads\/2025\/11\/vor-autodiebstahl-schuetzen-300x169.webp 300w, https:\/\/www.falckab.se\/wp-content\/uploads\/2025\/11\/vor-autodiebstahl-schuetzen-768x432.webp 768w, https:\/\/www.falckab.se\/wp-content\/uploads\/2025\/11\/vor-autodiebstahl-schuetzen-18x10.webp 18w, https:\/\/www.falckab.se\/wp-content\/uploads\/2025\/11\/vor-autodiebstahl-schuetzen-600x338.webp 600w\" sizes=\"auto, (max-width: 940px) 100vw, 940px\" \/><\/figure>\n<\/div>\n\n\n\n<p>Bilst\u00f6lder \u00e4r en av de mest oroande verkligheter som bil\u00e4gare m\u00e5ste m\u00f6ta. Lyckligtvis finns det prisv\u00e4rda&#8230;<br><a href=\"https:\/\/www.falckab.se\/nn\/hur-du-skyddar-din-bil-mot-stold-kostnadseffektivt-den-ultimata-guiden-till-att-anvanda-gps-sparare\/\" title=\"\">L\u00e4s mer<\/a><\/p>\n<\/div>\n\n\n\n<div class=\"wp-block-column is-layout-flow wp-block-column-is-layout-flow\">\n<h4 class=\"wp-block-heading has-medium-font-size\" style=\"font-style:normal;font-weight:700\">Fem anledningar till varf\u00f6r du borde anv\u00e4nda en GPS-tracker till din cykel<\/h4>\n\n\n\n<div class=\"wp-block-group has-global-padding is-layout-constrained wp-block-group-is-layout-constrained\" style=\"padding-bottom:4px\">\n<figure class=\"wp-block-image size-full\"><img loading=\"lazy\" decoding=\"async\" width=\"940\" height=\"704\" src=\"https:\/\/www.falckab.se\/wp-content\/uploads\/2025\/11\/gps-tracker-fahrrad.webp\" alt=\"\" class=\"wp-image-644\" style=\"aspect-ratio:3\/2;object-fit:cover\" srcset=\"https:\/\/www.falckab.se\/wp-content\/uploads\/2025\/11\/gps-tracker-fahrrad.webp 940w, https:\/\/www.falckab.se\/wp-content\/uploads\/2025\/11\/gps-tracker-fahrrad-300x225.webp 300w, https:\/\/www.falckab.se\/wp-content\/uploads\/2025\/11\/gps-tracker-fahrrad-768x575.webp 768w, https:\/\/www.falckab.se\/wp-content\/uploads\/2025\/11\/gps-tracker-fahrrad-16x12.webp 16w, https:\/\/www.falckab.se\/wp-content\/uploads\/2025\/11\/gps-tracker-fahrrad-600x449.webp 600w\" sizes=\"auto, (max-width: 940px) 100vw, 940px\" \/><\/figure>\n<\/div>\n\n\n\n<p>Om du brinner f\u00f6r att utforska v\u00e4rlden p\u00e5 tv\u00e5 hjul, d\u00e5 borde du definitivt kolla in&#8230;<br><br><a href=\"https:\/\/www.falckab.se\/nn\/fem-anledningar-till-varfor-du-bor-skydda-din-bil-med-en-gps-tracker\/\" title=\"\">L\u00e4s mer<\/a><\/p>\n<\/div>\n\n\n\n<div class=\"wp-block-column is-layout-flow wp-block-column-is-layout-flow\">\n<h4 class=\"wp-block-heading has-medium-font-size\" style=\"font-style:normal;font-weight:700\">Vad \u00e4r skillnaden mellan LTE-M CAT1 och NB-IoT?<\/h4>\n\n\n\n<div class=\"wp-block-group has-global-padding is-layout-constrained wp-block-group-is-layout-constrained\" style=\"padding-bottom:4px\">\n<figure class=\"wp-block-image size-full\"><img loading=\"lazy\" decoding=\"async\" width=\"940\" height=\"422\" src=\"https:\/\/www.falckab.se\/wp-content\/uploads\/2025\/11\/blog-lte-m-1.jpg.pagespeed.ce_.5pZLgapOgS.webp\" alt=\"\" class=\"wp-image-649\" style=\"aspect-ratio:3\/2;object-fit:cover\" srcset=\"https:\/\/www.falckab.se\/wp-content\/uploads\/2025\/11\/blog-lte-m-1.jpg.pagespeed.ce_.5pZLgapOgS.webp 940w, https:\/\/www.falckab.se\/wp-content\/uploads\/2025\/11\/blog-lte-m-1.jpg.pagespeed.ce_.5pZLgapOgS-300x135.webp 300w, https:\/\/www.falckab.se\/wp-content\/uploads\/2025\/11\/blog-lte-m-1.jpg.pagespeed.ce_.5pZLgapOgS-768x345.webp 768w, https:\/\/www.falckab.se\/wp-content\/uploads\/2025\/11\/blog-lte-m-1.jpg.pagespeed.ce_.5pZLgapOgS-18x8.webp 18w, https:\/\/www.falckab.se\/wp-content\/uploads\/2025\/11\/blog-lte-m-1.jpg.pagespeed.ce_.5pZLgapOgS-600x269.webp 600w\" sizes=\"auto, (max-width: 940px) 100vw, 940px\" \/><\/figure>\n<\/div>\n\n\n\n<p>LTE-M Cat1 och NB-IoT \u00e4r tv\u00e5 tekniker som \u00e4r specifikt utformade f\u00f6r sakernas internet (IoT)&#8230;<br><br><a href=\"https:\/\/www.falckab.se\/nn\/vad-ar-skillnaden-mellan-lte-m-cat1-och-nb-iot\/\" title=\"\">L\u00e4s mer<\/a><\/p>\n<\/div>\n<\/div>\n\n\n\n<div style=\"height:calc( 0.25 * var(--wp--style--root--padding-right, var(--wp--custom--gap--horizontal)))\" aria-hidden=\"true\" class=\"wp-block-spacer\"><\/div>\n<\/div>\n\n\n\n<div class=\"wp-block-group alignfull has-global-padding is-content-justification-center is-layout-constrained wp-container-core-group-is-layout-df757ecc wp-block-group-is-layout-constrained\" style=\"margin-top:0;margin-bottom:0;padding-top:calc( 0.5 * var(--wp--style--root--padding-right, var(--wp--custom--gap--horizontal)));padding-right:var(--wp--style--root--padding-right, var(--wp--custom--gap--horizontal));padding-bottom:calc( 0.5 * var(--wp--style--root--padding-right, var(--wp--custom--gap--horizontal)));padding-left:var(--wp--style--root--padding-left, var(--wp--custom--gap--horizontal))\">\n<div style=\"height:calc( 0.25 * var(--wp--style--root--padding-right, var(--wp--custom--gap--horizontal)))\" aria-hidden=\"true\" class=\"wp-block-spacer\"><\/div>\n\n\n\n<div class=\"wp-block-columns alignwide is-layout-flex wp-container-core-columns-is-layout-549b0c86 wp-block-columns-is-layout-flex\">\n<div class=\"wp-block-column is-layout-flow wp-block-column-is-layout-flow\">\n<h4 class=\"wp-block-heading has-medium-font-size\" style=\"font-style:normal;font-weight:700\">Effektiv fordons\u00f6vervakning: Varf\u00f6r en GPS-tracker i din bil \u00e4r oumb\u00e4rlig<\/h4>\n\n\n\n<div class=\"wp-block-group has-global-padding is-layout-constrained wp-block-group-is-layout-constrained\" style=\"padding-bottom:4px\">\n<figure class=\"wp-block-image size-full\"><img loading=\"lazy\" decoding=\"async\" width=\"940\" height=\"281\" src=\"https:\/\/www.falckab.se\/wp-content\/uploads\/2025\/11\/2-1.webp\" alt=\"\" class=\"wp-image-652\" style=\"aspect-ratio:3\/2;object-fit:cover\" srcset=\"https:\/\/www.falckab.se\/wp-content\/uploads\/2025\/11\/2-1.webp 940w, https:\/\/www.falckab.se\/wp-content\/uploads\/2025\/11\/2-1-300x90.webp 300w, https:\/\/www.falckab.se\/wp-content\/uploads\/2025\/11\/2-1-768x230.webp 768w, https:\/\/www.falckab.se\/wp-content\/uploads\/2025\/11\/2-1-18x5.webp 18w, https:\/\/www.falckab.se\/wp-content\/uploads\/2025\/11\/2-1-600x179.webp 600w\" sizes=\"auto, (max-width: 940px) 100vw, 940px\" \/><\/figure>\n<\/div>\n\n\n\n<p>Effektiv fordons\u00f6vervakning: Varf\u00f6r en GPS-tracker i din bil \u00e4r oumb\u00e4rlig. I dagens uppkopplade v\u00e4rld \u00e4r&#8230;<br><a href=\"https:\/\/www.falckab.se\/nn\/effektiv-fordonsovervakning-varfor-en-gps-tracker-i-din-bil-ar-oumbarlig\/\" title=\"\">L\u00e4s mer<\/a><\/p>\n<\/div>\n\n\n\n<div class=\"wp-block-column is-layout-flow wp-block-column-is-layout-flow\">\n<h4 class=\"wp-block-heading has-medium-font-size\" style=\"font-style:normal;font-weight:700\">Varf\u00f6r ska jag anv\u00e4nda en GPS-tracker?<br><\/h4>\n\n\n\n<div class=\"wp-block-group has-global-padding is-layout-constrained wp-block-group-is-layout-constrained\" style=\"padding-bottom:4px\">\n<figure class=\"wp-block-image size-full\"><img loading=\"lazy\" decoding=\"async\" width=\"940\" height=\"281\" src=\"https:\/\/www.falckab.se\/wp-content\/uploads\/2025\/11\/1-1.webp\" alt=\"\" class=\"wp-image-655\" style=\"aspect-ratio:3\/2;object-fit:cover\" srcset=\"https:\/\/www.falckab.se\/wp-content\/uploads\/2025\/11\/1-1.webp 940w, https:\/\/www.falckab.se\/wp-content\/uploads\/2025\/11\/1-1-300x90.webp 300w, https:\/\/www.falckab.se\/wp-content\/uploads\/2025\/11\/1-1-768x230.webp 768w, https:\/\/www.falckab.se\/wp-content\/uploads\/2025\/11\/1-1-18x5.webp 18w, https:\/\/www.falckab.se\/wp-content\/uploads\/2025\/11\/1-1-600x179.webp 600w\" sizes=\"auto, (max-width: 940px) 100vw, 940px\" \/><\/figure>\n<\/div>\n\n\n\n<p>Introduktion: I dagens snabba v\u00e4rld har GPS-sp\u00e5rare blivit oumb\u00e4rliga f\u00f6ljeslagare och ger oss s\u00e4kerhet,&#8230;<br><a href=\"https:\/\/www.falckab.se\/nn\/varfor-ska-jag-anvanda-en-gps-tracker\/\" title=\"\">L\u00e4s mer<\/a><\/p>\n<\/div>\n\n\n\n<div class=\"wp-block-column is-layout-flow wp-block-column-is-layout-flow\">\n<h4 class=\"wp-block-heading has-medium-font-size\" style=\"font-style:normal;font-weight:700\">GPS-sp\u00e5rare kontra Apple AirTag \u2013 Vilket \u00e4r det b\u00e4sta valet?<\/h4>\n\n\n\n<div class=\"wp-block-group has-global-padding is-layout-constrained wp-block-group-is-layout-constrained\" style=\"padding-bottom:4px\">\n<figure class=\"wp-block-image size-full\"><img loading=\"lazy\" decoding=\"async\" width=\"940\" height=\"940\" src=\"https:\/\/www.falckab.se\/wp-content\/uploads\/2025\/11\/KF-vs-GPS.webp\" alt=\"\" class=\"wp-image-658\" style=\"aspect-ratio:3\/2;object-fit:cover\" srcset=\"https:\/\/www.falckab.se\/wp-content\/uploads\/2025\/11\/KF-vs-GPS.webp 940w, https:\/\/www.falckab.se\/wp-content\/uploads\/2025\/11\/KF-vs-GPS-300x300.webp 300w, https:\/\/www.falckab.se\/wp-content\/uploads\/2025\/11\/KF-vs-GPS-150x150.webp 150w, https:\/\/www.falckab.se\/wp-content\/uploads\/2025\/11\/KF-vs-GPS-768x768.webp 768w, https:\/\/www.falckab.se\/wp-content\/uploads\/2025\/11\/KF-vs-GPS-12x12.webp 12w, https:\/\/www.falckab.se\/wp-content\/uploads\/2025\/11\/KF-vs-GPS-600x600.webp 600w, https:\/\/www.falckab.se\/wp-content\/uploads\/2025\/11\/KF-vs-GPS-100x100.webp 100w\" sizes=\"auto, (max-width: 940px) 100vw, 940px\" \/><\/figure>\n<\/div>\n\n\n\n<p>Har du n\u00e5gonsin tappat bort n\u00e5got och \u00f6nskat att du kunde hitta det igen snabbt och enkelt? Oavsett&#8230;<br><a href=\"https:\/\/www.falckab.se\/nn\/gps-sparare-kontra-apple-airtag-vilket-ar-det-basta-valet\/\" title=\"\">L\u00e4s mer<\/a><\/p>\n<\/div>\n<\/div>\n\n\n\n<div style=\"height:calc( 0.25 * var(--wp--style--root--padding-right, var(--wp--custom--gap--horizontal)))\" aria-hidden=\"true\" class=\"wp-block-spacer\"><\/div>\n<\/div>","protected":false},"excerpt":{"rendered":"<p>\u00c5tta saker du b\u00f6r veta innan du k\u00f6per en GPS-tracker I en alltmer sammankopplad v\u00e4rld spelar GPS-trackers en avg\u00f6rande roll f\u00f6r att garantera s\u00e4kerhet och kontroll&#8230;L\u00e4s mer Fem anledningar till varf\u00f6r du b\u00f6r skydda din bil med en GPS-tracker Ditt fordons s\u00e4kerhet \u00e4r viktigare \u00e4n n\u00e5gonsin nuf\u00f6rtiden. Bilst\u00f6lder och skadeg\u00f6relse \u00e4r tyv\u00e4rr vanliga&#8230;L\u00e4s mer Sl\u00e4pp [&hellip;]<\/p>\n","protected":false},"author":1,"featured_media":0,"parent":0,"menu_order":0,"comment_status":"closed","ping_status":"closed","template":"page-with-title","meta":{"footnotes":""},"class_list":["post-342","page","type-page","status-publish","hentry"],"aioseo_notices":[],"_links":{"self":[{"href":"https:\/\/www.falckab.se\/nn\/wp-json\/wp\/v2\/pages\/342","targetHints":{"allow":["GET"]}}],"collection":[{"href":"https:\/\/www.falckab.se\/nn\/wp-json\/wp\/v2\/pages"}],"about":[{"href":"https:\/\/www.falckab.se\/nn\/wp-json\/wp\/v2\/types\/page"}],"author":[{"embeddable":true,"href":"https:\/\/www.falckab.se\/nn\/wp-json\/wp\/v2\/users\/1"}],"replies":[{"embeddable":true,"href":"https:\/\/www.falckab.se\/nn\/wp-json\/wp\/v2\/comments?post=342"}],"version-history":[{"count":20,"href":"https:\/\/www.falckab.se\/nn\/wp-json\/wp\/v2\/pages\/342\/revisions"}],"predecessor-version":[{"id":675,"href":"https:\/\/www.falckab.se\/nn\/wp-json\/wp\/v2\/pages\/342\/revisions\/675"}],"wp:attachment":[{"href":"https:\/\/www.falckab.se\/nn\/wp-json\/wp\/v2\/media?parent=342"}],"curies":[{"name":"wp","href":"https:\/\/api.w.org\/{rel}","templated":true}]}}