{"id":237,"date":"2025-11-11T17:52:54","date_gmt":"2025-11-11T17:52:54","guid":{"rendered":"https:\/\/www.falckab.se\/?page_id=237"},"modified":"2025-11-12T20:41:24","modified_gmt":"2025-11-12T20:41:24","slug":"byta-batteri","status":"publish","type":"page","link":"https:\/\/www.falckab.se\/nn\/byta-batteri\/","title":{"rendered":"Byta Batteri"},"content":{"rendered":"<div class=\"wp-block-group alignfull has-background-background-color has-background has-global-padding is-layout-constrained wp-container-core-group-is-layout-7276a2bb wp-block-group-is-layout-constrained\" style=\"margin-top:0;margin-bottom:0;padding-top:var(--wp--preset--spacing--60);padding-right:var(--wp--preset--spacing--30);padding-bottom:var(--wp--preset--spacing--60);padding-left:var(--wp--preset--spacing--30)\">\n<div class=\"wp-block-group alignwide has-global-padding is-content-justification-center is-layout-constrained wp-block-group-is-layout-constrained\">\n<h2 class=\"wp-block-heading has-text-align-center has-large-font-size\">F\u00f6rl\u00e4ng livsl\u00e4ngden p\u00e5 din GPS-tracker med ett nytt batteri. <\/h2>\n\n\n\n<p class=\"has-text-align-center\" style=\"margin-top:16px\"><\/p>\n<\/div>\n\n\n\n<div class=\"wp-block-columns alignwide is-layout-flex wp-container-core-columns-is-layout-d0bbbce0 wp-block-columns-is-layout-flex\">\n<div class=\"wp-block-column is-layout-flow wp-block-column-is-layout-flow\">\n<div class=\"wp-block-group is-nowrap is-layout-flex wp-container-core-group-is-layout-58dc1852 wp-block-group-is-layout-flex\">\n<div class=\"wp-block-group wp-container-content-fd3097a4 has-global-padding is-layout-constrained wp-block-group-is-layout-constrained\">\n<figure class=\"wp-block-image size-large wp-duotone-primary-and-secondary\"><img decoding=\"async\" src=\"data:image\/svg+xml;base64,PHN2ZyB4bWxucz0iaHR0cDovL3d3dy53My5vcmcvMjAwMC9zdmciIHdpZHRoPSI0OCIgaGVpZ2h0PSI0OCIgZmlsbD0ibm9uZSIgdmlld0JveD0iMCAwIDQ4IDQ4Ij48bWFzayBpZD0iYSIgd2lkdGg9IjQ4IiBoZWlnaHQ9IjQ4IiB4PSIwIiB5PSIwIiBtYXNrVW5pdHM9InVzZXJTcGFjZU9uVXNlIiBzdHlsZT0ibWFzay10eXBlOmFscGhhIj48cGF0aCBmaWxsPSIjRDlEOUQ5IiBkPSJNMCAwaDQ4djQ4SDB6Ii8+PC9tYXNrPjxnIG1hc2s9InVybCgjYSkiPjxwYXRoIGZpbGw9IiM1RjYzNjgiIGQ9Ik0zMiAzOGMtMS4yIDAtMi4zNTgtLjE0Mi0zLjQ3NS0uNDI1QTEzLjExNSAxMy4xMTUgMCAwIDEgMjUuNCAzNi4zNWMxLjkzMy0xLjUgMy40MzMtMy4zMjUgNC41LTUuNDc1QTE1LjI2MiAxNS4yNjIgMCAwIDAgMzEuNSAyNGExNS4yNiAxNS4yNiAwIDAgMC0xLjYtNi44NzVjLTEuMDY3LTIuMTUtMi41NjctMy45NzUtNC41LTUuNDc1YTEzLjExNSAxMy4xMTUgMCAwIDEgMy4xMjUtMS4yMjVBMTQuMDc3IDE0LjA3NyAwIDAgMSAzMiAxMGMzLjkgMCA3LjIwOCAxLjM1OCA5LjkyNSA0LjA3NUM0NC42NDIgMTYuNzkyIDQ2IDIwLjEgNDYgMjRjMCAzLjktMS4zNTggNy4yMDgtNC4wNzUgOS45MjVDMzkuMjA4IDM2LjY0MiAzNS45IDM4IDMyIDM4Wm0tMTYgMGMtMy45IDAtNy4yMDgtMS4zNTgtOS45MjUtNC4wNzVDMy4zNTggMzEuMjA4IDIgMjcuOSAyIDI0YzAtMy45IDEuMzU4LTcuMjA4IDQuMDc1LTkuOTI1QzguNzkyIDExLjM1OCAxMi4xIDEwIDE2IDEwYzEuMiAwIDIuMzU4LjE0MiAzLjQ3NS40MjUgMS4xMTcuMjgzIDIuMTU4LjY5MiAzLjEyNSAxLjIyNS0uNDMzLjMzMy0uODMzLjY4My0xLjIgMS4wNXMtLjczMy43NS0xLjEgMS4xNWExMi40MzEgMTIuNDMxIDAgMCAwLTIuMDc1LS42MjVBMTAuODM0IDEwLjgzNCAwIDAgMCAxNiAxM2MtMy4wMzMgMC01LjYyNSAxLjA2Ny03Ljc3NSAzLjJDNi4wNzUgMTguMzMzIDUgMjAuOTMzIDUgMjRjMCAzLjAzMyAxLjA3NSA1LjYyNSAzLjIyNSA3Ljc3NUMxMC4zNzUgMzMuOTI1IDEyLjk2NyAzNSAxNiAzNWMuNzY3IDAgMS41MDgtLjA3NSAyLjIyNS0uMjI1LjcxNy0uMTUgMS40MDgtLjM1OCAyLjA3NS0uNjI1LjM2Ny40LjczMy43ODMgMS4xIDEuMTUuMzY3LjM2Ny43NjcuNzE3IDEuMiAxLjA1LS45NjcuNTMzLTIuMDA4Ljk0Mi0zLjEyNSAxLjIyNUExNC4wNzcgMTQuMDc3IDAgMCAxIDE2IDM4Wm04LTIuNWExMy40NDkgMTMuNDQ5IDAgMCAxLTQuNDI1LTVBMTMuOTY3IDEzLjk2NyAwIDAgMSAxOCAyNGMwLTIuMy41MjUtNC40NjcgMS41NzUtNi41YTEzLjQ0OSAxMy40NDkgMCAwIDEgNC40MjUtNWMxLjkgMS4zIDMuMzc1IDIuOTY3IDQuNDI1IDVBMTMuOTY3IDEzLjk2NyAwIDAgMSAzMCAyNGMwIDIuMy0uNTI1IDQuNDY3LTEuNTc1IDYuNWExMy40NDkgMTMuNDQ5IDAgMCAxLTQuNDI1IDVaIi8+PC9nPjwvc3ZnPg==\" alt=\"\"\/><\/figure>\n<\/div>\n\n\n\n<div class=\"wp-block-group has-global-padding is-layout-constrained wp-block-group-is-layout-constrained\" style=\"border-radius:4px\">\n<h3 class=\"wp-block-heading\" style=\"font-size:clamp(0.875rem, 0.875rem + ((1vw - 0.2rem) * 0.625), 1.25rem);\">&#8211; M\u00e5ste jag kassera min GPS-tracker n\u00e4r batteriet inte fungerar l\u00e4ngre?<br><br>&#8211; Nej, om batterierna tar slut erbjuder vi EverFind Refresh Service.<\/h3>\n\n\n\n<p class=\"has-small-font-size\" style=\"margin-top:8px\">Vi byter batteri i din tracker n\u00e4r det \u00e4r f\u00f6rbrukat. Bra f\u00f6r b\u00e5de ekonomin och milj\u00f6n. <br><br>Du skickar tillbaka din GPS-tracker  till oss, betalar en eng\u00e5ngsavgift, s\u00e5 ser vi till att batteriet och SIM-kortet i din EverFind GPS-sp\u00e5rare fungerar i ytterligare 6 \u00e5r.<\/p>\n\n\n\n<p class=\"has-small-font-size\" style=\"margin-top:8px\">Detta paket kostar f\u00f6r n\u00e4rvarande 560 SEK \/\/ 49,95 \u20ac, men du kan alltid hitta det aktuella priset p\u00e5 v\u00e5r webbplats eller genom att kontakta oss p\u00e5 support@trackilive.se.<\/p>\n<\/div>\n<\/div>\n\n\n\n<div class=\"wp-block-group is-nowrap is-layout-flex wp-container-core-group-is-layout-58dc1852 wp-block-group-is-layout-flex\">\n<div class=\"wp-block-group wp-container-content-fd3097a4 has-global-padding is-layout-constrained wp-block-group-is-layout-constrained\">\n<figure class=\"wp-block-image size-large wp-duotone-primary-and-secondary\"><img decoding=\"async\" src=\"data:image\/svg+xml;base64,PHN2ZyB4bWxucz0iaHR0cDovL3d3dy53My5vcmcvMjAwMC9zdmciIHdpZHRoPSI0OCIgaGVpZ2h0PSI0OCIgZmlsbD0ibm9uZSIgdmlld0JveD0iMCAwIDQ4IDQ4Ij48bWFzayBpZD0iYSIgd2lkdGg9IjQ4IiBoZWlnaHQ9IjQ4IiB4PSIwIiB5PSIwIiBtYXNrVW5pdHM9InVzZXJTcGFjZU9uVXNlIiBzdHlsZT0ibWFzay10eXBlOmFscGhhIj48cGF0aCBmaWxsPSIjRDlEOUQ5IiBkPSJNMCAwaDQ4djQ4SDB6Ii8+PC9tYXNrPjxnIG1hc2s9InVybCgjYSkiPjxwYXRoIGZpbGw9IiM1RjYzNjgiIGQ9Ik0xOS44NSAyMS44Yy41NTMgMCAxLjAxNi0uMTg3IDEuMzktLjU2LjM3My0uMzc0LjU2LS44MzcuNTYtMS4zOSAwLS41NTMtLjE4Ny0xLjAxNi0uNTYtMS4zOS0uMzc0LS4zNzMtLjgzNy0uNTYtMS4zOS0uNTYtLjU1MyAwLTEuMDE2LjE4Ny0xLjM5LjU2LS4zNzMuMzc0LS41Ni44MzctLjU2IDEuMzkgMCAuNTUzLjE4NyAxLjAxNi41NiAxLjM5LjM3NC4zNzMuODM3LjU2IDEuMzkuNTZabTAgOC4zNWMuNTUzIDAgMS4wMTYtLjE4NyAxLjM5LS41Ni4zNzMtLjM3NC41Ni0uODM3LjU2LTEuMzkgMC0uNTUzLS4xODctMS4wMTYtLjU2LTEuMzktLjM3NC0uMzczLS44MzctLjU2LTEuMzktLjU2LS41NTMgMC0xLjAxNi4xODctMS4zOS41Ni0uMzczLjM3NC0uNTYuODM3LS41NiAxLjM5IDAgLjU1My4xODcgMS4wMTYuNTYgMS4zOS4zNzQuMzczLjgzNy41NiAxLjM5LjU2Wm0tNi40NS05LjFjLjMyIDAgLjYtLjEyLjg0LS4zNnMuMzYtLjUyLjM2LS44NGMwLS4zMi0uMTItLjYtLjM2LS44NHMtLjUyLS4zNi0uODQtLjM2Yy0uMzIgMC0uNi4xMi0uODQuMzZzLS4zNi41Mi0uMzYuODRjMCAuMzIuMTIuNi4zNi44NHMuNTIuMzYuODQuMzZabTYuNDI4IDE0LjhjLjMxNSAwIC41OTctLjEyLjg0Ny0uMzZzLjM3NS0uNTIuMzc1LS44NGMwLS4zMi0uMTIyLS42LS4zNjQtLjg0YTEuMTcxIDEuMTcxIDAgMCAwLS44NS0uMzZjLS4zMjQgMC0uNjAzLjEyLS44MzYuMzYtLjIzMy4yNC0uMzUuNTItLjM1Ljg0IDAgLjMyLjExOC42LjM1NC44NC4yMzUuMjQuNTEuMzYuODI0LjM2Wk0xMy40IDI5LjRjLjMyIDAgLjYtLjEyLjg0LS4zNnMuMzYtLjUyLjM2LS44NGMwLS4zMi0uMTItLjYtLjM2LS44NHMtLjUyLS4zNi0uODQtLjM2Yy0uMzIgMC0uNi4xMi0uODQuMzZzLS4zNi41Mi0uMzYuODRjMCAuMzIuMTIuNi4zNi44NHMuNTIuMzYuODQuMzZabTYuNDUtMTQuOGMuMzIgMCAuNi0uMTIuODQtLjM2cy4zNi0uNTIuMzYtLjg0YzAtLjMyLS4xMi0uNi0uMzYtLjg0cy0uNTItLjM2LS44NC0uMzZjLS4zMiAwLS42LjEyLS44NC4zNnMtLjM2LjUyLS4zNi44NGMwIC4zMi4xMi42LjM2Ljg0cy41Mi4zNi44NC4zNlptOC4zNSA3LjJjLjU1MyAwIDEuMDE2LS4xODcgMS4zOS0uNTYuMzczLS4zNzQuNTYtLjgzNy41Ni0xLjM5IDAtLjU1My0uMTg3LTEuMDE2LS41Ni0xLjM5LS4zNzQtLjM3My0uODM3LS41Ni0xLjM5LS41Ni0uNTUzIDAtMS4wMTYuMTg3LTEuMzkuNTYtLjM3My4zNzQtLjU2LjgzNy0uNTYgMS4zOSAwIC41NTMuMTg3IDEuMDE2LjU2IDEuMzkuMzc0LjM3My44MzcuNTYgMS4zOS41NlptMC03LjJjLjMyIDAgLjYtLjEyLjg0LS4zNnMuMzYtLjUyLjM2LS44NGMwLS4zMi0uMTItLjYtLjM2LS44NHMtLjUyLS4zNi0uODQtLjM2Yy0uMzIgMC0uNi4xMi0uODQuMzZzLS4zNi41Mi0uMzYuODRjMCAuMzIuMTIuNi4zNi44NHMuNTIuMzYuODQuMzZabTYuNDUgMTQuOGMuMzIgMCAuNi0uMTIuODQtLjM2cy4zNi0uNTIuMzYtLjg0YzAtLjMyLS4xMi0uNi0uMzYtLjg0cy0uNTItLjM2LS44NC0uMzZjLS4zMiAwLS42LjEyLS44NC4zNnMtLjM2LjUyLS4zNi44NGMwIC4zMi4xMi42LjM2Ljg0cy41Mi4zNi44NC4zNlptMC04LjM1Yy4zMiAwIC42LS4xMi44NC0uMzZzLjM2LS41Mi4zNi0uODRjMC0uMzItLjEyLS42LS4zNi0uODRzLS41Mi0uMzYtLjg0LS4zNmMtLjMyIDAtLjYuMTItLjg0LjM2cy0uMzYuNTItLjM2Ljg0YzAgLjMyLjEyLjYuMzYuODRzLjUyLjM2Ljg0LjM2Wk0yNCA0NGMtMi43NjcgMC01LjM2Ny0uNTI1LTcuOC0xLjU3NS0yLjQzMy0xLjA1LTQuNTUtMi40NzUtNi4zNS00LjI3NS0xLjgtMS44LTMuMjI1LTMuOTE3LTQuMjc1LTYuMzVDNC41MjUgMjkuMzY3IDQgMjYuNzY3IDQgMjRjMC0yLjc2Ny41MjUtNS4zNjcgMS41NzUtNy44IDEuMDUtMi40MzMgMi40NzUtNC41NSA0LjI3NS02LjM1IDEuOC0xLjggMy45MTctMy4yMjUgNi4zNS00LjI3NUMxOC42MzMgNC41MjUgMjEuMjMzIDQgMjQgNGMyLjc2NyAwIDUuMzY3LjUyNSA3LjggMS41NzUgMi40MzMgMS4wNSA0LjU1IDIuNDc1IDYuMzUgNC4yNzUgMS44IDEuOCAzLjIyNSAzLjkxNyA0LjI3NSA2LjM1QzQzLjQ3NSAxOC42MzMgNDQgMjEuMjMzIDQ0IDI0YzAgMi43NjctLjUyNSA1LjM2Ny0xLjU3NSA3LjgtMS4wNSAyLjQzMy0yLjQ3NSA0LjU1LTQuMjc1IDYuMzUtMS44IDEuOC0zLjkxNyAzLjIyNS02LjM1IDQuMjc1QzI5LjM2NyA0My40NzUgMjYuNzY3IDQ0IDI0IDQ0Wm0uMDI1LTNjNC42ODMgMCA4LjY4My0xLjY1OCAxMi00Ljk3NUMzOS4zNDIgMzIuNzA4IDQxIDI4LjcgNDEgMjRzLTEuNjU4LTguNzA4LTQuOTc1LTEyLjAyNUMzMi43MDggOC42NTggMjguNzA4IDcgMjQuMDI1IDdTMTUuMzMzIDguNjU4IDEyIDExLjk3NUM4LjY2NyAxNS4yOTIgNyAxOS4zIDcgMjRzMS42NjcgOC43MDggNSAxMi4wMjVTMTkuMzQyIDQxIDI0LjAyNSA0MVptNC4xNzUtNS4xNWMuMzIgMCAuNi0uMTIuODQtLjM2cy4zNi0uNTIuMzYtLjg0YzAtLjMyLS4xMi0uNi0uMzYtLjg0cy0uNTItLjM2LS44NC0uMzZjLS4zMiAwLS42LjEyLS44NC4zNnMtLjM2LjUyLS4zNi44NGMwIC4zMi4xMi42LjM2Ljg0cy41Mi4zNi44NC4zNlptMC01LjdjLjU1MyAwIDEuMDE2LS4xODcgMS4zOS0uNTYuMzczLS4zNzQuNTYtLjgzNy41Ni0xLjM5IDAtLjU1My0uMTg3LTEuMDE2LS41Ni0xLjM5LS4zNzQtLjM3My0uODM3LS41Ni0xLjM5LS41Ni0uNTUzIDAtMS4wMTYuMTg3LTEuMzkuNTYtLjM3My4zNzQtLjU2LjgzNy0uNTYgMS4zOSAwIC41NTMuMTg3IDEuMDE2LjU2IDEuMzkuMzc0LjM3My44MzcuNTYgMS4zOS41NloiLz48L2c+PC9zdmc+\" alt=\"\"\/><\/figure>\n<\/div>\n\n\n\n<div class=\"wp-block-group has-global-padding is-layout-constrained wp-block-group-is-layout-constrained\" style=\"border-radius:4px\">\n<h3 class=\"wp-block-heading\" style=\"font-size:clamp(0.875rem, 0.875rem + ((1vw - 0.2rem) * 0.625), 1.25rem);\">Smidig montering och retur<\/h3>\n\n\n\n<p class=\"has-small-font-size\" style=\"margin-top:8px\">Tj\u00e4nsten inkluderar fri returfrakt f\u00f6r en bekv\u00e4m och problemfri process.<\/p>\n<\/div>\n<\/div>\n<\/div>\n\n\n\n<div class=\"wp-block-column is-layout-flow wp-block-column-is-layout-flow\">\n<div class=\"wp-block-cover is-light\" style=\"min-height:100%;aspect-ratio:unset;\"><img loading=\"lazy\" decoding=\"async\" width=\"758\" height=\"514\" class=\"wp-block-cover__image-background wp-image-307 size-full\" alt=\"\" src=\"https:\/\/www.falckab.se\/wp-content\/uploads\/2025\/11\/Skarmavbild-2025-11-12-kl.-20.45.08.png\" data-object-fit=\"cover\" srcset=\"https:\/\/www.falckab.se\/wp-content\/uploads\/2025\/11\/Skarmavbild-2025-11-12-kl.-20.45.08.png 758w, https:\/\/www.falckab.se\/wp-content\/uploads\/2025\/11\/Skarmavbild-2025-11-12-kl.-20.45.08-300x203.png 300w, https:\/\/www.falckab.se\/wp-content\/uploads\/2025\/11\/Skarmavbild-2025-11-12-kl.-20.45.08-18x12.png 18w, https:\/\/www.falckab.se\/wp-content\/uploads\/2025\/11\/Skarmavbild-2025-11-12-kl.-20.45.08-600x407.png 600w\" sizes=\"auto, (max-width: 758px) 100vw, 758px\" \/><span aria-hidden=\"true\" class=\"wp-block-cover__background has-background-dim-0 has-background-dim\" style=\"background-color:#d1e4d7\"><\/span><div class=\"wp-block-cover__inner-container is-layout-flow wp-block-cover-is-layout-flow\">\n<div style=\"height:320px\" aria-hidden=\"true\" class=\"wp-block-spacer\"><\/div>\n<\/div><\/div>\n<\/div>\n<\/div>\n<\/div>\n\n\n\n<div class=\"wp-block-group alignfull has-tertiary-background-color has-background has-global-padding is-layout-constrained wp-container-core-group-is-layout-7276a2bb wp-block-group-is-layout-constrained\" style=\"margin-top:0;margin-bottom:0;padding-top:var(--wp--preset--spacing--60);padding-right:var(--wp--preset--spacing--30);padding-bottom:var(--wp--preset--spacing--60);padding-left:var(--wp--preset--spacing--30)\">\n<div class=\"wp-block-group alignwide has-global-padding is-content-justification-center is-layout-constrained wp-block-group-is-layout-constrained\">\n<h2 class=\"wp-block-heading has-text-align-center has-large-font-size\">S\u00e5 h\u00e4r fungerar v\u00e5r batteribytestj\u00e4nst<\/h2>\n\n\n\n<p class=\"has-text-align-center\" style=\"margin-top:16px\">Uppt\u00e4ck v\u00e5r enkla steg-f\u00f6r-steg-guide f\u00f6r att byta batteri p\u00e5 dina Gemstone- och Cobblestone GPS-trackers och f\u00f6rl\u00e4nga deras livsl\u00e4ngd.<\/p>\n<\/div>\n\n\n\n<div class=\"wp-block-columns alignwide is-layout-flex wp-container-core-columns-is-layout-d0846407 wp-block-columns-is-layout-flex\">\n<div class=\"wp-block-column is-layout-flow wp-block-column-is-layout-flow\">\n<div class=\"wp-block-group has-global-padding is-layout-constrained wp-container-core-group-is-layout-03abb0ef wp-block-group-is-layout-constrained\">\n<div class=\"wp-block-group has-background-color has-foreground-background-color has-text-color has-background has-link-color wp-elements-405cc3bf832f30c149604178c62844cf is-vertical is-content-justification-center is-layout-flex wp-container-core-group-is-layout-5da48540 wp-block-group-is-layout-flex\" style=\"border-radius:20rem;min-height:96px;padding-top:var(--wp--preset--spacing--20);padding-right:var(--wp--preset--spacing--20);padding-bottom:var(--wp--preset--spacing--20);padding-left:var(--wp--preset--spacing--20)\">\n<p style=\"font-size:clamp(1.188rem, 1.188rem + ((1vw - 0.2rem) * 1.153), 1.88rem);font-style:normal;font-weight:500\">1<\/p>\n<\/div>\n<\/div>\n\n\n\n<h3 class=\"wp-block-heading has-text-align-center\" style=\"margin-top:24px;font-size:clamp(14px, 0.875rem + ((1vw - 3.2px) * 0.625), 20px);line-height:1.5\">Steg 1: Skicka in din enhet<\/h3>\n\n\n\n<p class=\"has-text-align-center has-small-font-size\" style=\"margin-top:8px\">Packa din GPS-tracker och skicka den till oss med fri returfrakt f\u00f6r att p\u00e5b\u00f6rja batteribytet.<\/p>\n<\/div>\n\n\n\n<div class=\"wp-block-column is-layout-flow wp-block-column-is-layout-flow\">\n<div class=\"wp-block-group has-global-padding is-layout-constrained wp-container-core-group-is-layout-03abb0ef wp-block-group-is-layout-constrained\">\n<div class=\"wp-block-group has-background-color has-foreground-background-color has-text-color has-background has-link-color wp-elements-b3ac100d08cb6b2f78b3a45bf79429d7 is-vertical is-content-justification-center is-layout-flex wp-container-core-group-is-layout-5da48540 wp-block-group-is-layout-flex\" style=\"border-radius:20rem;min-height:96px;padding-top:var(--wp--preset--spacing--20);padding-right:var(--wp--preset--spacing--20);padding-bottom:var(--wp--preset--spacing--20);padding-left:var(--wp--preset--spacing--20)\">\n<p style=\"font-size:clamp(1.188rem, 1.188rem + ((1vw - 0.2rem) * 1.153), 1.88rem);font-style:normal;font-weight:500\">2<\/p>\n<\/div>\n<\/div>\n\n\n\n<h3 class=\"wp-block-heading has-text-align-center\" style=\"margin-top:24px;font-size:clamp(14px, 0.875rem + ((1vw - 3.2px) * 0.625), 20px);line-height:1.5\">Steg 2: Batteribyte och uppdatering<\/h3>\n\n\n\n<p class=\"has-text-align-center has-small-font-size\" style=\"margin-top:8px\">Vi byter batteriet, uppdaterar firmware och ser till att din enhet \u00e4r i perfekt skick innan den skickas tillbaka till dig.<\/p>\n<\/div>\n\n\n\n<div class=\"wp-block-column is-layout-flow wp-block-column-is-layout-flow\">\n<div class=\"wp-block-group has-global-padding is-layout-constrained wp-container-core-group-is-layout-03abb0ef wp-block-group-is-layout-constrained\">\n<div class=\"wp-block-group has-border-color has-tertiary-border-color has-background-color has-foreground-background-color has-text-color has-background has-link-color wp-elements-7f2641ce2fcfce73982d67a6b941939c is-vertical is-content-justification-center is-layout-flex wp-container-core-group-is-layout-5da48540 wp-block-group-is-layout-flex\" style=\"border-width:1px;border-radius:20rem;min-height:96px;padding-top:var(--wp--preset--spacing--20);padding-right:var(--wp--preset--spacing--20);padding-bottom:var(--wp--preset--spacing--20);padding-left:var(--wp--preset--spacing--20)\">\n<p style=\"font-size:clamp(1.188rem, 1.188rem + ((1vw - 0.2rem) * 1.153), 1.88rem);font-style:normal;font-weight:500\">3<\/p>\n<\/div>\n<\/div>\n\n\n\n<h3 class=\"wp-block-heading has-text-align-center\" style=\"margin-top:24px;font-size:clamp(14px, 0.875rem + ((1vw - 3.2px) * 0.625), 20px);line-height:1.5\">Steg 3: \u00c5terf\u00e5 din uppdaterade enhet<\/h3>\n\n\n\n<p class=\"has-text-align-center has-small-font-size\" style=\"margin-top:8px\">N\u00e4r vi har slutf\u00f6rt servicen f\u00e5r du tillbaka din GPS-tracker redo att anv\u00e4ndas med f\u00f6rl\u00e4ngd batteritid och f\u00f6rb\u00e4ttrad prestanda.<\/p>\n<\/div>\n<\/div>\n\n\n\n<div class=\"wp-block-buttons is-content-justification-center is-layout-flex wp-container-core-buttons-is-layout-a89b3969 wp-block-buttons-is-layout-flex\">\n<div class=\"wp-block-button\"><a class=\"wp-block-button__link wp-element-button\" href=\"https:\/\/www.falckab.se\/nn\/product-2\/batteribyte-falckab-trackilive-everfind\/\">Best\u00e4ll och betala i v\u00e5r webshop<\/a><\/div>\n<\/div>\n<\/div>","protected":false},"excerpt":{"rendered":"<p>F\u00f6rl\u00e4ng livsl\u00e4ngden p\u00e5 din GPS-tracker med ett nytt batteri. &#8211; M\u00e5ste jag kassera min GPS-tracker n\u00e4r batteriet inte fungerar l\u00e4ngre? &#8211; Nej, om batterierna tar slut erbjuder vi EverFind Refresh Service. Vi byter batteri i din tracker n\u00e4r det \u00e4r f\u00f6rbrukat. Bra f\u00f6r b\u00e5de ekonomin och milj\u00f6n. Du skickar tillbaka din GPS-tracker till oss, betalar [&hellip;]<\/p>\n","protected":false},"author":1,"featured_media":0,"parent":0,"menu_order":0,"comment_status":"closed","ping_status":"closed","template":"page-with-title","meta":{"footnotes":""},"class_list":["post-237","page","type-page","status-publish","hentry"],"aioseo_notices":[],"_links":{"self":[{"href":"https:\/\/www.falckab.se\/nn\/wp-json\/wp\/v2\/pages\/237","targetHints":{"allow":["GET"]}}],"collection":[{"href":"https:\/\/www.falckab.se\/nn\/wp-json\/wp\/v2\/pages"}],"about":[{"href":"https:\/\/www.falckab.se\/nn\/wp-json\/wp\/v2\/types\/page"}],"author":[{"embeddable":true,"href":"https:\/\/www.falckab.se\/nn\/wp-json\/wp\/v2\/users\/1"}],"replies":[{"embeddable":true,"href":"https:\/\/www.falckab.se\/nn\/wp-json\/wp\/v2\/comments?post=237"}],"version-history":[{"count":6,"href":"https:\/\/www.falckab.se\/nn\/wp-json\/wp\/v2\/pages\/237\/revisions"}],"predecessor-version":[{"id":316,"href":"https:\/\/www.falckab.se\/nn\/wp-json\/wp\/v2\/pages\/237\/revisions\/316"}],"wp:attachment":[{"href":"https:\/\/www.falckab.se\/nn\/wp-json\/wp\/v2\/media?parent=237"}],"curies":[{"name":"wp","href":"https:\/\/api.w.org\/{rel}","templated":true}]}}