{"id":694,"date":"2025-11-24T17:18:25","date_gmt":"2025-11-24T17:18:25","guid":{"rendered":"https:\/\/www.falckab.se\/?page_id=694"},"modified":"2025-12-26T11:43:38","modified_gmt":"2025-12-26T11:43:38","slug":"lar-kanna-var-app","status":"publish","type":"page","link":"https:\/\/www.falckab.se\/fi\/lar-kanna-var-app\/","title":{"rendered":"L\u00e4r k\u00e4nna v\u00e5r APP"},"content":{"rendered":"<h2 class=\"wp-block-heading has-text-align-center\">detta \u00e4r v\u00e5r app f\u00f6r mobil och l\u00e4splattor<\/h2>\n\n\n\n<p class=\"has-text-align-center has-small-font-size\">H\u00e4r hittar du en enkel \u00f6versikt \u00f6ver de funktioner som anv\u00e4nds ofta och vad de \u00e4r avsedda f\u00f6r.<\/p>\n\n\n\n<figure class=\"wp-block-gallery has-nested-images columns-default is-cropped wp-block-gallery-1 is-layout-flex wp-block-gallery-is-layout-flex\">\n<figure class=\"wp-block-image size-large\"><a href=\"https:\/\/apps.apple.com\/app\/id1553037840\" target=\"_blank\" rel=\" noreferrer noopener\"><img loading=\"lazy\" decoding=\"async\" width=\"360\" height=\"121\" data-id=\"695\" src=\"https:\/\/www.falckab.se\/wp-content\/uploads\/2025\/11\/app-store-en-1.avif\" alt=\"\" class=\"wp-image-695\" srcset=\"https:\/\/www.falckab.se\/wp-content\/uploads\/2025\/11\/app-store-en-1.avif 360w, https:\/\/www.falckab.se\/wp-content\/uploads\/2025\/11\/app-store-en-1-300x101.avif 300w, https:\/\/www.falckab.se\/wp-content\/uploads\/2025\/11\/app-store-en-1-18x6.avif 18w\" sizes=\"auto, (max-width: 360px) 100vw, 360px\" \/><\/a><\/figure>\n\n\n\n<figure class=\"wp-block-image size-large\"><a href=\"https:\/\/play.google.com\/store\/apps\/details?id=com.trackilive.app\" target=\"_blank\" rel=\" noreferrer noopener\"><img loading=\"lazy\" decoding=\"async\" width=\"360\" height=\"121\" data-id=\"697\" src=\"https:\/\/www.falckab.se\/wp-content\/uploads\/2025\/11\/googleplay-en-1.avif\" alt=\"\" class=\"wp-image-697\" srcset=\"https:\/\/www.falckab.se\/wp-content\/uploads\/2025\/11\/googleplay-en-1.avif 360w, https:\/\/www.falckab.se\/wp-content\/uploads\/2025\/11\/googleplay-en-1-300x101.avif 300w, https:\/\/www.falckab.se\/wp-content\/uploads\/2025\/11\/googleplay-en-1-18x6.avif 18w\" sizes=\"auto, (max-width: 360px) 100vw, 360px\" \/><\/a><\/figure>\n<\/figure>\n\n\n\n<div class=\"wp-block-group alignfull has-global-padding is-content-justification-center is-layout-constrained wp-container-core-group-is-layout-df757ecc wp-block-group-is-layout-constrained\" style=\"margin-top:0;margin-bottom:0;padding-top:calc( 0.5 * var(--wp--style--root--padding-right, var(--wp--custom--gap--horizontal)));padding-right:var(--wp--style--root--padding-right, var(--wp--custom--gap--horizontal));padding-bottom:calc( 0.5 * var(--wp--style--root--padding-right, var(--wp--custom--gap--horizontal)));padding-left:var(--wp--style--root--padding-left, var(--wp--custom--gap--horizontal))\">\n<div style=\"height:calc( 0.25 * var(--wp--style--root--padding-right, var(--wp--custom--gap--horizontal)))\" aria-hidden=\"true\" class=\"wp-block-spacer\"><\/div>\n\n\n\n<div class=\"wp-block-columns alignwide are-vertically-aligned-top is-layout-flex wp-container-core-columns-is-layout-28f84493 wp-block-columns-is-layout-flex\">\n<div class=\"wp-block-column is-vertically-aligned-top is-layout-flow wp-block-column-is-layout-flow\">\n<div class=\"wp-block-group is-nowrap is-layout-flex wp-container-core-group-is-layout-6c531013 wp-block-group-is-layout-flex\">\n<figure class=\"wp-block-image size-full is-style-default\"><img loading=\"lazy\" decoding=\"async\" width=\"720\" height=\"720\" src=\"https:\/\/www.falckab.se\/wp-content\/uploads\/2025\/11\/oversiktskarta.webp\" alt=\"\" class=\"wp-image-699\" srcset=\"https:\/\/www.falckab.se\/wp-content\/uploads\/2025\/11\/oversiktskarta.webp 720w, https:\/\/www.falckab.se\/wp-content\/uploads\/2025\/11\/oversiktskarta-300x300.webp 300w, https:\/\/www.falckab.se\/wp-content\/uploads\/2025\/11\/oversiktskarta-150x150.webp 150w, https:\/\/www.falckab.se\/wp-content\/uploads\/2025\/11\/oversiktskarta-12x12.webp 12w, https:\/\/www.falckab.se\/wp-content\/uploads\/2025\/11\/oversiktskarta-600x600.webp 600w, https:\/\/www.falckab.se\/wp-content\/uploads\/2025\/11\/oversiktskarta-100x100.webp 100w\" sizes=\"auto, (max-width: 720px) 100vw, 720px\" \/><\/figure>\n<\/div>\n<\/div>\n\n\n\n<div class=\"wp-block-column is-vertically-aligned-top is-layout-flow wp-block-column-is-layout-flow\">\n<p style=\"margin-top:0;margin-right:0;margin-bottom:0;margin-left:0;font-size:clamp(14px, 0.875rem + ((1vw - 3.2px) * 0.417), 18px);\"><strong>\u00d6versikt<\/strong><\/p>\n\n\n\n<h2 class=\"wp-block-heading\">\u00f6verblicka Alla enheter<\/h2>\n\n\n\n<p style=\"margin-top:0;margin-right:0;margin-bottom:0;margin-left:0;font-size:clamp(14px, 0.875rem + ((1vw - 3.2px) * 0.417), 18px);\">Flera enheter kan l\u00e4ggas till ett konto f\u00f6r optimal \u00f6versikt. <br>Appen kan ocks\u00e5 installeras p\u00e5 flera enheter f\u00f6r att ha en konstant \u00f6verblick.<\/p>\n<\/div>\n<\/div>\n\n\n\n<div style=\"height:calc( 0.25 * var(--wp--style--root--padding-right, var(--wp--custom--gap--horizontal)))\" aria-hidden=\"true\" class=\"wp-block-spacer\"><\/div>\n<\/div>\n\n\n\n<div class=\"wp-block-group alignfull has-global-padding is-content-justification-center is-layout-constrained wp-container-core-group-is-layout-df757ecc wp-block-group-is-layout-constrained\" style=\"margin-top:0;margin-bottom:0;padding-top:calc( 0.5 * var(--wp--style--root--padding-right, var(--wp--custom--gap--horizontal)));padding-right:var(--wp--style--root--padding-right, var(--wp--custom--gap--horizontal));padding-bottom:calc( 0.5 * var(--wp--style--root--padding-right, var(--wp--custom--gap--horizontal)));padding-left:var(--wp--style--root--padding-left, var(--wp--custom--gap--horizontal))\">\n<div style=\"height:calc( 0.25 * var(--wp--style--root--padding-right, var(--wp--custom--gap--horizontal)))\" aria-hidden=\"true\" class=\"wp-block-spacer\"><\/div>\n\n\n\n<div class=\"wp-block-columns alignwide is-layout-flex wp-container-core-columns-is-layout-28f84493 wp-block-columns-is-layout-flex\">\n<div class=\"wp-block-column is-vertically-aligned-center is-layout-flow wp-block-column-is-layout-flow\">\n<p style=\"margin-top:0;margin-right:0;margin-bottom:0;margin-left:0;font-size:clamp(14px, 0.875rem + ((1vw - 3.2px) * 0.417), 18px);\"><strong>Ruttinspelning<\/strong><\/p>\n\n\n\n<h3 class=\"wp-block-heading\" style=\"font-size:clamp(27.894px, 1.743rem + ((1vw - 3.2px) * 2.094), 48px);\">\u00c5teruppt\u00e4ck minnen med 365 dagars historia<\/h3>\n\n\n\n<p style=\"margin-top:0;margin-right:0;margin-bottom:0;margin-left:0;font-size:clamp(14px, 0.875rem + ((1vw - 3.2px) * 0.625), 20px);\">Den tidigare rutten kan visas igen via historik funktionen. F\u00f6r n\u00e4rvarande lagras inspelningen i 365 dagar och kan n\u00e5s n\u00e4r som helst.<\/p>\n<\/div>\n\n\n\n<div class=\"wp-block-column is-vertically-aligned-center is-layout-flow wp-block-column-is-layout-flow\">\n<figure class=\"wp-block-image size-full\"><img loading=\"lazy\" decoding=\"async\" width=\"720\" height=\"720\" src=\"https:\/\/www.falckab.se\/wp-content\/uploads\/2025\/11\/historik.webp\" alt=\"\" class=\"wp-image-698\" srcset=\"https:\/\/www.falckab.se\/wp-content\/uploads\/2025\/11\/historik.webp 720w, https:\/\/www.falckab.se\/wp-content\/uploads\/2025\/11\/historik-300x300.webp 300w, https:\/\/www.falckab.se\/wp-content\/uploads\/2025\/11\/historik-150x150.webp 150w, https:\/\/www.falckab.se\/wp-content\/uploads\/2025\/11\/historik-12x12.webp 12w, https:\/\/www.falckab.se\/wp-content\/uploads\/2025\/11\/historik-600x600.webp 600w, https:\/\/www.falckab.se\/wp-content\/uploads\/2025\/11\/historik-100x100.webp 100w\" sizes=\"auto, (max-width: 720px) 100vw, 720px\" \/><\/figure>\n<\/div>\n<\/div>\n\n\n\n<div style=\"height:calc( 0.25 * var(--wp--style--root--padding-right, var(--wp--custom--gap--horizontal)))\" aria-hidden=\"true\" class=\"wp-block-spacer\"><\/div>\n<\/div>\n\n\n\n<div class=\"wp-block-group alignfull has-global-padding is-content-justification-center is-layout-constrained wp-container-core-group-is-layout-df757ecc wp-block-group-is-layout-constrained\" style=\"margin-top:0;margin-bottom:0;padding-top:calc( 0.5 * var(--wp--style--root--padding-right, var(--wp--custom--gap--horizontal)));padding-right:var(--wp--style--root--padding-right, var(--wp--custom--gap--horizontal));padding-bottom:calc( 0.5 * var(--wp--style--root--padding-right, var(--wp--custom--gap--horizontal)));padding-left:var(--wp--style--root--padding-left, var(--wp--custom--gap--horizontal))\">\n<div style=\"height:calc( 0.25 * var(--wp--style--root--padding-right, var(--wp--custom--gap--horizontal)))\" aria-hidden=\"true\" class=\"wp-block-spacer\"><\/div>\n\n\n\n<div class=\"wp-block-columns alignwide are-vertically-aligned-top is-layout-flex wp-container-core-columns-is-layout-28f84493 wp-block-columns-is-layout-flex\">\n<div class=\"wp-block-column is-vertically-aligned-top is-layout-flow wp-block-column-is-layout-flow\">\n<div class=\"wp-block-group is-nowrap is-layout-flex wp-container-core-group-is-layout-6c531013 wp-block-group-is-layout-flex\">\n<figure class=\"wp-block-image size-full\"><img loading=\"lazy\" decoding=\"async\" width=\"720\" height=\"720\" src=\"https:\/\/www.falckab.se\/wp-content\/uploads\/2025\/11\/Geofence.webp\" alt=\"\" class=\"wp-image-696\" srcset=\"https:\/\/www.falckab.se\/wp-content\/uploads\/2025\/11\/Geofence.webp 720w, https:\/\/www.falckab.se\/wp-content\/uploads\/2025\/11\/Geofence-300x300.webp 300w, https:\/\/www.falckab.se\/wp-content\/uploads\/2025\/11\/Geofence-150x150.webp 150w, https:\/\/www.falckab.se\/wp-content\/uploads\/2025\/11\/Geofence-12x12.webp 12w, https:\/\/www.falckab.se\/wp-content\/uploads\/2025\/11\/Geofence-600x600.webp 600w, https:\/\/www.falckab.se\/wp-content\/uploads\/2025\/11\/Geofence-100x100.webp 100w\" sizes=\"auto, (max-width: 720px) 100vw, 720px\" \/><\/figure>\n<\/div>\n<\/div>\n\n\n\n<div class=\"wp-block-column is-vertically-aligned-top is-layout-flow wp-block-column-is-layout-flow\">\n<p style=\"margin-top:0;margin-right:0;margin-bottom:0;margin-left:0;font-size:clamp(14px, 0.875rem + ((1vw - 3.2px) * 0.417), 18px);\"><strong>Virtuellt staket \/ Geofence<\/strong><\/p>\n\n\n\n<h2 class=\"wp-block-heading\">S\u00e4tta gr\u00e4nser med ett geofence<\/h2>\n\n\n\n<p style=\"margin-top:0;margin-right:0;margin-bottom:0;margin-left:0;font-size:clamp(14px, 0.875rem + ((1vw - 3.2px) * 0.417), 18px);\">S\u00e5 kallat virtuella st\u00e4ngsel \u00e4r idealiska f\u00f6r att begr\u00e4nsa omr\u00e5den som inte f\u00e5r betr\u00e4das eller l\u00e4mnas. <br>Du f\u00e5r en avisering om din sp\u00e5rningsutrustning g\u00f6r det.<br><br>Du kan f\u00e5 notering, sms och e-mail om n\u00e5got h\u00e4nder. <br>Detta oavsett hur du st\u00e4llt in andra positionsinst\u00e4llningar. <\/p>\n<\/div>\n<\/div>\n\n\n\n<div style=\"height:calc( 0.25 * var(--wp--style--root--padding-right, var(--wp--custom--gap--horizontal)))\" aria-hidden=\"true\" class=\"wp-block-spacer\"><\/div>\n<\/div>\n\n\n\n<div class=\"wp-block-group alignfull has-global-padding is-content-justification-center is-layout-constrained wp-container-core-group-is-layout-df757ecc wp-block-group-is-layout-constrained\" style=\"margin-top:0;margin-bottom:0;padding-top:calc( 0.5 * var(--wp--style--root--padding-right, var(--wp--custom--gap--horizontal)));padding-right:var(--wp--style--root--padding-right, var(--wp--custom--gap--horizontal));padding-bottom:calc( 0.5 * var(--wp--style--root--padding-right, var(--wp--custom--gap--horizontal)));padding-left:var(--wp--style--root--padding-left, var(--wp--custom--gap--horizontal))\">\n<div style=\"height:calc( 0.25 * var(--wp--style--root--padding-right, var(--wp--custom--gap--horizontal)))\" aria-hidden=\"true\" class=\"wp-block-spacer\"><\/div>\n\n\n\n<div class=\"wp-block-columns alignwide is-layout-flex wp-container-core-columns-is-layout-28f84493 wp-block-columns-is-layout-flex\">\n<div class=\"wp-block-column is-vertically-aligned-center is-layout-flow wp-block-column-is-layout-flow\">\n<p style=\"margin-top:0;margin-right:0;margin-bottom:0;margin-left:0;font-size:clamp(14px, 0.875rem + ((1vw - 3.2px) * 0.417), 18px);\"><strong>Inst\u00e4llningar<\/strong><\/p>\n\n\n\n<h3 class=\"wp-block-heading\" style=\"font-size:clamp(27.894px, 1.743rem + ((1vw - 3.2px) * 2.094), 48px);\">Alla inst\u00e4llningar i \u00f6verblick<\/h3>\n\n\n\n<p style=\"margin-top:0;margin-right:0;margin-bottom:0;margin-left:0;font-size:clamp(14px, 0.875rem + ((1vw - 3.2px) * 0.625), 20px);\">V\u00e5ra GPS-sp\u00e5rare st\u00e4lls in antingen via appen eller inloggning via dator d\u00e4r du konfigurerar efter behov.<br>Justera larm, geofences eller sp\u00e5rningsprofilen.<\/p>\n<\/div>\n\n\n\n<div class=\"wp-block-column is-vertically-aligned-center is-layout-flow wp-block-column-is-layout-flow\">\n<figure class=\"wp-block-image size-full\"><img loading=\"lazy\" decoding=\"async\" width=\"720\" height=\"720\" src=\"https:\/\/www.falckab.se\/wp-content\/uploads\/2025\/11\/Tracker_Konfiguration.webp\" alt=\"\" class=\"wp-image-700\" srcset=\"https:\/\/www.falckab.se\/wp-content\/uploads\/2025\/11\/Tracker_Konfiguration.webp 720w, https:\/\/www.falckab.se\/wp-content\/uploads\/2025\/11\/Tracker_Konfiguration-300x300.webp 300w, https:\/\/www.falckab.se\/wp-content\/uploads\/2025\/11\/Tracker_Konfiguration-150x150.webp 150w, https:\/\/www.falckab.se\/wp-content\/uploads\/2025\/11\/Tracker_Konfiguration-12x12.webp 12w, https:\/\/www.falckab.se\/wp-content\/uploads\/2025\/11\/Tracker_Konfiguration-600x600.webp 600w, https:\/\/www.falckab.se\/wp-content\/uploads\/2025\/11\/Tracker_Konfiguration-100x100.webp 100w\" sizes=\"auto, (max-width: 720px) 100vw, 720px\" \/><\/figure>\n<\/div>\n<\/div>\n\n\n\n<div style=\"height:calc( 0.25 * var(--wp--style--root--padding-right, var(--wp--custom--gap--horizontal)))\" aria-hidden=\"true\" class=\"wp-block-spacer\"><\/div>\n<\/div>\n\n\n\n<div class=\"wp-block-group alignfull has-global-padding is-content-justification-center is-layout-constrained wp-container-core-group-is-layout-df757ecc wp-block-group-is-layout-constrained\" style=\"margin-top:0;margin-bottom:0;padding-top:calc( 0.5 * var(--wp--style--root--padding-right, var(--wp--custom--gap--horizontal)));padding-right:var(--wp--style--root--padding-right, var(--wp--custom--gap--horizontal));padding-bottom:calc( 0.5 * var(--wp--style--root--padding-right, var(--wp--custom--gap--horizontal)));padding-left:var(--wp--style--root--padding-left, var(--wp--custom--gap--horizontal))\">\n<div style=\"height:calc( 0.25 * var(--wp--style--root--padding-right, var(--wp--custom--gap--horizontal)))\" aria-hidden=\"true\" class=\"wp-block-spacer\"><\/div>\n\n\n\n<div class=\"wp-block-columns alignwide are-vertically-aligned-top is-layout-flex wp-container-core-columns-is-layout-28f84493 wp-block-columns-is-layout-flex\">\n<div class=\"wp-block-column is-vertically-aligned-top is-layout-flow wp-block-column-is-layout-flow\">\n<div class=\"wp-block-group is-nowrap is-layout-flex wp-container-core-group-is-layout-6c531013 wp-block-group-is-layout-flex\">\n<figure class=\"wp-block-image size-full\"><img loading=\"lazy\" decoding=\"async\" width=\"720\" height=\"720\" src=\"https:\/\/www.falckab.se\/wp-content\/uploads\/2025\/11\/Trackingprofil.webp\" alt=\"\" class=\"wp-image-702\" srcset=\"https:\/\/www.falckab.se\/wp-content\/uploads\/2025\/11\/Trackingprofil.webp 720w, https:\/\/www.falckab.se\/wp-content\/uploads\/2025\/11\/Trackingprofil-300x300.webp 300w, https:\/\/www.falckab.se\/wp-content\/uploads\/2025\/11\/Trackingprofil-150x150.webp 150w, https:\/\/www.falckab.se\/wp-content\/uploads\/2025\/11\/Trackingprofil-12x12.webp 12w, https:\/\/www.falckab.se\/wp-content\/uploads\/2025\/11\/Trackingprofil-600x600.webp 600w, https:\/\/www.falckab.se\/wp-content\/uploads\/2025\/11\/Trackingprofil-100x100.webp 100w\" sizes=\"auto, (max-width: 720px) 100vw, 720px\" \/><\/figure>\n<\/div>\n<\/div>\n\n\n\n<div class=\"wp-block-column is-vertically-aligned-top is-layout-flow wp-block-column-is-layout-flow\">\n<p style=\"margin-top:0;margin-right:0;margin-bottom:0;margin-left:0;font-size:clamp(14px, 0.875rem + ((1vw - 3.2px) * 0.417), 18px);\"><strong>Sp\u00e5rningsprofil<\/strong><\/p>\n\n\n\n<h2 class=\"wp-block-heading\">Det optimala sp\u00e5rningsl\u00e4get<\/h2>\n\n\n\n<p style=\"margin-top:0;margin-right:0;margin-bottom:0;margin-left:0;font-size:clamp(14px, 0.875rem + ((1vw - 3.2px) * 0.417), 18px);\">F\u00f6r enkel konfiguration \u00e4r v\u00e5ra GPS-sp\u00e5rare utrustade med olika sp\u00e5rningsprofiler.<\/p>\n\n\n\n<p style=\"margin-top:0;margin-right:0;margin-bottom:0;margin-left:0;font-size:clamp(14px, 0.875rem + ((1vw - 3.2px) * 0.417), 18px);\"><strong>\u00c5terst\u00e4llningsl\u00e4ge:<\/strong>&nbsp;&nbsp;Skickar en ny position var x minut. L\u00e4mplig f\u00f6r absoluta n\u00f6dsituationer.<\/p>\n\n\n\n<p><strong>Smartl\u00e4ge:&nbsp;<\/strong>&nbsp;GPS-sp\u00e5raren \u00e4r i vilol\u00e4ge och skickar bara en ny position n\u00e4r den r\u00f6r sig.<\/p>\n\n\n\n<p><strong>Intervalll\u00e4ge:<\/strong>&nbsp;&nbsp;GPS-trackern skickar en ny position var x minut, oavsett r\u00f6relse.<\/p>\n\n\n\n<p><strong>Upp till x \u00e5rs batteritid:<\/strong>&nbsp;&nbsp;Det h\u00e4r l\u00e4get skickar en ny position var 24:e timme.<\/p>\n<\/div>\n<\/div>\n\n\n\n<div style=\"height:calc( 0.25 * var(--wp--style--root--padding-right, var(--wp--custom--gap--horizontal)))\" aria-hidden=\"true\" class=\"wp-block-spacer\"><\/div>\n<\/div>\n\n\n\n<div class=\"wp-block-group alignfull has-global-padding is-content-justification-center is-layout-constrained wp-container-core-group-is-layout-df757ecc wp-block-group-is-layout-constrained\" style=\"margin-top:0;margin-bottom:0;padding-top:calc( 0.5 * var(--wp--style--root--padding-right, var(--wp--custom--gap--horizontal)));padding-right:var(--wp--style--root--padding-right, var(--wp--custom--gap--horizontal));padding-bottom:calc( 0.5 * var(--wp--style--root--padding-right, var(--wp--custom--gap--horizontal)));padding-left:var(--wp--style--root--padding-left, var(--wp--custom--gap--horizontal))\">\n<div style=\"height:calc( 0.25 * var(--wp--style--root--padding-right, var(--wp--custom--gap--horizontal)))\" aria-hidden=\"true\" class=\"wp-block-spacer\"><\/div>\n\n\n\n<div class=\"wp-block-columns alignwide is-layout-flex wp-container-core-columns-is-layout-28f84493 wp-block-columns-is-layout-flex\">\n<div class=\"wp-block-column is-vertically-aligned-center is-layout-flow wp-block-column-is-layout-flow\">\n<p style=\"margin-top:0;margin-right:0;margin-bottom:0;margin-left:0;font-size:clamp(14px, 0.875rem + ((1vw - 3.2px) * 0.417), 18px);\"><strong>Platsgodk\u00e4nnande<\/strong><\/p>\n\n\n\n<h3 class=\"wp-block-heading\" style=\"font-size:clamp(27.894px, 1.743rem + ((1vw - 3.2px) * 2.094), 48px);\">Dela din position med v\u00e4nner och familj<\/h3>\n\n\n\n<p style=\"margin-top:0;margin-right:0;margin-bottom:0;margin-left:0;font-size:clamp(14px, 0.875rem + ((1vw - 3.2px) * 0.625), 20px);\">Skapa en l\u00e4nk till din plats och dela den med familj, v\u00e4nner och bekanta.<\/p>\n<\/div>\n\n\n\n<div class=\"wp-block-column is-vertically-aligned-center is-layout-flow wp-block-column-is-layout-flow\">\n<figure class=\"wp-block-image size-full\"><img loading=\"lazy\" decoding=\"async\" width=\"720\" height=\"720\" src=\"https:\/\/www.falckab.se\/wp-content\/uploads\/2025\/11\/Tracker-positionsdelning.webp\" alt=\"\" class=\"wp-image-701\" srcset=\"https:\/\/www.falckab.se\/wp-content\/uploads\/2025\/11\/Tracker-positionsdelning.webp 720w, https:\/\/www.falckab.se\/wp-content\/uploads\/2025\/11\/Tracker-positionsdelning-300x300.webp 300w, https:\/\/www.falckab.se\/wp-content\/uploads\/2025\/11\/Tracker-positionsdelning-150x150.webp 150w, https:\/\/www.falckab.se\/wp-content\/uploads\/2025\/11\/Tracker-positionsdelning-12x12.webp 12w, https:\/\/www.falckab.se\/wp-content\/uploads\/2025\/11\/Tracker-positionsdelning-600x600.webp 600w, https:\/\/www.falckab.se\/wp-content\/uploads\/2025\/11\/Tracker-positionsdelning-100x100.webp 100w\" sizes=\"auto, (max-width: 720px) 100vw, 720px\" \/><\/figure>\n<\/div>\n<\/div>\n\n\n\n<div style=\"height:calc( 0.25 * var(--wp--style--root--padding-right, var(--wp--custom--gap--horizontal)))\" aria-hidden=\"true\" class=\"wp-block-spacer\"><\/div>\n<\/div>\n\n\n\n<h2 class=\"wp-block-heading has-text-align-center\">Ladda ner Trackilive-appen nu<\/h2>\n\n\n\n<div class=\"wp-block-columns is-layout-flex wp-container-core-columns-is-layout-28f84493 wp-block-columns-is-layout-flex\">\n<div class=\"wp-block-column is-layout-flow wp-block-column-is-layout-flow\">\n<figure class=\"wp-block-image size-full\"><a href=\"https:\/\/apps.apple.com\/app\/id1553037840\" target=\"_blank\" rel=\" noreferrer noopener\"><img loading=\"lazy\" decoding=\"async\" width=\"360\" height=\"121\" src=\"https:\/\/www.falckab.se\/wp-content\/uploads\/2025\/11\/app-store-en-1.avif\" alt=\"\" class=\"wp-image-695\" srcset=\"https:\/\/www.falckab.se\/wp-content\/uploads\/2025\/11\/app-store-en-1.avif 360w, https:\/\/www.falckab.se\/wp-content\/uploads\/2025\/11\/app-store-en-1-300x101.avif 300w, https:\/\/www.falckab.se\/wp-content\/uploads\/2025\/11\/app-store-en-1-18x6.avif 18w\" sizes=\"auto, (max-width: 360px) 100vw, 360px\" \/><\/a><\/figure>\n<\/div>\n\n\n\n<div class=\"wp-block-column is-layout-flow wp-block-column-is-layout-flow\">\n<figure class=\"wp-block-image size-full\"><a href=\"https:\/\/play.google.com\/store\/apps\/details?id=com.trackilive.app\" target=\"_blank\" rel=\" noreferrer noopener\"><img loading=\"lazy\" decoding=\"async\" width=\"360\" height=\"121\" src=\"https:\/\/www.falckab.se\/wp-content\/uploads\/2025\/11\/googleplay-en-1.avif\" alt=\"\" class=\"wp-image-697\" srcset=\"https:\/\/www.falckab.se\/wp-content\/uploads\/2025\/11\/googleplay-en-1.avif 360w, https:\/\/www.falckab.se\/wp-content\/uploads\/2025\/11\/googleplay-en-1-300x101.avif 300w, https:\/\/www.falckab.se\/wp-content\/uploads\/2025\/11\/googleplay-en-1-18x6.avif 18w\" sizes=\"auto, (max-width: 360px) 100vw, 360px\" \/><\/a><\/figure>\n<\/div>\n<\/div>\n\n\n\n<p><\/p>","protected":false},"excerpt":{"rendered":"<p>detta \u00e4r v\u00e5r app f\u00f6r mobil och l\u00e4splattor H\u00e4r hittar du en enkel \u00f6versikt \u00f6ver de funktioner som anv\u00e4nds ofta och vad de \u00e4r avsedda f\u00f6r. \u00d6versikt \u00f6verblicka Alla enheter Flera enheter kan l\u00e4ggas till ett konto f\u00f6r optimal \u00f6versikt. Appen kan ocks\u00e5 installeras p\u00e5 flera enheter f\u00f6r att ha en konstant \u00f6verblick. Ruttinspelning \u00c5teruppt\u00e4ck [&hellip;]<\/p>\n","protected":false},"author":1,"featured_media":0,"parent":0,"menu_order":0,"comment_status":"closed","ping_status":"closed","template":"page-with-title","meta":{"footnotes":""},"class_list":["post-694","page","type-page","status-publish","hentry"],"aioseo_notices":[],"_links":{"self":[{"href":"https:\/\/www.falckab.se\/fi\/wp-json\/wp\/v2\/pages\/694","targetHints":{"allow":["GET"]}}],"collection":[{"href":"https:\/\/www.falckab.se\/fi\/wp-json\/wp\/v2\/pages"}],"about":[{"href":"https:\/\/www.falckab.se\/fi\/wp-json\/wp\/v2\/types\/page"}],"author":[{"embeddable":true,"href":"https:\/\/www.falckab.se\/fi\/wp-json\/wp\/v2\/users\/1"}],"replies":[{"embeddable":true,"href":"https:\/\/www.falckab.se\/fi\/wp-json\/wp\/v2\/comments?post=694"}],"version-history":[{"count":9,"href":"https:\/\/www.falckab.se\/fi\/wp-json\/wp\/v2\/pages\/694\/revisions"}],"predecessor-version":[{"id":994,"href":"https:\/\/www.falckab.se\/fi\/wp-json\/wp\/v2\/pages\/694\/revisions\/994"}],"wp:attachment":[{"href":"https:\/\/www.falckab.se\/fi\/wp-json\/wp\/v2\/media?parent=694"}],"curies":[{"name":"wp","href":"https:\/\/api.w.org\/{rel}","templated":true}]}}