{"id":654,"date":"2025-11-19T21:46:10","date_gmt":"2025-11-19T21:46:10","guid":{"rendered":"https:\/\/www.falckab.se\/?page_id=654"},"modified":"2025-11-19T21:46:13","modified_gmt":"2025-11-19T21:46:13","slug":"varfor-ska-jag-anvanda-en-gps-tracker","status":"publish","type":"page","link":"https:\/\/www.falckab.se\/fi\/varfor-ska-jag-anvanda-en-gps-tracker\/","title":{"rendered":"Varf\u00f6r ska jag anv\u00e4nda en GPS-tracker?"},"content":{"rendered":"<figure class=\"wp-block-image size-full\"><img loading=\"lazy\" decoding=\"async\" width=\"940\" height=\"281\" src=\"https:\/\/www.falckab.se\/wp-content\/uploads\/2025\/11\/1-1.webp\" alt=\"\" class=\"wp-image-655\" srcset=\"https:\/\/www.falckab.se\/wp-content\/uploads\/2025\/11\/1-1.webp 940w, https:\/\/www.falckab.se\/wp-content\/uploads\/2025\/11\/1-1-300x90.webp 300w, https:\/\/www.falckab.se\/wp-content\/uploads\/2025\/11\/1-1-768x230.webp 768w, https:\/\/www.falckab.se\/wp-content\/uploads\/2025\/11\/1-1-18x5.webp 18w, https:\/\/www.falckab.se\/wp-content\/uploads\/2025\/11\/1-1-600x179.webp 600w\" sizes=\"auto, (max-width: 940px) 100vw, 940px\" \/><\/figure>\n\n\n\n<h5 class=\"wp-block-heading\"><strong>Introduktion:<\/strong><\/h5>\n\n\n\n<p>I dagens snabba v\u00e4rld har GPS-trackers blivit oumb\u00e4rliga f\u00f6ljeslagare och erbjuder oss s\u00e4kerhet, effektivitet och framf\u00f6r allt sinnesro. Oavsett om du vill skydda dina v\u00e4rdefulla \u00e4godelar, garantera dina n\u00e4ra och k\u00e4ra s\u00e4kerheten eller helt enkelt sp\u00e5ra dina resor och aktiviteter, \u00e4r en GPS-tracker l\u00f6sningen. I den h\u00e4r artikeln ska vi utforska de olika anledningarna till varf\u00f6r du b\u00f6r anv\u00e4nda en GPS-tracker, tillsammans med praktiska exempel och insikter.<\/p>\n\n\n\n<h5 class=\"wp-block-heading\">1.\u00a0<strong>S\u00e4kerhet i realtid:<\/strong><\/h5>\n\n\n\n<p><em>En bild s\u00e4ger mer \u00e4n tusen ord, men en GPS-tracker s\u00e4ger mer \u00e4n tusen bilder.<\/em>&nbsp;Med en GPS-tracker kan du sp\u00e5ra var dina v\u00e4rdesaker eller ditt fordon befinner sig i realtid. Detta \u00e4r s\u00e4rskilt anv\u00e4ndbart f\u00f6r att f\u00f6rhindra st\u00f6ld eller f\u00f6r att snabbt kunna agera vid f\u00f6rlust. T\u00e4nk dig att kunna se var dina tillh\u00f6righeter \u00e4r med bara n\u00e5gra f\u00e5 klick \u2013 det \u00e4r den s\u00e4kerheten en GPS-tracker erbjuder.<\/p>\n\n\n\n<h5 class=\"wp-block-heading\">2.\u00a0<strong>Effektiv flotthantering:<\/strong><\/h5>\n\n\n\n<p>F\u00f6r f\u00f6retagare som hanterar fordonsflottor \u00e4r en GPS-tracker ett ov\u00e4rderligt verktyg. Du kan inte bara \u00f6vervaka dina fordons position, utan ocks\u00e5 optimera rutter, minska br\u00e4nslekostnader och \u00f6vervaka fordonens skick. De effektivitetsvinster som en GPS-tracker m\u00f6jligg\u00f6r kan leda till betydande besparingar och f\u00f6rb\u00e4ttrade driftsprocesser.<\/p>\n\n\n\n<h5 class=\"wp-block-heading\">3.\u00a0\u00a0<strong>Mer s\u00e4kerhet f\u00f6r f\u00f6r\u00e4ldrar<\/strong><\/h5>\n\n\n\n<p>V\u00e5ra barns s\u00e4kerhet \u00e4r v\u00e5r h\u00f6gsta prioritet. Med en GPS-tracker kan du \u00f6vervaka dina barns position och se till att de anl\u00e4nder till sin destination s\u00e4kert och i tid. Oavsett om de \u00e4r p\u00e5 v\u00e4g till skolan eller roar sig i parken kan du diskret \u00f6vervaka deras r\u00f6relser och reagera snabbt i en n\u00f6dsituation.<\/p>\n\n\n\n<h5 class=\"wp-block-heading\"><strong>Slutsats:<\/strong><\/h5>\n\n\n\n<p>En GPS-tracker \u00e4r mer \u00e4n bara en teknisk pryl; det \u00e4r ett verktyg som ger oss s\u00e4kerhet, effektivitet och sinnesro. Oavsett om du anv\u00e4nder den f\u00f6r personliga \u00e4ndam\u00e5l, vagnparkshantering eller din familjs s\u00e4kerhet, \u00e4r f\u00f6rdelarna obestridliga. Investera i en GPS-tracker f\u00f6r att beh\u00e5lla kontrollen \u00f6ver din v\u00e4rld och s\u00e4kerst\u00e4lla dina n\u00e4ra och k\u00e4ra s\u00e4kerheten.<\/p>","protected":false},"excerpt":{"rendered":"<p>Introduktion: I dagens snabba v\u00e4rld har GPS-trackers blivit oumb\u00e4rliga f\u00f6ljeslagare och erbjuder oss s\u00e4kerhet, effektivitet och framf\u00f6r allt sinnesro. Oavsett om du vill skydda dina v\u00e4rdefulla \u00e4godelar, garantera dina n\u00e4ra och k\u00e4ra s\u00e4kerheten eller helt enkelt sp\u00e5ra dina resor och aktiviteter, \u00e4r en GPS-tracker l\u00f6sningen. I den h\u00e4r artikeln ska vi utforska de olika anledningarna [&hellip;]<\/p>\n","protected":false},"author":1,"featured_media":0,"parent":0,"menu_order":0,"comment_status":"closed","ping_status":"closed","template":"page-with-title","meta":{"footnotes":""},"class_list":["post-654","page","type-page","status-publish","hentry"],"aioseo_notices":[],"_links":{"self":[{"href":"https:\/\/www.falckab.se\/fi\/wp-json\/wp\/v2\/pages\/654","targetHints":{"allow":["GET"]}}],"collection":[{"href":"https:\/\/www.falckab.se\/fi\/wp-json\/wp\/v2\/pages"}],"about":[{"href":"https:\/\/www.falckab.se\/fi\/wp-json\/wp\/v2\/types\/page"}],"author":[{"embeddable":true,"href":"https:\/\/www.falckab.se\/fi\/wp-json\/wp\/v2\/users\/1"}],"replies":[{"embeddable":true,"href":"https:\/\/www.falckab.se\/fi\/wp-json\/wp\/v2\/comments?post=654"}],"version-history":[{"count":1,"href":"https:\/\/www.falckab.se\/fi\/wp-json\/wp\/v2\/pages\/654\/revisions"}],"predecessor-version":[{"id":656,"href":"https:\/\/www.falckab.se\/fi\/wp-json\/wp\/v2\/pages\/654\/revisions\/656"}],"wp:attachment":[{"href":"https:\/\/www.falckab.se\/fi\/wp-json\/wp\/v2\/media?parent=654"}],"curies":[{"name":"wp","href":"https:\/\/api.w.org\/{rel}","templated":true}]}}