{"id":651,"date":"2025-11-19T21:38:08","date_gmt":"2025-11-19T21:38:08","guid":{"rendered":"https:\/\/www.falckab.se\/?page_id=651"},"modified":"2025-11-19T21:38:12","modified_gmt":"2025-11-19T21:38:12","slug":"effektiv-fordonsovervakning-varfor-en-gps-tracker-i-din-bil-ar-oumbarlig","status":"publish","type":"page","link":"https:\/\/www.falckab.se\/fi\/effektiv-fordonsovervakning-varfor-en-gps-tracker-i-din-bil-ar-oumbarlig\/","title":{"rendered":"Effektiv fordons\u00f6vervakning: Varf\u00f6r en GPS-tracker i din bil \u00e4r oumb\u00e4rlig"},"content":{"rendered":"<figure class=\"wp-block-image size-full\"><img loading=\"lazy\" decoding=\"async\" width=\"940\" height=\"281\" src=\"https:\/\/www.falckab.se\/wp-content\/uploads\/2025\/11\/2-1.webp\" alt=\"\" class=\"wp-image-652\" srcset=\"https:\/\/www.falckab.se\/wp-content\/uploads\/2025\/11\/2-1.webp 940w, https:\/\/www.falckab.se\/wp-content\/uploads\/2025\/11\/2-1-300x90.webp 300w, https:\/\/www.falckab.se\/wp-content\/uploads\/2025\/11\/2-1-768x230.webp 768w, https:\/\/www.falckab.se\/wp-content\/uploads\/2025\/11\/2-1-18x5.webp 18w, https:\/\/www.falckab.se\/wp-content\/uploads\/2025\/11\/2-1-600x179.webp 600w\" sizes=\"auto, (max-width: 940px) 100vw, 940px\" \/><\/figure>\n\n\n\n<p>I dagens uppkopplade v\u00e4rld \u00e4r s\u00e4kerheten f\u00f6r v\u00e5ra fordon av st\u00f6rsta vikt. Oavsett om det handlar om st\u00f6ldskydd, fordonsflotthantering eller helt enkelt att sp\u00e5ra fordonets position, kan en GPS-tracker i din bil spela en avg\u00f6rande roll. I det h\u00e4r blogginl\u00e4gget f\u00e5r du l\u00e4ra dig varf\u00f6r det \u00e4r ett smart val att anv\u00e4nda en GPS-tracker och hur v\u00e5ra toppmoderna produkter kan hj\u00e4lpa dig att optimalt \u00f6vervaka ditt fordon.<\/p>\n\n\n\n<h5 class=\"wp-block-heading\"><strong>Varf\u00f6r en GPS-tracker i din bil?<\/strong><\/h5>\n\n\n\n<p><strong>1. St\u00f6ldskydd:<\/strong><br>Fordonsst\u00f6lder \u00e4r tyv\u00e4rr alltf\u00f6r vanliga. En GPS-tracker l\u00e5ter dig sp\u00e5ra din bil i realtid. Vid en st\u00f6ld kan du reagera omedelbart och f\u00f6rse myndigheterna med ditt fordons exakta position.<\/p>\n\n\n\n<p><strong>2. Fordonsflotthantering:<\/strong><br>F\u00f6r f\u00f6retag med en fordonsflotta \u00e4r en GPS-tracker ett oumb\u00e4rligt verktyg. Noggrann \u00f6vervakning av fordonsr\u00f6relser m\u00f6jligg\u00f6r effektiv ruttplanering, br\u00e4nsleoptimering och s\u00e4kerst\u00e4ller att dina fordon alltid f\u00f6ljer de angivna rutterna.<\/p>\n\n\n\n<p><strong>3. Fordonsdiagnostik:<\/strong><br>Vissa moderna GPS-trackers erbjuder inte bara positionstj\u00e4nster utan \u00e4ven fordonsdiagnostisk information. Du f\u00e5r realtidsdata om hastighet, k\u00f6rstr\u00e4cka och fordonets skick \u2013 en v\u00e4rdefull funktion f\u00f6r underh\u00e5ll och prestandaoptimering.<\/p>\n\n\n\n<h5 class=\"wp-block-heading\"><strong>V\u00e5ra GPS-trackerprodukter:<\/strong><\/h5>\n\n\n\n<p><strong>1.&nbsp;<a href=\"https:\/\/b269az9ynycbta6j-78682685764.shopifypreview.com\/products\/trackilive-tl-60\">trackilive TL-60<\/a>&nbsp;&#8211; H\u00f6gprecisionsst\u00f6ldskydd: V\u00e5r&nbsp;<\/strong><strong><a href=\"https:\/\/b269az9ynycbta6j-78682685764.shopifypreview.com\/products\/trackilive-tl-60\">trackilive TL-60<\/a><\/strong><br>GPS-tracker&nbsp;erbjuder exakt positionssp\u00e5rning i realtid och \u00e4r speciellt utformad f\u00f6r st\u00f6ldskydd. Med 365 dagars batteritid, live-sp\u00e5rning och smart l\u00e4ge \u00e4r den det perfekta valet f\u00f6r alla som vill h\u00e5lla ett \u00f6ga p\u00e5 sitt fordon hela tiden.&nbsp;<strong>2.&nbsp;&nbsp;<\/strong><strong><a href=\"https:\/\/b269az9ynycbta6j-78682685764.shopifypreview.com\/products\/trackilive-everfind\">trackilive EverFind&nbsp;<\/a><\/strong><strong>&nbsp;&#8211; Enkel fordonshantering:<\/strong>&nbsp;F\u00f6r f\u00f6retag som s\u00f6ker effektiv fordonshantering \u00e4r v\u00e5r&nbsp;<strong><a href=\"https:\/\/b269az9ynycbta6j-78682685764.shopifypreview.com\/products\/trackilive-everfind\">trackilive EverFind&nbsp;<\/a><\/strong>&nbsp;GPS-tracker den optimala l\u00f6sningen. Med upp till 6 \u00e5rs batteritid, inga prenumerationsavgifter och smart l\u00e4ge m\u00f6jligg\u00f6r den exakt \u00f6vervakning och kontroll av din fordonsflotta.&nbsp;<strong>Slutsats:<\/strong>&nbsp;En GPS-tracker i din bil \u00e4r inte bara en lyx utan en viktig del av modern fordons\u00f6vervakning. Med v\u00e5ra toppmoderna produkter&nbsp;<strong><a href=\"https:\/\/b269az9ynycbta6j-78682685764.shopifypreview.com\/products\/trackilive-tl-60\">trackilive TL-60<\/a><\/strong>&nbsp;och&nbsp;<strong><a href=\"https:\/\/b269az9ynycbta6j-78682685764.shopifypreview.com\/products\/trackilive-everfind\">trackilive EverFind&nbsp;<\/a><\/strong><strong><a href=\"https:\/\/b269az9ynycbta6j-78682685764.shopifypreview.com\/products\/trackilive-tl-60\"><\/a>&nbsp;<\/strong><\/p>\n\n\n\n<p>Du kan maximera ditt fordons s\u00e4kerhet samtidigt som du drar nytta av ytterligare funktioner som st\u00f6ldskydd, fordonsflotthantering och fordonsdiagnostik. Investera i framtidens fordons\u00f6vervakning \u2013 din bil kommer att tacka dig. Bes\u00f6k v\u00e5r verkstad nu och uppt\u00e4ck m\u00f6jligheterna!<\/p>","protected":false},"excerpt":{"rendered":"<p>I dagens uppkopplade v\u00e4rld \u00e4r s\u00e4kerheten f\u00f6r v\u00e5ra fordon av st\u00f6rsta vikt. Oavsett om det handlar om st\u00f6ldskydd, fordonsflotthantering eller helt enkelt att sp\u00e5ra fordonets position, kan en GPS-tracker i din bil spela en avg\u00f6rande roll. I det h\u00e4r blogginl\u00e4gget f\u00e5r du l\u00e4ra dig varf\u00f6r det \u00e4r ett smart val att anv\u00e4nda en GPS-tracker och [&hellip;]<\/p>\n","protected":false},"author":1,"featured_media":0,"parent":0,"menu_order":0,"comment_status":"closed","ping_status":"closed","template":"page-with-title","meta":{"footnotes":""},"class_list":["post-651","page","type-page","status-publish","hentry"],"aioseo_notices":[],"_links":{"self":[{"href":"https:\/\/www.falckab.se\/fi\/wp-json\/wp\/v2\/pages\/651","targetHints":{"allow":["GET"]}}],"collection":[{"href":"https:\/\/www.falckab.se\/fi\/wp-json\/wp\/v2\/pages"}],"about":[{"href":"https:\/\/www.falckab.se\/fi\/wp-json\/wp\/v2\/types\/page"}],"author":[{"embeddable":true,"href":"https:\/\/www.falckab.se\/fi\/wp-json\/wp\/v2\/users\/1"}],"replies":[{"embeddable":true,"href":"https:\/\/www.falckab.se\/fi\/wp-json\/wp\/v2\/comments?post=651"}],"version-history":[{"count":1,"href":"https:\/\/www.falckab.se\/fi\/wp-json\/wp\/v2\/pages\/651\/revisions"}],"predecessor-version":[{"id":653,"href":"https:\/\/www.falckab.se\/fi\/wp-json\/wp\/v2\/pages\/651\/revisions\/653"}],"wp:attachment":[{"href":"https:\/\/www.falckab.se\/fi\/wp-json\/wp\/v2\/media?parent=651"}],"curies":[{"name":"wp","href":"https:\/\/api.w.org\/{rel}","templated":true}]}}