{"id":643,"date":"2025-11-19T21:23:50","date_gmt":"2025-11-19T21:23:50","guid":{"rendered":"https:\/\/www.falckab.se\/?page_id=643"},"modified":"2025-12-26T12:22:06","modified_gmt":"2025-12-26T12:22:06","slug":"5-anledningar-till-varfor-du-borde-anvanda-en-gps-tracker-till-din-cykel","status":"publish","type":"page","link":"https:\/\/www.falckab.se\/fi\/5-anledningar-till-varfor-du-borde-anvanda-en-gps-tracker-till-din-cykel\/","title":{"rendered":"Fem anledningar till varf\u00f6r du borde anv\u00e4nda en GPS-tracker till din cykel"},"content":{"rendered":"<figure class=\"wp-block-image size-full\"><img loading=\"lazy\" decoding=\"async\" width=\"940\" height=\"704\" src=\"https:\/\/www.falckab.se\/wp-content\/uploads\/2025\/11\/gps-tracker-fahrrad.webp\" alt=\"\" class=\"wp-image-644\" srcset=\"https:\/\/www.falckab.se\/wp-content\/uploads\/2025\/11\/gps-tracker-fahrrad.webp 940w, https:\/\/www.falckab.se\/wp-content\/uploads\/2025\/11\/gps-tracker-fahrrad-300x225.webp 300w, https:\/\/www.falckab.se\/wp-content\/uploads\/2025\/11\/gps-tracker-fahrrad-768x575.webp 768w, https:\/\/www.falckab.se\/wp-content\/uploads\/2025\/11\/gps-tracker-fahrrad-16x12.webp 16w, https:\/\/www.falckab.se\/wp-content\/uploads\/2025\/11\/gps-tracker-fahrrad-600x449.webp 600w\" sizes=\"auto, (max-width: 940px) 100vw, 940px\" \/><\/figure>\n\n\n\n<p>Om du brinner f\u00f6r att utforska v\u00e4rlden p\u00e5 tv\u00e5 hjul, b\u00f6r du definitivt \u00f6verv\u00e4ga att utrusta din p\u00e5litliga h\u00e4st med en GPS-cykeltracker. Dessa sm\u00e5 men otroligt anv\u00e4ndbara enheter kan ta cykling till en helt ny niv\u00e5. H\u00e4r \u00e4r fem \u00f6vertygande sk\u00e4l till varf\u00f6r du borde anv\u00e4nda en GPS-tracker till din cykel:<\/p>\n\n\n\n<h5 class=\"wp-block-heading\">1. Det ultimata st\u00f6ldskyddet<\/h5>\n\n\n\n<p>\u00c4r du orolig f\u00f6r att din \u00e4lskade cykel kan bli stulen? En GPS-tracker \u00e4r din superhj\u00e4lte-allierade i kampen mot tjuvar. Tack vare toppmodern teknik sp\u00e5rar den din cykel i realtid, s\u00e5 att du enkelt kan hitta den igen om den blir stulen. \u00c4ven om tjuvar f\u00f6rs\u00f6ker g\u00f6mma din cykel kommer GPS-trackern att leda dig till dess g\u00f6mst\u00e4lle. Det \u00e4r den ultimata s\u00e4kerheten du kan \u00f6nska dig.<\/p>\n\n\n\n<h5 class=\"wp-block-heading\">2. Att hitta f\u00f6rlorade stigar<\/h5>\n\n\n\n<p>Ibland g\u00e5r vi vilse i naturens sk\u00f6nhet och tappar v\u00e4gen. En GPS-tracker kan hj\u00e4lpa dig att hitta tillbaka. Med bara n\u00e5gra f\u00e5 klick p\u00e5 din smartphone kan du best\u00e4mma din position och se den b\u00e4sta v\u00e4gen hem eller till n\u00e4rmaste rastplats. G\u00e5 aldrig vilse mitt i ingenstans igen!<\/p>\n\n\n\n<h5 class=\"wp-block-heading\">3. Statistik och analyser<\/h5>\n\n\n\n<p>Vill du f\u00f6rb\u00e4ttra dina cykelprestationer? En GPS-tracker registrerar detaljerad information om dina cyklingar, inklusive hastighet, distans, h\u00f6jds\u00f6kning med mera. Denna data hj\u00e4lper dig att analysera din prestation och n\u00e5 dina m\u00e5l. Du kommer att bli f\u00f6rv\u00e5nad \u00f6ver hur mycket du kan f\u00f6rb\u00e4ttra dig genom att h\u00e5lla koll p\u00e5 dina framsteg.<\/p>\n\n\n\n<h5 class=\"wp-block-heading\">4. Dela med v\u00e4nner<\/h5>\n\n\n\n<p>Att dela \u00e4r att bry sig! Med en GPS-tracker kan du dela dina \u00e4ventyr i realtid med v\u00e4nner och familj. De kan f\u00f6lja din tur online och h\u00e5lla kontakten med dig f\u00f6r att h\u00e5lla dig s\u00e4llskap l\u00e4ngs v\u00e4gen. Detta g\u00f6r cykling till en social upplevelse som ni kan njuta av tillsammans, \u00e4ven om ni \u00e4r l\u00e5ngt ifr\u00e5n varandra.<\/p>\n\n\n\n<h5 class=\"wp-block-heading\">5. \u00c4ventyrliga uppt\u00e4ckter<\/h5>\n\n\n\n<p>Om du \u00e4r en \u00e4ventyrare i hj\u00e4rtat kommer den h\u00e4r anledningen att tilltala dig s\u00e4rskilt mycket. Med en GPS-tracker kan du utforska ok\u00e4nd mark utan r\u00e4dsla f\u00f6r att g\u00e5 vilse. Uppt\u00e4ck nya rutter, g\u00f6mda skatter och hemliga stigar som du annars aldrig skulle hitta. Din cykel blir din biljett till sp\u00e4nnande \u00e4ventyr som bara v\u00e4ntar p\u00e5 att upplevas. Kort sagt: En GPS-tracker f\u00f6r din cykel \u00e4r mer \u00e4n bara en anv\u00e4ndbar pryl. Den \u00e4r en oumb\u00e4rlig f\u00f6ljeslagare f\u00f6r cyklister som kombinerar s\u00e4kerhet, n\u00f6je och \u00e4ventyr. S\u00e5 varf\u00f6r v\u00e4nta? Uppgradera din cykel och l\u00e5t GPS-revolutionen b\u00f6rja!<\/p>","protected":false},"excerpt":{"rendered":"<p>Om du brinner f\u00f6r att utforska v\u00e4rlden p\u00e5 tv\u00e5 hjul, b\u00f6r du definitivt \u00f6verv\u00e4ga att utrusta din p\u00e5litliga h\u00e4st med en GPS-cykeltracker. Dessa sm\u00e5 men otroligt anv\u00e4ndbara enheter kan ta cykling till en helt ny niv\u00e5. H\u00e4r \u00e4r fem \u00f6vertygande sk\u00e4l till varf\u00f6r du borde anv\u00e4nda en GPS-tracker till din cykel: 1. Det ultimata st\u00f6ldskyddet [&hellip;]<\/p>\n","protected":false},"author":1,"featured_media":0,"parent":0,"menu_order":0,"comment_status":"closed","ping_status":"closed","template":"page-with-title","meta":{"footnotes":""},"class_list":["post-643","page","type-page","status-publish","hentry"],"aioseo_notices":[],"_links":{"self":[{"href":"https:\/\/www.falckab.se\/fi\/wp-json\/wp\/v2\/pages\/643","targetHints":{"allow":["GET"]}}],"collection":[{"href":"https:\/\/www.falckab.se\/fi\/wp-json\/wp\/v2\/pages"}],"about":[{"href":"https:\/\/www.falckab.se\/fi\/wp-json\/wp\/v2\/types\/page"}],"author":[{"embeddable":true,"href":"https:\/\/www.falckab.se\/fi\/wp-json\/wp\/v2\/users\/1"}],"replies":[{"embeddable":true,"href":"https:\/\/www.falckab.se\/fi\/wp-json\/wp\/v2\/comments?post=643"}],"version-history":[{"count":2,"href":"https:\/\/www.falckab.se\/fi\/wp-json\/wp\/v2\/pages\/643\/revisions"}],"predecessor-version":[{"id":995,"href":"https:\/\/www.falckab.se\/fi\/wp-json\/wp\/v2\/pages\/643\/revisions\/995"}],"wp:attachment":[{"href":"https:\/\/www.falckab.se\/fi\/wp-json\/wp\/v2\/media?parent=643"}],"curies":[{"name":"wp","href":"https:\/\/api.w.org\/{rel}","templated":true}]}}