{"id":42,"date":"2025-11-10T09:24:21","date_gmt":"2025-11-10T09:24:21","guid":{"rendered":"https:\/\/www.falckab.se\/portfolj\/"},"modified":"2025-11-19T23:12:19","modified_gmt":"2025-11-19T23:12:19","slug":"prenumerationsinformation","status":"publish","type":"page","link":"https:\/\/www.falckab.se\/fi\/prenumerationsinformation\/","title":{"rendered":"Tracker utan extra kostnader i upp till 6 \u00e5r"},"content":{"rendered":"<div class=\"wp-block-group alignfull has-background-background-color has-background has-global-padding is-layout-constrained wp-container-core-group-is-layout-7276a2bb wp-block-group-is-layout-constrained\" id=\"om\" style=\"margin-top:0;margin-bottom:0;padding-top:var(--wp--preset--spacing--60);padding-right:var(--wp--preset--spacing--30);padding-bottom:var(--wp--preset--spacing--60);padding-left:var(--wp--preset--spacing--30)\">\n<div class=\"wp-block-columns alignwide is-layout-flex wp-container-core-columns-is-layout-47c06fe3 wp-block-columns-is-layout-flex\">\n<div class=\"wp-block-column is-layout-flow wp-container-core-column-is-layout-119bc444 wp-block-column-is-layout-flow\" style=\"flex-basis:60%\">\n<h3 class=\"wp-block-heading\">GPS-tracker utan m\u00e5nadskostnad (prenumeration)<\/h3>\n\n\n\n<p class=\"has-medium-font-size\" style=\"margin-top:16px\"><strong>V\u00e4lkommen till v\u00e5rt premiumutbud av GPS-trackers utan prenumeration<\/strong>.<br><strong>V\u00e5ra toppmoderna GPS-trackers s\u00e4tter nya standarder och erbjuder dig en \u00f6verl\u00e4gsen upplevelse.<\/strong><\/p>\n\n\n\n<p>Uppt\u00e4ck framtidens GPS-sp\u00e5rning med v\u00e5r 4G-aktiverade GPS-tracker, optimerad f\u00f6r anv\u00e4ndning \u00f6ver hela v\u00e4rlden. Avancerat 4G-system som \u00e4r tillf\u00f6rlitlig och ger snabb positionssp\u00e5rning, oavsett var du befinner dig.<\/p>\n\n\n\n<p>Det som sticker ut med v\u00e5r GPS-tracker \u00e4r dess imponerande batteritid p\u00e5 6 \u00e5r. Tack vare v\u00e5r innovativa teknik kan du vara s\u00e4ker p\u00e5 att din GPS-tracker kommer att fungera tillf\u00f6rlitligt under en l\u00e4ngre tid utan att beh\u00f6va oroa dig f\u00f6r irriterande prenumerationsavgifter.<\/p>\n\n\n\n<p>V\u00e5ra GPS-trackers \u00e4r inte bara p\u00e5litliga, utan ocks\u00e5 extremt anv\u00e4ndarv\u00e4nliga. Med modern design och intuitiv anv\u00e4ndning erbjuder vi dig den perfekta balansen mellan teknik och anv\u00e4ndarv\u00e4nlighet.<\/p>\n\n\n\n<p class=\"has-medium-font-size\" style=\"margin-top:16px\">V\u00e4lj v\u00e5ra GPS-sp\u00e5rare utan prenumeration f\u00f6r att njuta av friheten med positionssp\u00e5rning utan begr\u00e4nsningar av prenumerationsavgifter.<\/p>\n<\/div>\n\n\n\n<div class=\"wp-block-column is-vertically-aligned-top is-layout-flow wp-container-core-column-is-layout-f5bb311e wp-block-column-is-layout-flow\" style=\"flex-basis:50%\">\n<figure class=\"wp-block-image size-large has-custom-border\"><img loading=\"lazy\" decoding=\"async\" width=\"1024\" height=\"889\" src=\"https:\/\/www.falckab.se\/wp-content\/uploads\/2025\/11\/TL-60-1-1024x889.jpg\" alt=\"\" class=\"wp-image-579\" style=\"border-radius:1.5rem;aspect-ratio:1;object-fit:cover\" srcset=\"https:\/\/www.falckab.se\/wp-content\/uploads\/2025\/11\/TL-60-1-1024x889.jpg 1024w, https:\/\/www.falckab.se\/wp-content\/uploads\/2025\/11\/TL-60-1-300x261.jpg 300w, https:\/\/www.falckab.se\/wp-content\/uploads\/2025\/11\/TL-60-1-768x667.jpg 768w, https:\/\/www.falckab.se\/wp-content\/uploads\/2025\/11\/TL-60-1-1536x1334.jpg 1536w, https:\/\/www.falckab.se\/wp-content\/uploads\/2025\/11\/TL-60-1-2048x1779.jpg 2048w, https:\/\/www.falckab.se\/wp-content\/uploads\/2025\/11\/TL-60-1-14x12.jpg 14w, https:\/\/www.falckab.se\/wp-content\/uploads\/2025\/11\/TL-60-1-1320x1147.jpg 1320w, https:\/\/www.falckab.se\/wp-content\/uploads\/2025\/11\/TL-60-1-600x521.jpg 600w\" sizes=\"auto, (max-width: 1024px) 100vw, 1024px\" \/><\/figure>\n<\/div>\n<\/div>\n<\/div>","protected":false},"excerpt":{"rendered":"<p>GPS-tracker utan m\u00e5nadskostnad (prenumeration) V\u00e4lkommen till v\u00e5rt premiumutbud av GPS-trackers utan prenumeration.V\u00e5ra toppmoderna GPS-trackers s\u00e4tter nya standarder och erbjuder dig en \u00f6verl\u00e4gsen upplevelse. Uppt\u00e4ck framtidens GPS-sp\u00e5rning med v\u00e5r 4G-aktiverade GPS-tracker, optimerad f\u00f6r anv\u00e4ndning \u00f6ver hela v\u00e4rlden. Avancerat 4G-system som \u00e4r tillf\u00f6rlitlig och ger snabb positionssp\u00e5rning, oavsett var du befinner dig. Det som sticker ut med [&hellip;]<\/p>\n","protected":false},"author":1,"featured_media":0,"parent":0,"menu_order":0,"comment_status":"closed","ping_status":"closed","template":"page-with-title","meta":{"footnotes":""},"class_list":["post-42","page","type-page","status-publish","hentry"],"aioseo_notices":[],"_links":{"self":[{"href":"https:\/\/www.falckab.se\/fi\/wp-json\/wp\/v2\/pages\/42","targetHints":{"allow":["GET"]}}],"collection":[{"href":"https:\/\/www.falckab.se\/fi\/wp-json\/wp\/v2\/pages"}],"about":[{"href":"https:\/\/www.falckab.se\/fi\/wp-json\/wp\/v2\/types\/page"}],"author":[{"embeddable":true,"href":"https:\/\/www.falckab.se\/fi\/wp-json\/wp\/v2\/users\/1"}],"replies":[{"embeddable":true,"href":"https:\/\/www.falckab.se\/fi\/wp-json\/wp\/v2\/comments?post=42"}],"version-history":[{"count":5,"href":"https:\/\/www.falckab.se\/fi\/wp-json\/wp\/v2\/pages\/42\/revisions"}],"predecessor-version":[{"id":684,"href":"https:\/\/www.falckab.se\/fi\/wp-json\/wp\/v2\/pages\/42\/revisions\/684"}],"wp:attachment":[{"href":"https:\/\/www.falckab.se\/fi\/wp-json\/wp\/v2\/media?parent=42"}],"curies":[{"name":"wp","href":"https:\/\/api.w.org\/{rel}","templated":true}]}}