{"id":309,"date":"2025-11-12T19:59:44","date_gmt":"2025-11-12T19:59:44","guid":{"rendered":"https:\/\/www.falckab.se\/?post_type=product&#038;p=309"},"modified":"2025-11-14T14:40:22","modified_gmt":"2025-11-14T14:40:22","slug":"batteribyte-falckab-trackilive-everfind","status":"publish","type":"product","link":"https:\/\/www.falckab.se\/en\/product\/batteribyte-falckab-trackilive-everfind\/","title":{"rendered":"Falckab trackilive EverFind Batteribyte"},"content":{"rendered":"<p class=\"has-small-font-size\">Vi byter batteri i din tracker n\u00e4r det \u00e4r f\u00f6rbrukat. Bra f\u00f6r b\u00e5de ekonomin och milj\u00f6n. Du skickar tillbaka din GPS-tracker till oss, betalar en eng\u00e5ngsavgift, s\u00e5 ser vi till att batteriet och SIM-kortet i din EverFind GPS-sp\u00e5rare fungerar i ytterligare 6 \u00e5r.<\/p>\r\n<!-- \/wp:post-content -->\r\n\r\n<!-- wp:paragraph {\"style\":{\"spacing\":{\"margin\":{\"top\":\"8px\"}}},\"fontSize\":\"small\"} -->\r\n<p>S\u00e5 h\u00e4r fungerar v\u00e5r batteribytestj\u00e4nst Uppt\u00e4ck v\u00e5r enkla steg-f\u00f6r-steg-guide f\u00f6r att byta batteri p\u00e5 dina Gemstone- och Cobblestone GPS-trackers och f\u00f6rl\u00e4nga deras livsl\u00e4ngd.<\/p>\r\n<!-- wp:heading {\"textAlign\":\"center\",\"level\":3,\"style\":{\"spacing\":{\"margin\":{\"top\":\"24px\"}},\"typography\":{\"fontSize\":\"20px\",\"lineHeight\":\"1.5\"}}} -->\r\n<h3 class=\"wp-block-heading has-text-align-center\">Step 1: Submit your device<\/h3>\r\n<!-- \/wp:heading -->\r\n\r\n<!-- wp:paragraph {\"align\":\"center\",\"style\":{\"spacing\":{\"margin\":{\"top\":\"8px\"}}},\"fontSize\":\"small\"} -->\r\n<p class=\"has-text-align-center has-small-font-size\">Packa din GPS-tracker och skicka den till oss med fri returfrakt f\u00f6r att p\u00e5b\u00f6rja batteribytet. <!-- wp:heading {\"textAlign\":\"center\",\"level\":3,\"style\":{\"spacing\":{\"margin\":{\"top\":\"24px\"}},\"typography\":{\"fontSize\":\"20px\",\"lineHeight\":\"1.5\"}}} --><\/p>\r\n<h3 class=\"wp-block-heading has-text-align-center\">Step 2: Battery replacement and update<\/h3>\r\n<p class=\"has-text-align-center has-small-font-size\"><!-- \/wp:heading -->\r\n\r\n<!-- wp:paragraph {\"align\":\"center\",\"style\":{\"spacing\":{\"margin\":{\"top\":\"8px\"}}},\"fontSize\":\"small\"} --><\/p>\r\n<p class=\"has-text-align-center has-small-font-size\">We'll replace the battery, update the firmware, and make sure your device is in perfect condition before sending it back to you.<!-- \/wp:paragraph --><\/p>\r\n<!-- wp:heading {\"textAlign\":\"center\",\"level\":3,\"style\":{\"spacing\":{\"margin\":{\"top\":\"24px\"}},\"typography\":{\"fontSize\":\"20px\",\"lineHeight\":\"1.5\"}}} -->\r\n<h3 class=\"wp-block-heading has-text-align-center\">Step 3: Get your updated device back<\/h3>\r\n<!-- \/wp:heading -->\r\n\r\n<!-- wp:paragraph {\"align\":\"center\",\"style\":{\"spacing\":{\"margin\":{\"top\":\"8px\"}}},\"fontSize\":\"small\"} -->\r\n<p class=\"has-text-align-center has-small-font-size\">Once we have completed the service, you will receive your GPS tracker back ready to use with extended battery life and improved performance.<\/p>\r\n<!-- \/wp:paragraph --><!-- \/wp:paragraph -->","protected":false},"excerpt":{"rendered":"<p>Vi byter batteri i din tracker n\u00e4r det \u00e4r f\u00f6rbrukat. Bra f\u00f6r b\u00e5de ekonomin och milj\u00f6n. Du skickar tillbaka din GPS-tracker till oss, betalar en eng\u00e5ngsavgift, s\u00e5 ser vi till att batteriet och SIM-kortet i din EverFind GPS-sp\u00e5rare fungerar i ytterligare 6 \u00e5r. S\u00e5 h\u00e4r fungerar v\u00e5r batteribytestj\u00e4nst Uppt\u00e4ck v\u00e5r enkla steg-f\u00f6r-steg-guide f\u00f6r att byta [&hellip;]<\/p>\n","protected":false},"featured_media":310,"comment_status":"open","ping_status":"closed","template":"","meta":[],"product_brand":[],"product_cat":[23],"product_tag":[],"class_list":{"0":"post-309","1":"product","2":"type-product","3":"status-publish","4":"has-post-thumbnail","6":"product_cat-tracking-sparsandare","8":"first","9":"instock","10":"taxable","11":"shipping-taxable","12":"purchasable","13":"product-type-simple"},"aioseo_notices":[],"_links":{"self":[{"href":"https:\/\/www.falckab.se\/en\/wp-json\/wp\/v2\/product\/309","targetHints":{"allow":["GET"]}}],"collection":[{"href":"https:\/\/www.falckab.se\/en\/wp-json\/wp\/v2\/product"}],"about":[{"href":"https:\/\/www.falckab.se\/en\/wp-json\/wp\/v2\/types\/product"}],"replies":[{"embeddable":true,"href":"https:\/\/www.falckab.se\/en\/wp-json\/wp\/v2\/comments?post=309"}],"wp:featuredmedia":[{"embeddable":true,"href":"https:\/\/www.falckab.se\/en\/wp-json\/wp\/v2\/media\/310"}],"wp:attachment":[{"href":"https:\/\/www.falckab.se\/en\/wp-json\/wp\/v2\/media?parent=309"}],"wp:term":[{"taxonomy":"product_brand","embeddable":true,"href":"https:\/\/www.falckab.se\/en\/wp-json\/wp\/v2\/product_brand?post=309"},{"taxonomy":"product_cat","embeddable":true,"href":"https:\/\/www.falckab.se\/en\/wp-json\/wp\/v2\/product_cat?post=309"},{"taxonomy":"product_tag","embeddable":true,"href":"https:\/\/www.falckab.se\/en\/wp-json\/wp\/v2\/product_tag?post=309"}],"curies":[{"name":"wp","href":"https:\/\/api.w.org\/{rel}","templated":true}]}}