{"id":637,"date":"2025-11-19T21:16:07","date_gmt":"2025-11-19T21:16:07","guid":{"rendered":"https:\/\/www.falckab.se\/?page_id=637"},"modified":"2025-11-19T21:16:10","modified_gmt":"2025-11-19T21:16:10","slug":"vad-forklaras-enkelt-med-gps","status":"publish","type":"page","link":"https:\/\/www.falckab.se\/en\/vad-forklaras-enkelt-med-gps\/","title":{"rendered":"Vad f\u00f6rklaras enkelt med GPS?"},"content":{"rendered":"<figure class=\"wp-block-image size-full\"><img loading=\"lazy\" decoding=\"async\" width=\"940\" height=\"281\" src=\"https:\/\/www.falckab.se\/wp-content\/uploads\/2025\/11\/gps-einfach-erklaert.webp\" alt=\"\" class=\"wp-image-638\" srcset=\"https:\/\/www.falckab.se\/wp-content\/uploads\/2025\/11\/gps-einfach-erklaert.webp 940w, https:\/\/www.falckab.se\/wp-content\/uploads\/2025\/11\/gps-einfach-erklaert-300x90.webp 300w, https:\/\/www.falckab.se\/wp-content\/uploads\/2025\/11\/gps-einfach-erklaert-768x230.webp 768w, https:\/\/www.falckab.se\/wp-content\/uploads\/2025\/11\/gps-einfach-erklaert-18x5.webp 18w, https:\/\/www.falckab.se\/wp-content\/uploads\/2025\/11\/gps-einfach-erklaert-600x179.webp 600w\" sizes=\"auto, (max-width: 940px) 100vw, 940px\" \/><\/figure>\n\n\n\n<p>Har du n\u00e5gonsin undrat hur din telefon eller surfplatta vet exakt var du \u00e4r? Allt tack vare en cool teknik som kallas GPS! Idag ska vi titta p\u00e5 hur GPS fungerar och hur det hj\u00e4lper oss att hitta r\u00e4tt.<\/p>\n\n\n\n<p><strong>1. Satelliter i rymden:<\/strong>&nbsp;F\u00f6rest\u00e4ll dig satelliter som flyger d\u00e4r ute i rymden \u2013 som sm\u00e5 rymdskepp. Dessa satelliter \u00e4r en del av GPS-systemet. De skickar st\u00e4ndigt signaler tillbaka till jorden.<\/p>\n\n\n\n<p><strong>2. Din GPS-mottagare:<\/strong>&nbsp;Din mobiltelefon eller surfplatta har en speciell mottagare som kan f\u00e5nga upp dessa signaler. Det \u00e4r som en magisk detektiv som kan hj\u00e4lpa dig att hitta din exakta plats.<\/p>\n\n\n\n<p><strong>3. Hur m\u00e5nga satelliter beh\u00f6vs?<\/strong>&nbsp;F\u00f6r att sp\u00e5raren (eller din GPS) ska kunna hitta din position beh\u00f6ver den signaler fr\u00e5n minst fyra satelliter. Den kan h\u00f6ra vilka satelliter som skickar signalerna och hur l\u00e5ng tid det tar f\u00f6r signalerna att n\u00e5 den.<\/p>\n\n\n\n<p><strong>4. Den stora mattemagin:<\/strong>&nbsp;Nu kommer den sp\u00e4nnande delen! Detektiven g\u00f6r lite matte \u2013 men oroa dig inte, det \u00e4r som ett magiskt mattepussel. Han anv\u00e4nder information fr\u00e5n satelliterna f\u00f6r att ber\u00e4kna din position p\u00e5 jorden. Detta kallas ocks\u00e5 &#8221;triangulering&#8221;. Det \u00e4r som att han hittar dig p\u00e5 en gigantisk skattkarta!<\/p>\n\n\n\n<p><strong>5. Vad g\u00f6r GPS s\u00e5 speciell?<\/strong>&nbsp;GPS \u00e4r som en supersinnessensor f\u00f6r platser. Den hj\u00e4lper oss inte bara att hitta v\u00e4gen, utan \u00e4ven i spel som geocaching eller skattjakt. N\u00e4r du g\u00e5r p\u00e5 vandring eller n\u00e4r dina f\u00f6r\u00e4ldrar ska h\u00e4mta dig, ber\u00e4ttar GPS:en var du \u00e4r.<\/p>\n\n\n\n<p><strong>6. Den magiska kartan:<\/strong>&nbsp;Det h\u00e4ftiga \u00e4r att du kan se din position p\u00e5 en karta \u2013 ungef\u00e4r som i ett skattjaktsspel. Detta g\u00f6r GPS till ett riktigt \u00e4ventyrshj\u00e4lpmedel!<\/p>\n\n\n\n<p>Sammantaget \u00e4r GPS som en magisk v\u00e4n som hj\u00e4lper oss att hitta v\u00e4gen och leder oss p\u00e5 sp\u00e4nnande \u00e4ventyr. N\u00e4r du blir \u00e4ldre kommer du att se att GPS ocks\u00e5 anv\u00e4nds i bilar, klockor och m\u00e5nga andra saker!<\/p>\n\n\n\n<p>Tills n\u00e4sta \u00e4ventyr med din GPS!<\/p>","protected":false},"excerpt":{"rendered":"<p>Har du n\u00e5gonsin undrat hur din telefon eller surfplatta vet exakt var du \u00e4r? Allt tack vare en cool teknik som kallas GPS! Idag ska vi titta p\u00e5 hur GPS fungerar och hur det hj\u00e4lper oss att hitta r\u00e4tt. 1. Satelliter i rymden:&nbsp;F\u00f6rest\u00e4ll dig satelliter som flyger d\u00e4r ute i rymden \u2013 som sm\u00e5 rymdskepp. [&hellip;]<\/p>\n","protected":false},"author":1,"featured_media":0,"parent":0,"menu_order":0,"comment_status":"closed","ping_status":"closed","template":"page-with-title","meta":{"footnotes":""},"class_list":["post-637","page","type-page","status-publish","hentry"],"aioseo_notices":[],"_links":{"self":[{"href":"https:\/\/www.falckab.se\/en\/wp-json\/wp\/v2\/pages\/637","targetHints":{"allow":["GET"]}}],"collection":[{"href":"https:\/\/www.falckab.se\/en\/wp-json\/wp\/v2\/pages"}],"about":[{"href":"https:\/\/www.falckab.se\/en\/wp-json\/wp\/v2\/types\/page"}],"author":[{"embeddable":true,"href":"https:\/\/www.falckab.se\/en\/wp-json\/wp\/v2\/users\/1"}],"replies":[{"embeddable":true,"href":"https:\/\/www.falckab.se\/en\/wp-json\/wp\/v2\/comments?post=637"}],"version-history":[{"count":1,"href":"https:\/\/www.falckab.se\/en\/wp-json\/wp\/v2\/pages\/637\/revisions"}],"predecessor-version":[{"id":639,"href":"https:\/\/www.falckab.se\/en\/wp-json\/wp\/v2\/pages\/637\/revisions\/639"}],"wp:attachment":[{"href":"https:\/\/www.falckab.se\/en\/wp-json\/wp\/v2\/media?parent=637"}],"curies":[{"name":"wp","href":"https:\/\/api.w.org\/{rel}","templated":true}]}}