{"id":627,"date":"2025-11-19T20:59:11","date_gmt":"2025-11-19T20:59:11","guid":{"rendered":"https:\/\/www.falckab.se\/?page_id=627"},"modified":"2025-11-19T21:01:17","modified_gmt":"2025-11-19T21:01:17","slug":"slapp-dem-aldrig-ur-sikte-igen-framtiden-for-gps-sparare","status":"publish","type":"page","link":"https:\/\/www.falckab.se\/en\/slapp-dem-aldrig-ur-sikte-igen-framtiden-for-gps-sparare\/","title":{"rendered":"Sl\u00e4pp dem aldrig ur sikte igen: Framtiden f\u00f6r GPS-sp\u00e5rare"},"content":{"rendered":"<figure class=\"wp-block-image size-full\"><img loading=\"lazy\" decoding=\"async\" width=\"940\" height=\"399\" src=\"https:\/\/www.falckab.se\/wp-content\/uploads\/2025\/11\/kids_tracking-1.webp\" alt=\"\" class=\"wp-image-629\" srcset=\"https:\/\/www.falckab.se\/wp-content\/uploads\/2025\/11\/kids_tracking-1.webp 940w, https:\/\/www.falckab.se\/wp-content\/uploads\/2025\/11\/kids_tracking-1-300x127.webp 300w, https:\/\/www.falckab.se\/wp-content\/uploads\/2025\/11\/kids_tracking-1-768x326.webp 768w, https:\/\/www.falckab.se\/wp-content\/uploads\/2025\/11\/kids_tracking-1-18x8.webp 18w, https:\/\/www.falckab.se\/wp-content\/uploads\/2025\/11\/kids_tracking-1-600x255.webp 600w\" sizes=\"auto, (max-width: 940px) 100vw, 940px\" \/><\/figure>\n\n\n\n<h5 class=\"wp-block-heading\"><strong>Sl\u00e4pp dem aldrig ur sikte igen: Framtiden f\u00f6r GPS-sp\u00e5rare<\/strong><\/h5>\n\n\n\n<p>T\u00e4nk dig att veta var dina n\u00e4ra och k\u00e4ra befinner sig n\u00e4r som helst och k\u00e4nna dig helt trygg. En&nbsp;<strong>GPS-tracker<\/strong>&nbsp;g\u00f6r denna \u00f6nskan till verklighet. Dessa innovativa enheter erbjuder mycket mer \u00e4n bara positionssp\u00e5rning \u2013 de revolutionerar v\u00e5r vardag och ger st\u00f6rre s\u00e4kerhet och komfort.<\/p>\n\n\n\n<h5 class=\"wp-block-heading\"><strong>Varf\u00f6r en GPS-tracker \u00e4r oumb\u00e4rlig f\u00f6r dig:<\/strong><\/h5>\n\n\n\n<ul class=\"wp-block-list\">\n<li><strong>S\u00e4kerhet f\u00f6r hela familjen:<\/strong>\u00a0Skydda dina barn fr\u00e5n faror och h\u00e5ll ett \u00f6ga p\u00e5 \u00e4ldre.<\/li>\n\n\n\n<li><strong>Skydd mot f\u00f6rlust av v\u00e4rdesaker:<\/strong>\u00a0Leta aldrig mer efter en borttappad mobiltelefon eller en stulen nyckel.<\/li>\n\n\n\n<li><strong>Effektiv flotthantering:<\/strong>\u00a0Optimera dina arbetsfl\u00f6den och spara tid.<\/li>\n\n\n\n<li><strong>Stressreducering:<\/strong>\u00a0Slappna av medan du alltid vet var dina n\u00e4ra och k\u00e4ra \u00e4r.<\/li>\n<\/ul>\n\n\n\n<h5 class=\"wp-block-heading\"><strong>Framtiden f\u00f6r GPS-sp\u00e5rning: Vad man kan f\u00f6rv\u00e4nta sig<\/strong><\/h5>\n\n\n\n<ul class=\"wp-block-list\">\n<li><strong>Mer exakt positionssp\u00e5rning:<\/strong>\u00a0Tack vare ny satellitteknik och 5G blir GPS-sp\u00e5rare \u00e4nnu mer exakta och tillf\u00f6rlitliga.<\/li>\n\n\n\n<li><strong>Intelligenta funktioner:<\/strong>\u00a0Artificiell intelligens g\u00f6r det m\u00f6jligt f\u00f6r GPS-sp\u00e5rare att k\u00e4nna igen m\u00f6nster och proaktivt varna dig.<\/li>\n\n\n\n<li><strong>Smart hemintegration:<\/strong>\u00a0Anslut din GPS-tracker till andra enheter och automatisera din vardag.<\/li>\n\n\n\n<li><strong>L\u00e4ngre batteritid:<\/strong>\u00a0Tack vare innovativ teknik kan GPS-sp\u00e5rare fungera i veckor utan att laddas.<\/li>\n<\/ul>\n\n\n\n<h5 class=\"wp-block-heading\"><strong>Varf\u00f6r du borde k\u00f6pa en GPS-tracker nu:<\/strong><\/h5>\n\n\n\n<p>GPS-sp\u00e5rningstekniken utvecklas snabbt. Investera i din s\u00e4kerhet nu och dra nytta av de senaste funktionerna.\u00a0<\/p>\n\n\n\n<h5 class=\"wp-block-heading\"><strong>Slutsats:<\/strong><\/h5>\n\n\n\n<p>En GPS-tracker \u00e4r mer \u00e4n bara en teknik \u2013 det \u00e4r din personliga skydds\u00e4ngel. Med en GPS-tracker f\u00e5r du trygghet, bekv\u00e4mlighet och frihet. Se sj\u00e4lv och uppt\u00e4ck dess m\u00e5nga anv\u00e4ndningsomr\u00e5den!<\/p>","protected":false},"excerpt":{"rendered":"<p>Sl\u00e4pp dem aldrig ur sikte igen: Framtiden f\u00f6r GPS-sp\u00e5rare T\u00e4nk dig att veta var dina n\u00e4ra och k\u00e4ra befinner sig n\u00e4r som helst och k\u00e4nna dig helt trygg. En&nbsp;GPS-tracker&nbsp;g\u00f6r denna \u00f6nskan till verklighet. Dessa innovativa enheter erbjuder mycket mer \u00e4n bara positionssp\u00e5rning \u2013 de revolutionerar v\u00e5r vardag och ger st\u00f6rre s\u00e4kerhet och komfort. Varf\u00f6r en [&hellip;]<\/p>\n","protected":false},"author":1,"featured_media":0,"parent":0,"menu_order":0,"comment_status":"closed","ping_status":"closed","template":"page-with-title","meta":{"footnotes":""},"class_list":["post-627","page","type-page","status-publish","hentry"],"aioseo_notices":[],"_links":{"self":[{"href":"https:\/\/www.falckab.se\/en\/wp-json\/wp\/v2\/pages\/627","targetHints":{"allow":["GET"]}}],"collection":[{"href":"https:\/\/www.falckab.se\/en\/wp-json\/wp\/v2\/pages"}],"about":[{"href":"https:\/\/www.falckab.se\/en\/wp-json\/wp\/v2\/types\/page"}],"author":[{"embeddable":true,"href":"https:\/\/www.falckab.se\/en\/wp-json\/wp\/v2\/users\/1"}],"replies":[{"embeddable":true,"href":"https:\/\/www.falckab.se\/en\/wp-json\/wp\/v2\/comments?post=627"}],"version-history":[{"count":2,"href":"https:\/\/www.falckab.se\/en\/wp-json\/wp\/v2\/pages\/627\/revisions"}],"predecessor-version":[{"id":630,"href":"https:\/\/www.falckab.se\/en\/wp-json\/wp\/v2\/pages\/627\/revisions\/630"}],"wp:attachment":[{"href":"https:\/\/www.falckab.se\/en\/wp-json\/wp\/v2\/media?parent=627"}],"curies":[{"name":"wp","href":"https:\/\/api.w.org\/{rel}","templated":true}]}}