{"id":611,"date":"2025-11-19T19:59:14","date_gmt":"2025-11-19T19:59:14","guid":{"rendered":"https:\/\/www.falckab.se\/?page_id=611"},"modified":"2025-11-19T20:52:22","modified_gmt":"2025-11-19T20:52:22","slug":"atta-saker-du-bor-veta-innan-du-koper-en-gps-tracker","status":"publish","type":"page","link":"https:\/\/www.falckab.se\/en\/atta-saker-du-bor-veta-innan-du-koper-en-gps-tracker\/","title":{"rendered":"\u00c5tta saker du b\u00f6r veta innan du k\u00f6per en GPS-tracker"},"content":{"rendered":"<figure class=\"wp-block-image size-full\"><img loading=\"lazy\" decoding=\"async\" width=\"940\" height=\"522\" src=\"https:\/\/www.falckab.se\/wp-content\/uploads\/2025\/11\/gps-before-u-buy-1.webp\" alt=\"\" class=\"wp-image-622\" style=\"aspect-ratio:16\/9;object-fit:cover\" srcset=\"https:\/\/www.falckab.se\/wp-content\/uploads\/2025\/11\/gps-before-u-buy-1.webp 940w, https:\/\/www.falckab.se\/wp-content\/uploads\/2025\/11\/gps-before-u-buy-1-300x167.webp 300w, https:\/\/www.falckab.se\/wp-content\/uploads\/2025\/11\/gps-before-u-buy-1-768x426.webp 768w, https:\/\/www.falckab.se\/wp-content\/uploads\/2025\/11\/gps-before-u-buy-1-18x10.webp 18w, https:\/\/www.falckab.se\/wp-content\/uploads\/2025\/11\/gps-before-u-buy-1-600x333.webp 600w\" sizes=\"auto, (max-width: 940px) 100vw, 940px\" \/><\/figure>\n\n\n\n<div class=\"wp-block-group alignfull has-global-padding is-content-justification-center is-layout-constrained wp-container-core-group-is-layout-df757ecc wp-block-group-is-layout-constrained\" style=\"margin-top:0;margin-bottom:0;padding-top:calc( 0.5 * var(--wp--style--root--padding-right, var(--wp--custom--gap--horizontal)));padding-right:var(--wp--style--root--padding-right, var(--wp--custom--gap--horizontal));padding-bottom:calc( 0.5 * var(--wp--style--root--padding-right, var(--wp--custom--gap--horizontal)));padding-left:var(--wp--style--root--padding-left, var(--wp--custom--gap--horizontal))\">\n<div style=\"height:calc( 0.25 * var(--wp--style--root--padding-right, var(--wp--custom--gap--horizontal)))\" aria-hidden=\"true\" class=\"wp-block-spacer\"><\/div>\n\n\n\n<p>I en alltmer sammankopplad v\u00e4rld spelar GPS-trackers en avg\u00f6rande roll f\u00f6r att garantera s\u00e4kerhet och kontroll \u2013 oavsett om det g\u00e4ller fordon, husdjur, barn eller v\u00e4rdesaker. Men innan du v\u00e4ljer en GPS-tracker finns det n\u00e5gra viktiga faktorer att t\u00e4nka p\u00e5. Det h\u00e4r blogginl\u00e4gget hj\u00e4lper dig att hitta r\u00e4tt tracker f\u00f6r dina behov.<\/p>\n\n\n\n<h3 class=\"wp-block-heading\"><strong>1. Definiera den avsedda anv\u00e4ndningen<\/strong><\/h3>\n\n\n\n<p>Innan du k\u00f6per en GPS-tracker b\u00f6r du fundera \u00f6ver vad du vill anv\u00e4nda den till. Det finns olika typer av trackers som \u00e4r specifikt utformade f\u00f6r vissa \u00e4ndam\u00e5l, till exempel:<\/p>\n\n\n\n<ul class=\"wp-block-list\">\n<li><strong>Fordonssp\u00e5rning<\/strong>\u00a0: Skydda din bil fr\u00e5n st\u00f6ld eller sp\u00e5ra dess plats i realtid.<\/li>\n\n\n\n<li><strong>Personlig sp\u00e5rning<\/strong>\u00a0: Perfekt f\u00f6r \u00f6vervakning av barn, \u00e4ldre personer eller i n\u00f6dsituationer.<\/li>\n\n\n\n<li><strong>Sp\u00e5rning av husdjur<\/strong>\u00a0: Hitta ditt borttappade husdjur snabbare.<\/li>\n\n\n\n<li><strong>Bagagesp\u00e5rning<\/strong>\u00a0: F\u00f6rhindra att dina v\u00e4skor kommer bort under resan. Genom att klarg\u00f6ra din avsedda anv\u00e4ndning kan du hitta r\u00e4tt sp\u00e5rare med l\u00e4mpliga funktioner.<\/li>\n<\/ul>\n\n\n\n<h3 class=\"wp-block-heading\"><strong>2. T\u00e4nk p\u00e5 batteriets livsl\u00e4ngd<\/strong><\/h3>\n\n\n\n<p>En avg\u00f6rande faktor n\u00e4r man v\u00e4ljer en GPS-tracker \u00e4r batteritiden. Den erforderliga batteritiden varierar avsev\u00e4rt beroende p\u00e5 den avsedda anv\u00e4ndningen:<\/p>\n\n\n\n<ul class=\"wp-block-list\">\n<li><strong>Fordonssp\u00e5rare<\/strong>\u00a0kr\u00e4ver ofta f\u00e4rre laddningscykler, eftersom de vanligtvis kan anslutas till fordonets batteri.<\/li>\n\n\n\n<li><strong>B\u00e4rbara sp\u00e5rare<\/strong>\u00a0f\u00f6r m\u00e4nniskor eller husdjur b\u00f6r \u00e5 andra sidan erbjuda l\u00e5ng batteritid f\u00f6r att s\u00e4kerst\u00e4lla kontinuerlig \u00f6vervakning. Var d\u00e4rf\u00f6r uppm\u00e4rksam p\u00e5 batterikapaciteten och fundera \u00f6ver hur ofta du \u00e4r villig att ladda sp\u00e5raren.<\/li>\n<\/ul>\n\n\n\n<p><strong>3. Noggrannhet och r\u00e4ckvidd<\/strong><\/p>\n\n\n\n<h3 class=\"wp-block-heading\"><strong>3. Noggrannhet och r\u00e4ckvidd<\/strong><\/h3>\n\n\n\n<p>GPS-trackers erbjuder varierande noggrannhet. Medan vissa trackers kan fastst\u00e4lla platsen med en noggrannhet p\u00e5 n\u00e5gra meter, \u00e4r andra mindre exakta. Noggrannheten beror ofta p\u00e5 antalet satelliter som trackeren har tillg\u00e5ng till. Du b\u00f6r ocks\u00e5 ta h\u00e4nsyn till r\u00e4ckvidden, s\u00e4rskilt om du planerar att anv\u00e4nda trackeren f\u00f6r resor eller i avl\u00e4gsna omr\u00e5den. V\u00e4lj en tracker som passar din geografiska plats.<\/p>\n\n\n\n<h3 class=\"wp-block-heading\"><strong>4. Kostnader och prenumerationer<\/strong><\/h3>\n\n\n\n<p>M\u00e5nga GPS-trackers kr\u00e4ver en m\u00e5nadsabonnemang f\u00f6r att anv\u00e4nda sp\u00e5rningstj\u00e4nster. Dessa kostnader kan snabbt \u00f6ka, s\u00e5 du b\u00f6r ta h\u00e4nsyn till b\u00e5de priset p\u00e5 enheten och de l\u00e5ngsiktiga abonnemangsavgifterna. Vissa trackers erbjuder \u00e4ven f\u00f6rbetalda alternativ eller eng\u00e5ngsavgifter, vilket ger dig mer flexibilitet med din budget. Se till att m\u00e5nadsavgifterna passar din budget.<\/p>\n\n\n\n<h3 class=\"wp-block-heading\"><strong>5. L\u00e4tt att anv\u00e4nda<\/strong><\/h3>\n\n\n\n<p>En GPS-tracker b\u00f6r vara enkel att anv\u00e4nda, s\u00e4rskilt om den \u00e4r avsedd f\u00f6r familjemedlemmar eller barn. Kontrollera om trackern styrs via en intuitiv app eller webbplattform. Anv\u00e4ndargr\u00e4nssnittet b\u00f6r vara tydligt och \u00f6versk\u00e5dligt s\u00e5 att du snabbt och enkelt kan komma \u00e5t platsen n\u00e4r som helst. Vissa trackers erbjuder \u00e4ven SOS-funktioner eller automatiska varningar f\u00f6r vissa h\u00e4ndelser, vilket f\u00f6renklar anv\u00e4ndningen.<\/p>\n\n\n\n<h3 class=\"wp-block-heading\"><strong>6. Storlek och vikt<\/strong><\/h3>\n\n\n\n<p>Storleken och vikten p\u00e5 en GPS-tracker \u00e4r viktiga, s\u00e4rskilt om den \u00e4r avsedd att vara b\u00e4rbar. En tracker som \u00e4r f\u00f6r stor eller tung kan vara opraktisk, s\u00e4rskilt f\u00f6r husdjur, barn eller personer med s\u00e4rskilda behov. V\u00e4lj en tracker som \u00e4r l\u00e4tt och kompakt nog att bekv\u00e4mt b\u00e4ra eller f\u00e4sta p\u00e5 din utrustning.<\/p>\n\n\n\n<h3 class=\"wp-block-heading\"><strong>7. Dataskydd och s\u00e4kerhet<\/strong><\/h3>\n\n\n\n<p>En annan viktig aspekt av GPS-sp\u00e5rare \u00e4r dataskydd. GPS-sp\u00e5rare samlar in k\u00e4nslig platsdata som inte b\u00f6r hamna i fel h\u00e4nder. Se till att leverant\u00f6ren anv\u00e4nder stark kryptering och har en integritetspolicy. Ta reda p\u00e5 hur tillverkaren hanterar den insamlade informationen och vilka s\u00e4kerhets\u00e5tg\u00e4rder som finns p\u00e5 plats f\u00f6r att f\u00f6rhindra obeh\u00f6rig \u00e5tkomst.<\/p>\n\n\n\n<h3 class=\"wp-block-heading\"><strong>8. Ytterligare funktioner och extrafunktioner<\/strong><\/h3>\n\n\n\n<p><strong>8. Ytterligare funktioner och extrafunktioner<\/strong><\/p>\n\n\n\n<p>Beroende p\u00e5 avsedd anv\u00e4ndning kan ytterligare funktioner vara mycket anv\u00e4ndbara. H\u00e4r \u00e4r n\u00e5gra exempel:<\/p>\n\n\n\n<ul class=\"wp-block-list\">\n<li><strong>Geo-fencing<\/strong>\u00a0: St\u00e4ll in virtuella gr\u00e4nser och f\u00e5 aviseringar n\u00e4r sp\u00e5raren korsar dessa gr\u00e4nser.<\/li>\n\n\n\n<li><strong>SOS-larm<\/strong>\u00a0: S\u00e4rskilt f\u00f6r barn eller \u00e4ldre som beh\u00f6ver hj\u00e4lp i en n\u00f6dsituation.<\/li>\n\n\n\n<li><strong>R\u00f6relsesensorer<\/strong>\u00a0: Vissa sp\u00e5rare erbjuder \u00e4ven r\u00f6relsedetektering som varnar dig f\u00f6r ovanlig aktivitet. Fundera \u00f6ver vilka extrafunktioner som \u00e4r anv\u00e4ndbara f\u00f6r dig och v\u00e4lj en sp\u00e5rare som st\u00f6der dessa funktioner.<\/li>\n<\/ul>\n\n\n\n<h3 class=\"wp-block-heading\"><strong>Slutsats<\/strong><\/h3>\n\n\n\n<p>Att k\u00f6pa en GPS-tracker \u00e4r en v\u00e4rdefull investering i s\u00e4kerhet och kontroll, oavsett om det g\u00e4ller fordon, husdjur, barn eller v\u00e4rdesaker. F\u00f6r att g\u00f6ra r\u00e4tt val b\u00f6r du \u00f6verv\u00e4ga den avsedda anv\u00e4ndningen, batteritid, noggrannhet och andra viktiga faktorer. Dessa 8 tips hj\u00e4lper dig att vara v\u00e4l f\u00f6rberedd och se till att du hittar den GPS-tracker som uppfyller dina behov.<\/p>\n\n\n\n<div style=\"height:calc( 0.25 * var(--wp--style--root--padding-right, var(--wp--custom--gap--horizontal)))\" aria-hidden=\"true\" class=\"wp-block-spacer\"><\/div>\n<\/div>","protected":false},"excerpt":{"rendered":"<p>I en alltmer sammankopplad v\u00e4rld spelar GPS-trackers en avg\u00f6rande roll f\u00f6r att garantera s\u00e4kerhet och kontroll \u2013 oavsett om det g\u00e4ller fordon, husdjur, barn eller v\u00e4rdesaker. Men innan du v\u00e4ljer en GPS-tracker finns det n\u00e5gra viktiga faktorer att t\u00e4nka p\u00e5. Det h\u00e4r blogginl\u00e4gget hj\u00e4lper dig att hitta r\u00e4tt tracker f\u00f6r dina behov. 1. Definiera den [&hellip;]<\/p>\n","protected":false},"author":1,"featured_media":0,"parent":0,"menu_order":0,"comment_status":"closed","ping_status":"closed","template":"page-with-title","meta":{"footnotes":""},"class_list":["post-611","page","type-page","status-publish","hentry"],"aioseo_notices":[],"_links":{"self":[{"href":"https:\/\/www.falckab.se\/en\/wp-json\/wp\/v2\/pages\/611","targetHints":{"allow":["GET"]}}],"collection":[{"href":"https:\/\/www.falckab.se\/en\/wp-json\/wp\/v2\/pages"}],"about":[{"href":"https:\/\/www.falckab.se\/en\/wp-json\/wp\/v2\/types\/page"}],"author":[{"embeddable":true,"href":"https:\/\/www.falckab.se\/en\/wp-json\/wp\/v2\/users\/1"}],"replies":[{"embeddable":true,"href":"https:\/\/www.falckab.se\/en\/wp-json\/wp\/v2\/comments?post=611"}],"version-history":[{"count":5,"href":"https:\/\/www.falckab.se\/en\/wp-json\/wp\/v2\/pages\/611\/revisions"}],"predecessor-version":[{"id":625,"href":"https:\/\/www.falckab.se\/en\/wp-json\/wp\/v2\/pages\/611\/revisions\/625"}],"wp:attachment":[{"href":"https:\/\/www.falckab.se\/en\/wp-json\/wp\/v2\/media?parent=611"}],"curies":[{"name":"wp","href":"https:\/\/api.w.org\/{rel}","templated":true}]}}