{"id":47,"date":"2025-11-10T09:24:26","date_gmt":"2025-11-10T09:24:26","guid":{"rendered":"https:\/\/www.falckab.se\/galleri\/"},"modified":"2025-11-12T23:35:11","modified_gmt":"2025-11-12T23:35:11","slug":"galleri","status":"publish","type":"page","link":"https:\/\/www.falckab.se\/en\/galleri\/","title":{"rendered":"Portfolio"},"content":{"rendered":"<div class=\"wp-block-group alignfull has-background-background-color has-background has-global-padding is-layout-constrained wp-block-group-is-layout-constrained\" id=\"galleri\" style=\"margin-top:0;margin-bottom:0;padding-top:var(--wp--preset--spacing--60);padding-bottom:var(--wp--preset--spacing--60)\">\n<figure class=\"wp-block-gallery alignwide has-nested-images columns-default is-cropped wp-block-gallery-1 is-layout-flex wp-block-gallery-is-layout-flex\">\n<figure data-wp-context=\"{&quot;imageId&quot;:&quot;69f2758c2622f&quot;}\" data-wp-interactive=\"core\/image\" data-wp-key=\"69f2758c2622f\" class=\"wp-block-image size-large has-custom-border wp-lightbox-container\"><img loading=\"lazy\" decoding=\"async\" width=\"960\" height=\"1440\" data-wp-class--hide=\"state.isContentHidden\" data-wp-class--show=\"state.isContentVisible\" data-wp-init=\"callbacks.setButtonStyles\" data-wp-on--click=\"actions.showLightbox\" data-wp-on--load=\"callbacks.setButtonStyles\" data-wp-on-window--resize=\"callbacks.setButtonStyles\" data-id=\"85\" class=\"wp-image-85\" src=\"https:\/\/www.falckab.se\/wp-content\/uploads\/2025\/11\/7e164315b2045ec8d1409b8d0144fa3a4ccad73d.jpg\" alt=\"\" style=\"border-radius:1.5rem\" srcset=\"https:\/\/www.falckab.se\/wp-content\/uploads\/2025\/11\/7e164315b2045ec8d1409b8d0144fa3a4ccad73d.jpg 960w, https:\/\/www.falckab.se\/wp-content\/uploads\/2025\/11\/7e164315b2045ec8d1409b8d0144fa3a4ccad73d-200x300.jpg 200w, https:\/\/www.falckab.se\/wp-content\/uploads\/2025\/11\/7e164315b2045ec8d1409b8d0144fa3a4ccad73d-683x1024.jpg 683w, https:\/\/www.falckab.se\/wp-content\/uploads\/2025\/11\/7e164315b2045ec8d1409b8d0144fa3a4ccad73d-768x1152.jpg 768w, https:\/\/www.falckab.se\/wp-content\/uploads\/2025\/11\/7e164315b2045ec8d1409b8d0144fa3a4ccad73d-600x900.jpg 600w\" sizes=\"auto, (max-width: 960px) 100vw, 960px\" \/><button\n\t\t\tclass=\"lightbox-trigger\"\n\t\t\ttype=\"button\"\n\t\t\taria-haspopup=\"dialog\"\n\t\t\taria-label=\"Enlarge\"\n\t\t\tdata-wp-init=\"callbacks.initTriggerButton\"\n\t\t\tdata-wp-on--click=\"actions.showLightbox\"\n\t\t\tdata-wp-style--right=\"state.imageButtonRight\"\n\t\t\tdata-wp-style--top=\"state.imageButtonTop\"\n\t\t>\n\t\t\t<svg xmlns=\"http:\/\/www.w3.org\/2000\/svg\" width=\"12\" height=\"12\" fill=\"none\" viewbox=\"0 0 12 12\">\n\t\t\t\t<path fill=\"#fff\" d=\"M2 0a2 2 0 0 0-2 2v2h1.5V2a.5.5 0 0 1 .5-.5h2V0H2Zm2 10.5H2a.5.5 0 0 1-.5-.5V8H0v2a2 2 0 0 0 2 2h2v-1.5ZM8 12v-1.5h2a.5.5 0 0 0 .5-.5V8H12v2a2 2 0 0 1-2 2H8Zm2-12a2 2 0 0 1 2 2v2h-1.5V2a.5.5 0 0 0-.5-.5H8V0h2Z\" \/>\n\t\t\t<\/svg>\n\t\t<\/button><\/figure>\n\n\n\n<figure data-wp-context=\"{&quot;imageId&quot;:&quot;69f2758c2646f&quot;}\" data-wp-interactive=\"core\/image\" data-wp-key=\"69f2758c2646f\" class=\"wp-block-image size-large has-custom-border wp-lightbox-container\"><img loading=\"lazy\" decoding=\"async\" width=\"960\" height=\"1440\" data-wp-class--hide=\"state.isContentHidden\" data-wp-class--show=\"state.isContentVisible\" data-wp-init=\"callbacks.setButtonStyles\" data-wp-on--click=\"actions.showLightbox\" data-wp-on--load=\"callbacks.setButtonStyles\" data-wp-on-window--resize=\"callbacks.setButtonStyles\" data-id=\"89\" class=\"wp-image-89\" src=\"https:\/\/www.falckab.se\/wp-content\/uploads\/2025\/11\/4acc8e23d6903f1df9fb4b9f4edd16b9b7d75686.jpg\" alt=\"\" style=\"border-radius:1.5rem\" srcset=\"https:\/\/www.falckab.se\/wp-content\/uploads\/2025\/11\/4acc8e23d6903f1df9fb4b9f4edd16b9b7d75686.jpg 960w, https:\/\/www.falckab.se\/wp-content\/uploads\/2025\/11\/4acc8e23d6903f1df9fb4b9f4edd16b9b7d75686-200x300.jpg 200w, https:\/\/www.falckab.se\/wp-content\/uploads\/2025\/11\/4acc8e23d6903f1df9fb4b9f4edd16b9b7d75686-683x1024.jpg 683w, https:\/\/www.falckab.se\/wp-content\/uploads\/2025\/11\/4acc8e23d6903f1df9fb4b9f4edd16b9b7d75686-768x1152.jpg 768w, https:\/\/www.falckab.se\/wp-content\/uploads\/2025\/11\/4acc8e23d6903f1df9fb4b9f4edd16b9b7d75686-600x900.jpg 600w\" sizes=\"auto, (max-width: 960px) 100vw, 960px\" \/><button\n\t\t\tclass=\"lightbox-trigger\"\n\t\t\ttype=\"button\"\n\t\t\taria-haspopup=\"dialog\"\n\t\t\taria-label=\"Enlarge\"\n\t\t\tdata-wp-init=\"callbacks.initTriggerButton\"\n\t\t\tdata-wp-on--click=\"actions.showLightbox\"\n\t\t\tdata-wp-style--right=\"state.imageButtonRight\"\n\t\t\tdata-wp-style--top=\"state.imageButtonTop\"\n\t\t>\n\t\t\t<svg xmlns=\"http:\/\/www.w3.org\/2000\/svg\" width=\"12\" height=\"12\" fill=\"none\" viewbox=\"0 0 12 12\">\n\t\t\t\t<path fill=\"#fff\" d=\"M2 0a2 2 0 0 0-2 2v2h1.5V2a.5.5 0 0 1 .5-.5h2V0H2Zm2 10.5H2a.5.5 0 0 1-.5-.5V8H0v2a2 2 0 0 0 2 2h2v-1.5ZM8 12v-1.5h2a.5.5 0 0 0 .5-.5V8H12v2a2 2 0 0 1-2 2H8Zm2-12a2 2 0 0 1 2 2v2h-1.5V2a.5.5 0 0 0-.5-.5H8V0h2Z\" \/>\n\t\t\t<\/svg>\n\t\t<\/button><\/figure>\n\n\n\n<figure data-wp-context=\"{&quot;imageId&quot;:&quot;69f2758c254cb&quot;}\" data-wp-interactive=\"core\/image\" data-wp-key=\"69f2758c254cb\" class=\"wp-block-image size-large has-custom-border wp-lightbox-container\"><img loading=\"lazy\" decoding=\"async\" width=\"960\" height=\"1440\" data-wp-class--hide=\"state.isContentHidden\" data-wp-class--show=\"state.isContentVisible\" data-wp-init=\"callbacks.setButtonStyles\" data-wp-on--click=\"actions.showLightbox\" data-wp-on--load=\"callbacks.setButtonStyles\" data-wp-on-window--resize=\"callbacks.setButtonStyles\" data-id=\"89\" class=\"wp-image-89\" src=\"https:\/\/www.falckab.se\/wp-content\/uploads\/2025\/11\/4acc8e23d6903f1df9fb4b9f4edd16b9b7d75686.jpg\" alt=\"\" style=\"border-radius:1.5rem\" srcset=\"https:\/\/www.falckab.se\/wp-content\/uploads\/2025\/11\/4acc8e23d6903f1df9fb4b9f4edd16b9b7d75686.jpg 960w, https:\/\/www.falckab.se\/wp-content\/uploads\/2025\/11\/4acc8e23d6903f1df9fb4b9f4edd16b9b7d75686-200x300.jpg 200w, https:\/\/www.falckab.se\/wp-content\/uploads\/2025\/11\/4acc8e23d6903f1df9fb4b9f4edd16b9b7d75686-683x1024.jpg 683w, https:\/\/www.falckab.se\/wp-content\/uploads\/2025\/11\/4acc8e23d6903f1df9fb4b9f4edd16b9b7d75686-768x1152.jpg 768w, https:\/\/www.falckab.se\/wp-content\/uploads\/2025\/11\/4acc8e23d6903f1df9fb4b9f4edd16b9b7d75686-600x900.jpg 600w\" sizes=\"auto, (max-width: 960px) 100vw, 960px\" \/><button\n\t\t\tclass=\"lightbox-trigger\"\n\t\t\ttype=\"button\"\n\t\t\taria-haspopup=\"dialog\"\n\t\t\taria-label=\"Enlarge\"\n\t\t\tdata-wp-init=\"callbacks.initTriggerButton\"\n\t\t\tdata-wp-on--click=\"actions.showLightbox\"\n\t\t\tdata-wp-style--right=\"state.imageButtonRight\"\n\t\t\tdata-wp-style--top=\"state.imageButtonTop\"\n\t\t>\n\t\t\t<svg xmlns=\"http:\/\/www.w3.org\/2000\/svg\" width=\"12\" height=\"12\" fill=\"none\" viewbox=\"0 0 12 12\">\n\t\t\t\t<path fill=\"#fff\" d=\"M2 0a2 2 0 0 0-2 2v2h1.5V2a.5.5 0 0 1 .5-.5h2V0H2Zm2 10.5H2a.5.5 0 0 1-.5-.5V8H0v2a2 2 0 0 0 2 2h2v-1.5ZM8 12v-1.5h2a.5.5 0 0 0 .5-.5V8H12v2a2 2 0 0 1-2 2H8Zm2-12a2 2 0 0 1 2 2v2h-1.5V2a.5.5 0 0 0-.5-.5H8V0h2Z\" \/>\n\t\t\t<\/svg>\n\t\t<\/button><\/figure>\n\n\n\n<figure data-wp-context=\"{&quot;imageId&quot;:&quot;69f2758c2592d&quot;}\" data-wp-interactive=\"core\/image\" data-wp-key=\"69f2758c2592d\" class=\"wp-block-image size-large has-custom-border wp-lightbox-container\"><img loading=\"lazy\" decoding=\"async\" width=\"1440\" height=\"811\" data-wp-class--hide=\"state.isContentHidden\" data-wp-class--show=\"state.isContentVisible\" data-wp-init=\"callbacks.setButtonStyles\" data-wp-on--click=\"actions.showLightbox\" data-wp-on--load=\"callbacks.setButtonStyles\" data-wp-on-window--resize=\"callbacks.setButtonStyles\" data-id=\"104\" class=\"wp-image-104\" src=\"https:\/\/www.falckab.se\/wp-content\/uploads\/2025\/11\/42149509d330afe057734ad543a69bc7300875a9.jpg\" alt=\"\" style=\"border-radius:1.5rem\" srcset=\"https:\/\/www.falckab.se\/wp-content\/uploads\/2025\/11\/42149509d330afe057734ad543a69bc7300875a9.jpg 1440w, https:\/\/www.falckab.se\/wp-content\/uploads\/2025\/11\/42149509d330afe057734ad543a69bc7300875a9-300x169.jpg 300w, https:\/\/www.falckab.se\/wp-content\/uploads\/2025\/11\/42149509d330afe057734ad543a69bc7300875a9-1024x577.jpg 1024w, https:\/\/www.falckab.se\/wp-content\/uploads\/2025\/11\/42149509d330afe057734ad543a69bc7300875a9-768x433.jpg 768w, https:\/\/www.falckab.se\/wp-content\/uploads\/2025\/11\/42149509d330afe057734ad543a69bc7300875a9-600x338.jpg 600w\" sizes=\"auto, (max-width: 1440px) 100vw, 1440px\" \/><button\n\t\t\tclass=\"lightbox-trigger\"\n\t\t\ttype=\"button\"\n\t\t\taria-haspopup=\"dialog\"\n\t\t\taria-label=\"Enlarge\"\n\t\t\tdata-wp-init=\"callbacks.initTriggerButton\"\n\t\t\tdata-wp-on--click=\"actions.showLightbox\"\n\t\t\tdata-wp-style--right=\"state.imageButtonRight\"\n\t\t\tdata-wp-style--top=\"state.imageButtonTop\"\n\t\t>\n\t\t\t<svg xmlns=\"http:\/\/www.w3.org\/2000\/svg\" width=\"12\" height=\"12\" fill=\"none\" viewbox=\"0 0 12 12\">\n\t\t\t\t<path fill=\"#fff\" d=\"M2 0a2 2 0 0 0-2 2v2h1.5V2a.5.5 0 0 1 .5-.5h2V0H2Zm2 10.5H2a.5.5 0 0 1-.5-.5V8H0v2a2 2 0 0 0 2 2h2v-1.5ZM8 12v-1.5h2a.5.5 0 0 0 .5-.5V8H12v2a2 2 0 0 1-2 2H8Zm2-12a2 2 0 0 1 2 2v2h-1.5V2a.5.5 0 0 0-.5-.5H8V0h2Z\" \/>\n\t\t\t<\/svg>\n\t\t<\/button><\/figure>\n\n\n\n<figure data-wp-context=\"{&quot;imageId&quot;:&quot;69f2758c24f53&quot;}\" data-wp-interactive=\"core\/image\" data-wp-key=\"69f2758c24f53\" class=\"wp-block-image size-large has-custom-border wp-lightbox-container\"><img loading=\"lazy\" decoding=\"async\" width=\"960\" height=\"1440\" data-wp-class--hide=\"state.isContentHidden\" data-wp-class--show=\"state.isContentVisible\" data-wp-init=\"callbacks.setButtonStyles\" data-wp-on--click=\"actions.showLightbox\" data-wp-on--load=\"callbacks.setButtonStyles\" data-wp-on-window--resize=\"callbacks.setButtonStyles\" data-id=\"88\" class=\"wp-image-88\" src=\"https:\/\/www.falckab.se\/wp-content\/uploads\/2025\/11\/9675ae954e6a91f3a03293a042eebba0f0afbeb7.jpg\" alt=\"\" style=\"border-radius:1.5rem\" srcset=\"https:\/\/www.falckab.se\/wp-content\/uploads\/2025\/11\/9675ae954e6a91f3a03293a042eebba0f0afbeb7.jpg 960w, https:\/\/www.falckab.se\/wp-content\/uploads\/2025\/11\/9675ae954e6a91f3a03293a042eebba0f0afbeb7-200x300.jpg 200w, https:\/\/www.falckab.se\/wp-content\/uploads\/2025\/11\/9675ae954e6a91f3a03293a042eebba0f0afbeb7-683x1024.jpg 683w, https:\/\/www.falckab.se\/wp-content\/uploads\/2025\/11\/9675ae954e6a91f3a03293a042eebba0f0afbeb7-768x1152.jpg 768w, https:\/\/www.falckab.se\/wp-content\/uploads\/2025\/11\/9675ae954e6a91f3a03293a042eebba0f0afbeb7-600x900.jpg 600w\" sizes=\"auto, (max-width: 960px) 100vw, 960px\" \/><button\n\t\t\tclass=\"lightbox-trigger\"\n\t\t\ttype=\"button\"\n\t\t\taria-haspopup=\"dialog\"\n\t\t\taria-label=\"Enlarge\"\n\t\t\tdata-wp-init=\"callbacks.initTriggerButton\"\n\t\t\tdata-wp-on--click=\"actions.showLightbox\"\n\t\t\tdata-wp-style--right=\"state.imageButtonRight\"\n\t\t\tdata-wp-style--top=\"state.imageButtonTop\"\n\t\t>\n\t\t\t<svg xmlns=\"http:\/\/www.w3.org\/2000\/svg\" width=\"12\" height=\"12\" fill=\"none\" viewbox=\"0 0 12 12\">\n\t\t\t\t<path fill=\"#fff\" d=\"M2 0a2 2 0 0 0-2 2v2h1.5V2a.5.5 0 0 1 .5-.5h2V0H2Zm2 10.5H2a.5.5 0 0 1-.5-.5V8H0v2a2 2 0 0 0 2 2h2v-1.5ZM8 12v-1.5h2a.5.5 0 0 0 .5-.5V8H12v2a2 2 0 0 1-2 2H8Zm2-12a2 2 0 0 1 2 2v2h-1.5V2a.5.5 0 0 0-.5-.5H8V0h2Z\" \/>\n\t\t\t<\/svg>\n\t\t<\/button><\/figure>\n\n\n\n<figure data-wp-context=\"{&quot;imageId&quot;:&quot;69f2758c25d80&quot;}\" data-wp-interactive=\"core\/image\" data-wp-key=\"69f2758c25d80\" class=\"wp-block-image size-large has-custom-border wp-lightbox-container\"><img loading=\"lazy\" decoding=\"async\" width=\"1440\" height=\"1440\" data-wp-class--hide=\"state.isContentHidden\" data-wp-class--show=\"state.isContentVisible\" data-wp-init=\"callbacks.setButtonStyles\" data-wp-on--click=\"actions.showLightbox\" data-wp-on--load=\"callbacks.setButtonStyles\" data-wp-on-window--resize=\"callbacks.setButtonStyles\" data-id=\"107\" class=\"wp-image-107\" src=\"https:\/\/www.falckab.se\/wp-content\/uploads\/2025\/11\/6856c6f33b889f188743b33032ca5fb1cd78ef84.jpg\" alt=\"\" style=\"border-radius:1.5rem\" srcset=\"https:\/\/www.falckab.se\/wp-content\/uploads\/2025\/11\/6856c6f33b889f188743b33032ca5fb1cd78ef84.jpg 1440w, https:\/\/www.falckab.se\/wp-content\/uploads\/2025\/11\/6856c6f33b889f188743b33032ca5fb1cd78ef84-300x300.jpg 300w, https:\/\/www.falckab.se\/wp-content\/uploads\/2025\/11\/6856c6f33b889f188743b33032ca5fb1cd78ef84-1024x1024.jpg 1024w, https:\/\/www.falckab.se\/wp-content\/uploads\/2025\/11\/6856c6f33b889f188743b33032ca5fb1cd78ef84-150x150.jpg 150w, https:\/\/www.falckab.se\/wp-content\/uploads\/2025\/11\/6856c6f33b889f188743b33032ca5fb1cd78ef84-768x768.jpg 768w, https:\/\/www.falckab.se\/wp-content\/uploads\/2025\/11\/6856c6f33b889f188743b33032ca5fb1cd78ef84-600x600.jpg 600w, https:\/\/www.falckab.se\/wp-content\/uploads\/2025\/11\/6856c6f33b889f188743b33032ca5fb1cd78ef84-100x100.jpg 100w\" sizes=\"auto, (max-width: 1440px) 100vw, 1440px\" \/><button\n\t\t\tclass=\"lightbox-trigger\"\n\t\t\ttype=\"button\"\n\t\t\taria-haspopup=\"dialog\"\n\t\t\taria-label=\"Enlarge\"\n\t\t\tdata-wp-init=\"callbacks.initTriggerButton\"\n\t\t\tdata-wp-on--click=\"actions.showLightbox\"\n\t\t\tdata-wp-style--right=\"state.imageButtonRight\"\n\t\t\tdata-wp-style--top=\"state.imageButtonTop\"\n\t\t>\n\t\t\t<svg xmlns=\"http:\/\/www.w3.org\/2000\/svg\" width=\"12\" height=\"12\" fill=\"none\" viewbox=\"0 0 12 12\">\n\t\t\t\t<path fill=\"#fff\" d=\"M2 0a2 2 0 0 0-2 2v2h1.5V2a.5.5 0 0 1 .5-.5h2V0H2Zm2 10.5H2a.5.5 0 0 1-.5-.5V8H0v2a2 2 0 0 0 2 2h2v-1.5ZM8 12v-1.5h2a.5.5 0 0 0 .5-.5V8H12v2a2 2 0 0 1-2 2H8Zm2-12a2 2 0 0 1 2 2v2h-1.5V2a.5.5 0 0 0-.5-.5H8V0h2Z\" \/>\n\t\t\t<\/svg>\n\t\t<\/button><\/figure>\n<\/figure>\n<\/div>\n\n<div class=\"wp-block-group alignfull has-tertiary-background-color has-background has-global-padding is-layout-constrained wp-container-core-group-is-layout-254d6575 wp-block-group-is-layout-constrained\" id=\"portfolj\" style=\"margin-top:0;margin-bottom:0;padding-top:var(--wp--preset--spacing--60);padding-right:var(--wp--preset--spacing--30);padding-bottom:var(--wp--preset--spacing--60);padding-left:var(--wp--preset--spacing--30)\">\n<div class=\"wp-block-group alignwide is-vertical is-layout-flex wp-container-core-group-is-layout-c509e09b wp-block-group-is-layout-flex\" style=\"margin-bottom:var(--wp--preset--spacing--50)\">\n<div class=\"wp-block-group alignwide has-global-padding is-content-justification-left is-layout-constrained wp-container-core-group-is-layout-8b4c372c wp-block-group-is-layout-constrained\">\n<h2 class=\"wp-block-heading has-large-font-size\">Falckab \u2013 experter p\u00e5 sp\u00e5rning och filmproduktion<\/h2>\n\n\n\n<p style=\"margin-top:16px\">Uppt\u00e4ck v\u00e5ra utvalda projekt som speglar v\u00e5r kreativitet, tekniska skicklighet och engagemang f\u00f6r kvalitet.<\/p>\n<\/div>\n<\/div>\n\n\n\n<div class=\"wp-block-cover alignwide has-aspect-ratio\" style=\"border-radius:2rem;padding-top:var(--wp--preset--spacing--80);padding-right:var(--wp--preset--spacing--40);padding-bottom:var(--wp--preset--spacing--80);padding-left:var(--wp--preset--spacing--40);min-height:50vh;aspect-ratio:auto;min-height:unset;\"><img loading=\"lazy\" decoding=\"async\" width=\"960\" height=\"1440\" class=\"wp-block-cover__image-background wp-image-91\" alt=\"\" src=\"https:\/\/www.falckab.se\/wp-content\/uploads\/2025\/11\/911f09240835f26ea7091f2cbbbab7331db4de7f.jpg\" data-object-fit=\"cover\" srcset=\"https:\/\/www.falckab.se\/wp-content\/uploads\/2025\/11\/911f09240835f26ea7091f2cbbbab7331db4de7f.jpg 960w, https:\/\/www.falckab.se\/wp-content\/uploads\/2025\/11\/911f09240835f26ea7091f2cbbbab7331db4de7f-200x300.jpg 200w, https:\/\/www.falckab.se\/wp-content\/uploads\/2025\/11\/911f09240835f26ea7091f2cbbbab7331db4de7f-683x1024.jpg 683w, https:\/\/www.falckab.se\/wp-content\/uploads\/2025\/11\/911f09240835f26ea7091f2cbbbab7331db4de7f-768x1152.jpg 768w, https:\/\/www.falckab.se\/wp-content\/uploads\/2025\/11\/911f09240835f26ea7091f2cbbbab7331db4de7f-600x900.jpg 600w\" sizes=\"auto, (max-width: 960px) 100vw, 960px\" \/><span aria-hidden=\"true\" class=\"wp-block-cover__background has-black-background-color has-background-dim-60 has-background-dim\"><\/span><div class=\"wp-block-cover__inner-container is-layout-flow wp-block-cover-is-layout-flow\">\n<div class=\"wp-block-group is-vertical is-layout-flex wp-container-core-group-is-layout-fe9cc265 wp-block-group-is-layout-flex\">\n<div class=\"wp-block-group has-global-padding is-layout-constrained wp-container-core-group-is-layout-e0082cf6 wp-block-group-is-layout-constrained\">\n<h4 class=\"wp-block-heading has-white-color has-text-color has-small-font-size\" style=\"margin-top:24px;font-style:normal;font-weight:400\">Sp\u00e5rningsl\u00f6sning i stadsmilj\u00f6<\/h4>\n\n\n\n<h3 class=\"wp-block-heading has-white-color has-text-color has-large-font-size\" style=\"margin-top:12px\">Urban Sp\u00e5rning<\/h3>\n\n\n\n<p>En innovativ l\u00f6sning som f\u00f6rb\u00e4ttrar tryggheten med avancerad GPS-teknik.<\/p>\n<\/div>\n<\/div>\n<\/div><\/div>\n\n\n\n<div class=\"wp-block-cover alignwide has-aspect-ratio\" style=\"border-radius:2rem;padding-top:var(--wp--preset--spacing--80);padding-right:var(--wp--preset--spacing--40);padding-bottom:var(--wp--preset--spacing--80);padding-left:var(--wp--preset--spacing--40);min-height:50vh;aspect-ratio:auto;min-height:unset;\"><img loading=\"lazy\" decoding=\"async\" width=\"960\" height=\"1440\" class=\"wp-block-cover__image-background wp-image-91\" alt=\"\" src=\"https:\/\/www.falckab.se\/wp-content\/uploads\/2025\/11\/911f09240835f26ea7091f2cbbbab7331db4de7f.jpg\" data-object-fit=\"cover\" srcset=\"https:\/\/www.falckab.se\/wp-content\/uploads\/2025\/11\/911f09240835f26ea7091f2cbbbab7331db4de7f.jpg 960w, https:\/\/www.falckab.se\/wp-content\/uploads\/2025\/11\/911f09240835f26ea7091f2cbbbab7331db4de7f-200x300.jpg 200w, https:\/\/www.falckab.se\/wp-content\/uploads\/2025\/11\/911f09240835f26ea7091f2cbbbab7331db4de7f-683x1024.jpg 683w, https:\/\/www.falckab.se\/wp-content\/uploads\/2025\/11\/911f09240835f26ea7091f2cbbbab7331db4de7f-768x1152.jpg 768w, https:\/\/www.falckab.se\/wp-content\/uploads\/2025\/11\/911f09240835f26ea7091f2cbbbab7331db4de7f-600x900.jpg 600w\" sizes=\"auto, (max-width: 960px) 100vw, 960px\" \/><span aria-hidden=\"true\" class=\"wp-block-cover__background has-black-background-color has-background-dim-60 has-background-dim\"><\/span><div class=\"wp-block-cover__inner-container is-layout-flow wp-block-cover-is-layout-flow\">\n<div class=\"wp-block-group is-vertical is-layout-flex wp-container-core-group-is-layout-fe9cc265 wp-block-group-is-layout-flex\">\n<div class=\"wp-block-group has-global-padding is-layout-constrained wp-container-core-group-is-layout-e0082cf6 wp-block-group-is-layout-constrained\">\n<h4 class=\"wp-block-heading has-white-color has-text-color has-small-font-size\" style=\"margin-top:24px;font-style:normal;font-weight:400\">Reklamfilm f\u00f6r h\u00e5llbarhet<\/h4>\n\n\n\n<h3 class=\"wp-block-heading has-white-color has-text-color has-large-font-size\" style=\"margin-top:12px\">Milj\u00f6kampanj<\/h3>\n\n\n\n<p>En kreativ produktion som lyfter fram milj\u00f6medvetenhet genom film.<\/p>\n<\/div>\n<\/div>\n<\/div><\/div>\n\n\n\n<div class=\"wp-block-cover alignwide has-aspect-ratio\" style=\"border-radius:2rem;padding-top:var(--wp--preset--spacing--80);padding-right:var(--wp--preset--spacing--40);padding-bottom:var(--wp--preset--spacing--80);padding-left:var(--wp--preset--spacing--40);min-height:50vh;aspect-ratio:auto;min-height:unset;\"><img loading=\"lazy\" decoding=\"async\" width=\"960\" height=\"1440\" class=\"wp-block-cover__image-background wp-image-91\" alt=\"\" src=\"https:\/\/www.falckab.se\/wp-content\/uploads\/2025\/11\/911f09240835f26ea7091f2cbbbab7331db4de7f.jpg\" data-object-fit=\"cover\" srcset=\"https:\/\/www.falckab.se\/wp-content\/uploads\/2025\/11\/911f09240835f26ea7091f2cbbbab7331db4de7f.jpg 960w, https:\/\/www.falckab.se\/wp-content\/uploads\/2025\/11\/911f09240835f26ea7091f2cbbbab7331db4de7f-200x300.jpg 200w, https:\/\/www.falckab.se\/wp-content\/uploads\/2025\/11\/911f09240835f26ea7091f2cbbbab7331db4de7f-683x1024.jpg 683w, https:\/\/www.falckab.se\/wp-content\/uploads\/2025\/11\/911f09240835f26ea7091f2cbbbab7331db4de7f-768x1152.jpg 768w, https:\/\/www.falckab.se\/wp-content\/uploads\/2025\/11\/911f09240835f26ea7091f2cbbbab7331db4de7f-600x900.jpg 600w\" sizes=\"auto, (max-width: 960px) 100vw, 960px\" \/><span aria-hidden=\"true\" class=\"wp-block-cover__background has-black-background-color has-background-dim-60 has-background-dim\"><\/span><div class=\"wp-block-cover__inner-container is-layout-flow wp-block-cover-is-layout-flow\">\n<div class=\"wp-block-group is-vertical is-layout-flex wp-container-core-group-is-layout-fe9cc265 wp-block-group-is-layout-flex\">\n<div class=\"wp-block-group has-global-padding is-layout-constrained wp-container-core-group-is-layout-e0082cf6 wp-block-group-is-layout-constrained\">\n<h4 class=\"wp-block-heading has-white-color has-text-color has-small-font-size\" style=\"margin-top:24px;font-style:normal;font-weight:400\">Dokument\u00e4rprojekt om s\u00e4kerhet<\/h4>\n\n\n\n<h3 class=\"wp-block-heading has-white-color has-text-color has-large-font-size\" style=\"margin-top:12px\">S\u00e4kerhetsdokument\u00e4r<\/h3>\n\n\n\n<p>En engagerande dokument\u00e4r som belyser vikten av trygghet i vardagen.<\/p>\n<\/div>\n<\/div>\n<\/div><\/div>\n<\/div>\n\n<div class=\"wp-block-group alignfull has-background-background-color has-background has-global-padding is-layout-constrained wp-container-core-group-is-layout-7276a2bb wp-block-group-is-layout-constrained\" id=\"om\" style=\"margin-top:0;margin-bottom:0;padding-top:var(--wp--preset--spacing--60);padding-right:var(--wp--preset--spacing--30);padding-bottom:var(--wp--preset--spacing--60);padding-left:var(--wp--preset--spacing--30)\">\n<div class=\"wp-block-columns alignwide is-layout-flex wp-container-core-columns-is-layout-47c06fe3 wp-block-columns-is-layout-flex\">\n<div class=\"wp-block-column is-layout-flow wp-container-core-column-is-layout-119bc444 wp-block-column-is-layout-flow\" style=\"flex-basis:60%\">\n<h2 class=\"wp-block-heading\">S\u00e4kra din verksamhet med p\u00e5litlig sp\u00e5rningsteknik<\/h2>\n\n\n\n<p class=\"has-medium-font-size\" style=\"margin-top:16px\">Falckab erbjuder innovativa sp\u00e5rningsl\u00f6sningar och kreativ produktion f\u00f6r att f\u00f6rena trygghet och visuellt ber\u00e4ttande, vilket speglar v\u00e5r passion f\u00f6r teknik och kreativitet.<\/p>\n<\/div>\n\n\n\n<div class=\"wp-block-column is-vertically-aligned-top is-layout-flow wp-container-core-column-is-layout-f5bb311e wp-block-column-is-layout-flow\" style=\"flex-basis:50%\"><\/div>\n<\/div>\n\n\n\n<div class=\"wp-block-cover alignwide\" style=\"border-radius:1.5rem;min-height:30vh;aspect-ratio:unset;\"><img loading=\"lazy\" decoding=\"async\" width=\"1440\" height=\"960\" class=\"wp-block-cover__image-background wp-image-80\" alt=\"\" src=\"https:\/\/www.falckab.se\/wp-content\/uploads\/2025\/11\/6dd698ea8905146430c2c6bc1e1b7d3ee019f079.jpg\" data-object-fit=\"cover\" srcset=\"https:\/\/www.falckab.se\/wp-content\/uploads\/2025\/11\/6dd698ea8905146430c2c6bc1e1b7d3ee019f079.jpg 1440w, https:\/\/www.falckab.se\/wp-content\/uploads\/2025\/11\/6dd698ea8905146430c2c6bc1e1b7d3ee019f079-300x200.jpg 300w, https:\/\/www.falckab.se\/wp-content\/uploads\/2025\/11\/6dd698ea8905146430c2c6bc1e1b7d3ee019f079-1024x683.jpg 1024w, https:\/\/www.falckab.se\/wp-content\/uploads\/2025\/11\/6dd698ea8905146430c2c6bc1e1b7d3ee019f079-768x512.jpg 768w, https:\/\/www.falckab.se\/wp-content\/uploads\/2025\/11\/6dd698ea8905146430c2c6bc1e1b7d3ee019f079-600x400.jpg 600w\" sizes=\"auto, (max-width: 1440px) 100vw, 1440px\" \/><span aria-hidden=\"true\" class=\"wp-block-cover__background has-background-dim-0 has-background-dim\"><\/span><div class=\"wp-block-cover__inner-container is-layout-flow wp-block-cover-is-layout-flow\">\n<div style=\"height:100px\" aria-hidden=\"true\" class=\"wp-block-spacer\"><\/div>\n<\/div><\/div>\n<\/div>","protected":false},"excerpt":{"rendered":"<p>Falckab \u2013 experter p\u00e5 sp\u00e5rning och filmproduktion Uppt\u00e4ck v\u00e5ra utvalda projekt som speglar v\u00e5r kreativitet, tekniska skicklighet och engagemang f\u00f6r kvalitet. S\u00e4kra din verksamhet med p\u00e5litlig sp\u00e5rningsteknik Falckab erbjuder innovativa sp\u00e5rningsl\u00f6sningar och kreativ produktion f\u00f6r att f\u00f6rena trygghet och visuellt ber\u00e4ttande, vilket speglar v\u00e5r passion f\u00f6r teknik och kreativitet.<\/p>","protected":false},"author":1,"featured_media":0,"parent":0,"menu_order":0,"comment_status":"closed","ping_status":"closed","template":"page-with-title","meta":{"footnotes":""},"class_list":["post-47","page","type-page","status-publish","hentry"],"aioseo_notices":[],"_links":{"self":[{"href":"https:\/\/www.falckab.se\/en\/wp-json\/wp\/v2\/pages\/47","targetHints":{"allow":["GET"]}}],"collection":[{"href":"https:\/\/www.falckab.se\/en\/wp-json\/wp\/v2\/pages"}],"about":[{"href":"https:\/\/www.falckab.se\/en\/wp-json\/wp\/v2\/types\/page"}],"author":[{"embeddable":true,"href":"https:\/\/www.falckab.se\/en\/wp-json\/wp\/v2\/users\/1"}],"replies":[{"embeddable":true,"href":"https:\/\/www.falckab.se\/en\/wp-json\/wp\/v2\/comments?post=47"}],"version-history":[{"count":2,"href":"https:\/\/www.falckab.se\/en\/wp-json\/wp\/v2\/pages\/47\/revisions"}],"predecessor-version":[{"id":439,"href":"https:\/\/www.falckab.se\/en\/wp-json\/wp\/v2\/pages\/47\/revisions\/439"}],"wp:attachment":[{"href":"https:\/\/www.falckab.se\/en\/wp-json\/wp\/v2\/media?parent=47"}],"curies":[{"name":"wp","href":"https:\/\/api.w.org\/{rel}","templated":true}]}}