{"id":483,"date":"2025-11-14T14:36:23","date_gmt":"2025-11-14T14:36:23","guid":{"rendered":"https:\/\/www.falckab.se\/?post_type=product&#038;p=483"},"modified":"2025-12-29T11:11:42","modified_gmt":"2025-12-29T11:11:42","slug":"falckab-trackilive-nyckelringar","status":"publish","type":"product","link":"https:\/\/www.falckab.se\/da\/product\/falckab-trackilive-nyckelringar\/","title":{"rendered":"Falckab trackilive nyckelringar"},"content":{"rendered":"<p><strong>Fyra \u00f6vertygande sk\u00e4l till varf\u00f6r du beh\u00f6ver Trackilive-nyckelringen:<\/strong><\/p>\n<p><strong>Perfekt passform:<\/strong>\u00a0Passar din KeyFinder som hand i handske.<\/p>\n<p><strong>Behagligt mjuk:<\/strong>\u00a0K\u00e4nns bekv\u00e4m i handen.<\/p>\n<p><strong>Anpassningsbar:<\/strong>\u00a0V\u00e4lj din favoritf\u00e4rg.<\/p>\n<p><strong>Robust och h\u00e5llbar:<\/strong>\u00a0Skyddar din KeyFinder.<\/p>\n<p>&nbsp;<\/p>\n<p>&nbsp;<\/p>\n<p>Produktbeskrivning<\/p>\n<p><strong>G\u00f6r din nyckelring till ett riktigt blickf\u00e5ng!<\/strong><\/p>\n<p>Trackilive\u00a0<strong>-nyckelringen<\/strong>\u00a0\u00e4r det perfekta komplementet till din KeyFinder. Tillverkad av h\u00f6gkvalitativ silikon skyddar den inte bara din KeyFinder utan g\u00f6r den ocks\u00e5 till ett riktigt blickf\u00e5ng.<\/p>\n<p><strong>Varf\u00f6r du kommer att \u00e4lska Trackilive-nyckelringen:<\/strong><\/p>\n<ul>\n<li><strong>Perfekt passform:<\/strong>\u00a0Nyckelringen \u00e4r gjord f\u00f6r din KeyFinder och garanterar ett s\u00e4kert grepp.<\/li>\n<li><strong>Behagligt mjuk:<\/strong>\u00a0Den mjuka silikonen k\u00e4nns bekv\u00e4m i handen och g\u00f6r appliceringen enkel.<\/li>\n<li><strong>Din f\u00e4rg, din stil:<\/strong>\u00a0V\u00e4lj mellan olika f\u00e4rger och matcha din nyckelring perfekt till din personliga stil.<\/li>\n<li><strong>Robust och h\u00e5llbar:<\/strong>\u00a0Det h\u00f6gkvalitativa silikonet skyddar din KeyFinder fr\u00e5n smuts och skador.<\/li>\n<\/ul>\n<p><strong>Leta aldrig efter dina nycklar igen!<\/strong>\u00a0Med Trackilive-nyckelbricka och din KeyFinder har du alltid dina nycklar inom sikte, vilket sparar dig mycket tid och besv\u00e4r.<\/p>\n<p><strong>4 \u00f6vertygande sk\u00e4l till varf\u00f6r du beh\u00f6ver Trackilive-nyckelringen:<\/strong><\/p>\n<ol>\n<li><strong>Perfekt passform:<\/strong>\u00a0Passar din KeyFinder som hand i handske.<\/li>\n<li><strong>Behagligt mjuk:<\/strong>\u00a0K\u00e4nns bekv\u00e4m i handen.<\/li>\n<li><strong>Anpassningsbar:<\/strong>\u00a0V\u00e4lj din favoritf\u00e4rg.<\/li>\n<li><strong>Robust och h\u00e5llbar:<\/strong>\u00a0Skyddar din KeyFinder.<\/li>\n<\/ol>\n<p><strong>L\u00e4gg till denna snygga och praktiska f\u00f6ljeslagare till din KeyFinder nu!<\/strong><\/p>","protected":false},"excerpt":{"rendered":"<p>Fyra \u00f6vertygande sk\u00e4l till varf\u00f6r du beh\u00f6ver Trackilive-nyckelringen: Perfekt passform:\u00a0Passar din KeyFinder som hand i handske. Behagligt mjuk:\u00a0K\u00e4nns bekv\u00e4m i handen. Anpassningsbar:\u00a0V\u00e4lj din favoritf\u00e4rg. Robust och h\u00e5llbar:\u00a0Skyddar din KeyFinder. &nbsp; &nbsp; Produktbeskrivning G\u00f6r din nyckelring till ett riktigt blickf\u00e5ng! Trackilive\u00a0-nyckelringen\u00a0\u00e4r det perfekta komplementet till din KeyFinder. Tillverkad av h\u00f6gkvalitativ silikon skyddar den inte bara din [&hellip;]<\/p>\n","protected":false},"featured_media":484,"comment_status":"open","ping_status":"closed","template":"","meta":[],"product_brand":[],"product_cat":[23],"product_tag":[],"class_list":{"0":"post-483","1":"product","2":"type-product","3":"status-publish","4":"has-post-thumbnail","6":"product_cat-tracking-sparsandare","8":"first","9":"instock","10":"taxable","11":"shipping-taxable","12":"purchasable","13":"product-type-simple"},"aioseo_notices":[],"_links":{"self":[{"href":"https:\/\/www.falckab.se\/da\/wp-json\/wp\/v2\/product\/483","targetHints":{"allow":["GET"]}}],"collection":[{"href":"https:\/\/www.falckab.se\/da\/wp-json\/wp\/v2\/product"}],"about":[{"href":"https:\/\/www.falckab.se\/da\/wp-json\/wp\/v2\/types\/product"}],"replies":[{"embeddable":true,"href":"https:\/\/www.falckab.se\/da\/wp-json\/wp\/v2\/comments?post=483"}],"wp:featuredmedia":[{"embeddable":true,"href":"https:\/\/www.falckab.se\/da\/wp-json\/wp\/v2\/media\/484"}],"wp:attachment":[{"href":"https:\/\/www.falckab.se\/da\/wp-json\/wp\/v2\/media?parent=483"}],"wp:term":[{"taxonomy":"product_brand","embeddable":true,"href":"https:\/\/www.falckab.se\/da\/wp-json\/wp\/v2\/product_brand?post=483"},{"taxonomy":"product_cat","embeddable":true,"href":"https:\/\/www.falckab.se\/da\/wp-json\/wp\/v2\/product_cat?post=483"},{"taxonomy":"product_tag","embeddable":true,"href":"https:\/\/www.falckab.se\/da\/wp-json\/wp\/v2\/product_tag?post=483"}],"curies":[{"name":"wp","href":"https:\/\/api.w.org\/{rel}","templated":true}]}}