{"id":477,"date":"2025-11-14T14:32:54","date_gmt":"2025-11-14T14:32:54","guid":{"rendered":"https:\/\/www.falckab.se\/?post_type=product&#038;p=477"},"modified":"2025-11-14T14:32:55","modified_gmt":"2025-11-14T14:32:55","slug":"falckab-trackilive-keyfinder","status":"publish","type":"product","link":"https:\/\/www.falckab.se\/da\/product\/falckab-trackilive-keyfinder\/","title":{"rendered":"Falckab trackilive KeyFinder"},"content":{"rendered":"<p><strong>trackilive KeyFinder<\/strong><\/p>\n<p><strong>4 \u00f6vertygande sk\u00e4l till varf\u00f6r du beh\u00f6ver Trackilive KeyFinder:<\/strong><\/p>\n<p><strong>Snabbsp\u00e5rning:<\/strong>\u00a0Hitta dina nycklar p\u00e5 nolltid.<\/p>\n<p><strong>S\u00f6kning \u00f6ver hela v\u00e4rlden:<\/strong>\u00a0Tappa aldrig bort dina nycklar igen.<\/p>\n<p><strong>Diskret och p\u00e5litlig:<\/strong>\u00a0Den perfekta f\u00f6ljeslagaren till din nyckelring.<\/p>\n<p><strong>L\u00e4tt att anv\u00e4nda:<\/strong>\u00a0Intuitiv och anv\u00e4ndarv\u00e4nlig.<\/p>\n<p>&nbsp;<\/p>\n<p>Produktbeskrivning<\/p>\n<p><strong>Tappat bort dina nycklar? Aldrig mer!<\/strong><\/p>\n<p>Med\u00a0<strong>Trackilive KeyFinder<\/strong>\u00a0\u00e4r borttappade nycklar ett minne blott. Denna lilla hj\u00e4lpreda, som enkelt f\u00e5r plats p\u00e5 din nyckelring, hj\u00e4lper dig att hitta dina nycklar p\u00e5 nolltid.<\/p>\n<p><strong>Varf\u00f6r du kommer att \u00e4lska Trackilive KeyFinder:<\/strong><\/p>\n<ul>\n<li><strong>Nyckel hittad:<\/strong>\u00a0Spela ett ljud och hitta dina nycklar p\u00e5 n\u00e5gra sekunder, \u00e4ven i det m\u00f6rkaste h\u00f6rnet.<\/li>\n<li><strong>S\u00f6kning \u00f6ver hela v\u00e4rlden:<\/strong>\u00a0Miljontals Apple-enheter hj\u00e4lper dig att hitta dina nycklar, \u00e4ven n\u00e4r de \u00e4r l\u00e5ngt borta.<\/li>\n<li><strong>Diskret och p\u00e5litlig:<\/strong>\u00a0KeyFinder \u00e4r din osynliga skydds\u00e4ngel, alltid d\u00e4r f\u00f6r dig.<\/li>\n<li><strong>L\u00e4tt att anv\u00e4nda:<\/strong>\u00a0Installationen \u00e4r barnlek och man\u00f6vreringen sker via den v\u00e4lbekanta appen &#8221;Var \u00e4r?&#8221;.<\/li>\n<\/ul>\n<p><strong>Leta aldrig efter dina nycklar igen!<\/strong>\u00a0Spara tid och energi och njut av mer lugn i din vardag.<\/p>\n<p><strong>4 \u00f6vertygande sk\u00e4l till varf\u00f6r du beh\u00f6ver Trackilive KeyFinder:<\/strong><\/p>\n<ol>\n<li><strong>Snabbsp\u00e5rning:<\/strong>\u00a0Hitta dina nycklar p\u00e5 nolltid.<\/li>\n<li><strong>S\u00f6kning \u00f6ver hela v\u00e4rlden:<\/strong>\u00a0Tappa aldrig bort dina nycklar igen.<\/li>\n<li><strong>Diskret och p\u00e5litlig:<\/strong>\u00a0Den perfekta f\u00f6ljeslagaren till din nyckelring.<\/li>\n<li><strong>L\u00e4tt att anv\u00e4nda:<\/strong>\u00a0Intuitiv och anv\u00e4ndarv\u00e4nlig.<\/li>\n<\/ol>\n<p><strong>Med Trackilive KeyFinder har du alltid kontroll \u00f6ver dina nycklar.<\/strong><\/p>\n<p>&nbsp;<\/p>\n<p>&nbsp;<\/p>","protected":false},"excerpt":{"rendered":"<p>trackilive KeyFinder 4 \u00f6vertygande sk\u00e4l till varf\u00f6r du beh\u00f6ver Trackilive KeyFinder: Snabbsp\u00e5rning:\u00a0Hitta dina nycklar p\u00e5 nolltid. S\u00f6kning \u00f6ver hela v\u00e4rlden:\u00a0Tappa aldrig bort dina nycklar igen. Diskret och p\u00e5litlig:\u00a0Den perfekta f\u00f6ljeslagaren till din nyckelring. L\u00e4tt att anv\u00e4nda:\u00a0Intuitiv och anv\u00e4ndarv\u00e4nlig. &nbsp; Produktbeskrivning Tappat bort dina nycklar? Aldrig mer! Med\u00a0Trackilive KeyFinder\u00a0\u00e4r borttappade nycklar ett minne blott. Denna lilla [&hellip;]<\/p>\n","protected":false},"featured_media":478,"comment_status":"open","ping_status":"closed","template":"","meta":[],"product_brand":[],"product_cat":[23],"product_tag":[],"class_list":{"0":"post-477","1":"product","2":"type-product","3":"status-publish","4":"has-post-thumbnail","6":"product_cat-tracking-sparsandare","8":"first","9":"instock","10":"taxable","11":"shipping-taxable","12":"purchasable","13":"product-type-simple"},"aioseo_notices":[],"_links":{"self":[{"href":"https:\/\/www.falckab.se\/da\/wp-json\/wp\/v2\/product\/477","targetHints":{"allow":["GET"]}}],"collection":[{"href":"https:\/\/www.falckab.se\/da\/wp-json\/wp\/v2\/product"}],"about":[{"href":"https:\/\/www.falckab.se\/da\/wp-json\/wp\/v2\/types\/product"}],"replies":[{"embeddable":true,"href":"https:\/\/www.falckab.se\/da\/wp-json\/wp\/v2\/comments?post=477"}],"wp:featuredmedia":[{"embeddable":true,"href":"https:\/\/www.falckab.se\/da\/wp-json\/wp\/v2\/media\/478"}],"wp:attachment":[{"href":"https:\/\/www.falckab.se\/da\/wp-json\/wp\/v2\/media?parent=477"}],"wp:term":[{"taxonomy":"product_brand","embeddable":true,"href":"https:\/\/www.falckab.se\/da\/wp-json\/wp\/v2\/product_brand?post=477"},{"taxonomy":"product_cat","embeddable":true,"href":"https:\/\/www.falckab.se\/da\/wp-json\/wp\/v2\/product_cat?post=477"},{"taxonomy":"product_tag","embeddable":true,"href":"https:\/\/www.falckab.se\/da\/wp-json\/wp\/v2\/product_tag?post=477"}],"curies":[{"name":"wp","href":"https:\/\/api.w.org\/{rel}","templated":true}]}}