{"id":471,"date":"2025-11-14T14:30:14","date_gmt":"2025-11-14T14:30:14","guid":{"rendered":"https:\/\/www.falckab.se\/?post_type=product&#038;p=471"},"modified":"2025-11-14T14:30:16","modified_gmt":"2025-11-14T14:30:16","slug":"falckab-trackilive-cykelfa%cc%88ste","status":"publish","type":"product","link":"https:\/\/www.falckab.se\/da\/product\/falckab-trackilive-cykelfa%cc%88ste\/","title":{"rendered":"Falckab trackilive cykelfa\u0308ste"},"content":{"rendered":"<p>Trackilive cykelf\u00e4ste<\/p>\n<p>4 \u00f6vertygande sk\u00e4l till varf\u00f6r du beh\u00f6ver Trackilive cykelf\u00e4ste:<\/p>\n<p>&nbsp;<\/p>\n<p>Diskret skydd: Din cykel \u00e4r osynligt s\u00e4krad.<\/p>\n<p>&nbsp;<\/p>\n<p>Snabbsp\u00e5rning: Hitta din cykel p\u00e5 nolltid.<\/p>\n<p>&nbsp;<\/p>\n<p>Enkel installation: Snabb och enkel att montera.<\/p>\n<p>&nbsp;<\/p>\n<p>H\u00e5llbar och robust: Perfekt f\u00f6r daglig anv\u00e4ndning.<\/p>\n<p>&nbsp;<\/p>\n<p>Produktbeskrivning<\/p>\n<p><strong>Din cykel, osynligt skyddad.<\/strong><\/p>\n<p>T\u00e4nk dig att du \u00e5terv\u00e4nder till din cykel och uppt\u00e4cker att den \u00e4r borta. Med\u00a0<strong>Trackilive-cykelf\u00e4stet<\/strong>\u00a0\u00e4r den r\u00e4dslan ett minne blott. Detta diskreta f\u00e4ste, som f\u00f6rsvinner under din vattenflaskh\u00e5llare, ger ett hem \u00e5t din Trackilive Finder och f\u00f6rvandlar din cykel till en osynlig f\u00e4stning.<\/p>\n<p><strong>Varf\u00f6r du beh\u00f6ver Trackilive cykelf\u00e4stet:<\/strong><\/p>\n<ul>\n<li><strong>Osynligt skydd:<\/strong>\u00a0Din cykel \u00e4r skyddad fr\u00e5n nyfikna \u00f6gon och blir inte ett m\u00e5l f\u00f6r tjuvar.<\/li>\n<li><strong>Snabb platssp\u00e5rning:<\/strong>\u00a0Spela upp ett ljud eller visa den exakta platsen p\u00e5 en karta.<\/li>\n<li><strong>S\u00f6kning \u00f6ver hela v\u00e4rlden:<\/strong>\u00a0Tack vare integrationen med Apple Find My kan din cykel s\u00f6kas efter av miljontals Apple-enheter.<\/li>\n<li><strong>Enkel installation:<\/strong>\u00a0Passar n\u00e4stan alla cyklar och kan monteras p\u00e5 n\u00e5gra minuter.<\/li>\n<li><strong>Robust och h\u00e5llbar:<\/strong>\u00a0H\u00f6gkvalitativa material garanterar l\u00e5ng livsl\u00e4ngd.<\/li>\n<\/ul>\n<p><strong>Ytterligare f\u00f6rdelar:<\/strong><\/p>\n<ul>\n<li><strong>Avskr\u00e4ckning:<\/strong>\u00a0Den osynliga monteringen avskr\u00e4cker potentiella tjuvar.<\/li>\n<li><strong>Intuitiv anv\u00e4ndning:<\/strong>\u00a0Installationen g\u00f6rs via den v\u00e4lbekanta appen &#8221;Var \u00e4r?&#8221;.<\/li>\n<li><strong>Perfekt komplement:<\/strong>\u00a0Det perfekta tillskottet till din Trackilive Finder.<\/li>\n<\/ul>\n<p><strong>Skaffa ditt Trackilive-cykelf\u00e4ste nu och njut av bekymmersfria cykelturer.<\/strong><\/p>\n<p><strong>4 \u00f6vertygande sk\u00e4l till varf\u00f6r du beh\u00f6ver Trackilive cykelf\u00e4ste:<\/strong><\/p>\n<ol>\n<li><strong>Diskret skydd:<\/strong>\u00a0Din cykel \u00e4r osynligt s\u00e4krad.<\/li>\n<li><strong>Snabbsp\u00e5rning:<\/strong>\u00a0Hitta din cykel p\u00e5 nolltid.<\/li>\n<li><strong>Enkel installation:<\/strong>\u00a0Snabb och enkel att montera.<\/li>\n<li><strong>H\u00e5llbar och robust:<\/strong>\u00a0Perfekt f\u00f6r daglig anv\u00e4ndning.<\/li>\n<\/ol>\n<p><strong>Med Trackilive cykelf\u00e4stet sover du lugnare och kan njuta av dina cykelturer utan bekymmer.<\/strong><\/p>\n<p><strong>Obs:<\/strong>\u00a0Trackilive KeyFinder ing\u00e5r inte och visas endast i illustrativt syfte.<\/p>","protected":false},"excerpt":{"rendered":"<p>Trackilive cykelf\u00e4ste 4 \u00f6vertygande sk\u00e4l till varf\u00f6r du beh\u00f6ver Trackilive cykelf\u00e4ste: &nbsp; Diskret skydd: Din cykel \u00e4r osynligt s\u00e4krad. &nbsp; Snabbsp\u00e5rning: Hitta din cykel p\u00e5 nolltid. &nbsp; Enkel installation: Snabb och enkel att montera. &nbsp; H\u00e5llbar och robust: Perfekt f\u00f6r daglig anv\u00e4ndning. &nbsp; Produktbeskrivning Din cykel, osynligt skyddad. T\u00e4nk dig att du \u00e5terv\u00e4nder till din [&hellip;]<\/p>\n","protected":false},"featured_media":472,"comment_status":"open","ping_status":"closed","template":"","meta":[],"product_brand":[],"product_cat":[23],"product_tag":[],"class_list":{"0":"post-471","1":"product","2":"type-product","3":"status-publish","4":"has-post-thumbnail","6":"product_cat-tracking-sparsandare","8":"first","9":"instock","10":"taxable","11":"shipping-taxable","12":"purchasable","13":"product-type-simple"},"aioseo_notices":[],"_links":{"self":[{"href":"https:\/\/www.falckab.se\/da\/wp-json\/wp\/v2\/product\/471","targetHints":{"allow":["GET"]}}],"collection":[{"href":"https:\/\/www.falckab.se\/da\/wp-json\/wp\/v2\/product"}],"about":[{"href":"https:\/\/www.falckab.se\/da\/wp-json\/wp\/v2\/types\/product"}],"replies":[{"embeddable":true,"href":"https:\/\/www.falckab.se\/da\/wp-json\/wp\/v2\/comments?post=471"}],"wp:featuredmedia":[{"embeddable":true,"href":"https:\/\/www.falckab.se\/da\/wp-json\/wp\/v2\/media\/472"}],"wp:attachment":[{"href":"https:\/\/www.falckab.se\/da\/wp-json\/wp\/v2\/media?parent=471"}],"wp:term":[{"taxonomy":"product_brand","embeddable":true,"href":"https:\/\/www.falckab.se\/da\/wp-json\/wp\/v2\/product_brand?post=471"},{"taxonomy":"product_cat","embeddable":true,"href":"https:\/\/www.falckab.se\/da\/wp-json\/wp\/v2\/product_cat?post=471"},{"taxonomy":"product_tag","embeddable":true,"href":"https:\/\/www.falckab.se\/da\/wp-json\/wp\/v2\/product_tag?post=471"}],"curies":[{"name":"wp","href":"https:\/\/api.w.org\/{rel}","templated":true}]}}