{"id":464,"date":"2025-11-14T14:27:37","date_gmt":"2025-11-14T14:27:37","guid":{"rendered":"https:\/\/www.falckab.se\/?post_type=product&#038;p=464"},"modified":"2025-11-14T15:01:08","modified_gmt":"2025-11-14T15:01:08","slug":"falckab-trackilive-cardfinder","status":"publish","type":"product","link":"https:\/\/www.falckab.se\/da\/product\/falckab-trackilive-cardfinder\/","title":{"rendered":"Falckab trackilive CardFinder"},"content":{"rendered":"<p><strong>4 \u00f6vertygande sk\u00e4l till varf\u00f6r du beh\u00f6ver Trackilive CardFinder:<\/strong><\/p>\n<p><strong>Aldrig leta igen:<\/strong>\u00a0Spara tid och nerver n\u00e4r du letar efter borttappade f\u00f6rem\u00e5l.<\/p>\n<p><strong>Sp\u00e5rning \u00f6ver hela v\u00e4rlden:<\/strong>\u00a0Hitta dina borttappade f\u00f6rem\u00e5l, oavsett var de \u00e4r.<\/p>\n<p><strong>Enkelt och intuitivt:<\/strong>\u00a0Installation och anv\u00e4ndning \u00e4r en barnlek.<\/p>\n<p><strong>M\u00e5ngsidig anv\u00e4ndning:<\/strong>\u00a0Skydda inte bara din pl\u00e5nbok, utan \u00e4ven andra viktiga f\u00f6rem\u00e5l.<\/p>\n<p>&nbsp;<\/p>\n<p><strong>Leta aldrig efter din pl\u00e5nbok igen!<\/strong><\/p>\n<p>T\u00e4nk dig att du ska g\u00e5 iv\u00e4g till ett viktigt m\u00f6te och pl\u00f6tsligt inser: din pl\u00e5nbok \u00e4r borta! Paniken sl\u00e5r till. Med\u00a0<strong>Trackilive CardFinder<\/strong>\u00a0\u00e4r den k\u00e4nslan ett minne blott. Lika tunn och l\u00e4tt som ett kreditkort f\u00e5r den plats diskret i vilken pl\u00e5nbok som helst och hj\u00e4lper dig att hitta dina viktigaste saker p\u00e5 nolltid.<\/p>\n<p><strong>Varf\u00f6r du beh\u00f6ver Trackilive CardFinder:<\/strong><\/p>\n<ul>\n<li><strong>Tappa aldrig bort dina v\u00e4rdesaker igen:<\/strong>\u00a0Oavsett om det \u00e4r din pl\u00e5nbok eller ditt pass \u2013 med CardFinder har du alltid allt i sikte.<\/li>\n<li><strong>Snabb och enkel platssp\u00e5rning:<\/strong>\u00a0Spela upp ett ljud eller visa den exakta platsen p\u00e5 en karta.<\/li>\n<li><strong>S\u00f6kning \u00f6ver hela v\u00e4rlden:<\/strong>\u00a0Tack vare integrationen med Apple Find My kommer miljontals Apple-enheter att s\u00f6ka efter ditt borttappade f\u00f6rem\u00e5l.<\/li>\n<li><strong>Tillf\u00f6rlitlig och h\u00e5llbar:<\/strong>\u00a0H\u00f6gkvalitativa material och l\u00e5ng batteritid garanterar maximal s\u00e4kerhet.<\/li>\n<li><strong>Intuitiv anv\u00e4ndning:<\/strong>\u00a0Installationen \u00e4r barnlek och man\u00f6vreringen sker via den v\u00e4lbekanta appen &#8221;Var \u00e4r?&#8221;.<\/li>\n<\/ul>\n<p><strong>Ytterligare applikationer:<\/strong><\/p>\n<ul>\n<li><strong>Pass:<\/strong>\u00a0Skydda ditt pass fr\u00e5n f\u00f6rlust och undvik on\u00f6dig stress p\u00e5 semestern.<\/li>\n<li><strong>Kontanter:<\/strong>\u00a0H\u00e5ll alltid koll p\u00e5 dina kontanter och undvik obehagliga \u00f6verraskningar.<\/li>\n<li><strong>Viktiga dokument:<\/strong>\u00a0Tappa inte bort fler viktiga dokument och var alltid f\u00f6rberedd.<\/li>\n<\/ul>\n<p><strong>V\u00e4lj mer s\u00e4kerhet och bekv\u00e4mlighet i din vardag.<\/strong>\u00a0Trackilive CardFinder \u00e4r din p\u00e5litliga f\u00f6ljeslagare n\u00e4r du \u00e4r p\u00e5 spr\u00e5ng.<\/p>\n<p><strong>4 \u00f6vertygande sk\u00e4l till varf\u00f6r du beh\u00f6ver Trackilive CardFinder:<\/strong><\/p>\n<ol>\n<li><strong>Aldrig leta igen:<\/strong>\u00a0Spara tid och nerver n\u00e4r du letar efter borttappade f\u00f6rem\u00e5l.<\/li>\n<li><strong>Sp\u00e5rning \u00f6ver hela v\u00e4rlden:<\/strong>\u00a0Hitta dina borttappade f\u00f6rem\u00e5l, oavsett var de \u00e4r.<\/li>\n<li><strong>Enkelt och intuitivt:<\/strong>\u00a0Installation och anv\u00e4ndning \u00e4r en barnlek.<\/li>\n<li><strong>M\u00e5ngsidig anv\u00e4ndning:<\/strong>\u00a0Skydda inte bara din pl\u00e5nbok, utan \u00e4ven andra viktiga f\u00f6rem\u00e5l.<\/li>\n<\/ol>\n<p><strong>Med Trackilive CardFinder har du alltid dina v\u00e4rdesaker s\u00e4kert under kontroll.<\/strong><\/p>","protected":false},"excerpt":{"rendered":"<p>4 \u00f6vertygande sk\u00e4l till varf\u00f6r du beh\u00f6ver Trackilive CardFinder: Aldrig leta igen:\u00a0Spara tid och nerver n\u00e4r du letar efter borttappade f\u00f6rem\u00e5l. Sp\u00e5rning \u00f6ver hela v\u00e4rlden:\u00a0Hitta dina borttappade f\u00f6rem\u00e5l, oavsett var de \u00e4r. Enkelt och intuitivt:\u00a0Installation och anv\u00e4ndning \u00e4r en barnlek. M\u00e5ngsidig anv\u00e4ndning:\u00a0Skydda inte bara din pl\u00e5nbok, utan \u00e4ven andra viktiga f\u00f6rem\u00e5l. &nbsp; Leta aldrig efter [&hellip;]<\/p>\n","protected":false},"featured_media":466,"comment_status":"open","ping_status":"closed","template":"","meta":[],"product_brand":[63],"product_cat":[23],"product_tag":[],"class_list":{"0":"post-464","1":"product","2":"type-product","3":"status-publish","4":"has-post-thumbnail","6":"product_brand-trackilive-by-falckab","7":"product_cat-tracking-sparsandare","9":"first","10":"instock","11":"taxable","12":"shipping-taxable","13":"purchasable","14":"product-type-simple"},"aioseo_notices":[],"_links":{"self":[{"href":"https:\/\/www.falckab.se\/da\/wp-json\/wp\/v2\/product\/464","targetHints":{"allow":["GET"]}}],"collection":[{"href":"https:\/\/www.falckab.se\/da\/wp-json\/wp\/v2\/product"}],"about":[{"href":"https:\/\/www.falckab.se\/da\/wp-json\/wp\/v2\/types\/product"}],"replies":[{"embeddable":true,"href":"https:\/\/www.falckab.se\/da\/wp-json\/wp\/v2\/comments?post=464"}],"wp:featuredmedia":[{"embeddable":true,"href":"https:\/\/www.falckab.se\/da\/wp-json\/wp\/v2\/media\/466"}],"wp:attachment":[{"href":"https:\/\/www.falckab.se\/da\/wp-json\/wp\/v2\/media?parent=464"}],"wp:term":[{"taxonomy":"product_brand","embeddable":true,"href":"https:\/\/www.falckab.se\/da\/wp-json\/wp\/v2\/product_brand?post=464"},{"taxonomy":"product_cat","embeddable":true,"href":"https:\/\/www.falckab.se\/da\/wp-json\/wp\/v2\/product_cat?post=464"},{"taxonomy":"product_tag","embeddable":true,"href":"https:\/\/www.falckab.se\/da\/wp-json\/wp\/v2\/product_tag?post=464"}],"curies":[{"name":"wp","href":"https:\/\/api.w.org\/{rel}","templated":true}]}}