{"id":456,"date":"2025-11-13T00:28:39","date_gmt":"2025-11-13T00:28:39","guid":{"rendered":"https:\/\/www.falckab.se\/?post_type=product&#038;p=456"},"modified":"2025-11-27T21:48:58","modified_gmt":"2025-11-27T21:48:58","slug":"falckab-trackilive-everfind-4g-gps-gsm-tracker","status":"publish","type":"product","link":"https:\/\/www.falckab.se\/da\/product\/falckab-trackilive-everfind-4g-gps-gsm-tracker\/","title":{"rendered":"Falckab Trackilive Everfind, 4G GPS\/GSM Tracker"},"content":{"rendered":"<h1 class=\"m-collection-page-header__title h2 m:capitalize m-scroll-trigger animate--fade-in-up\"><span dir=\"auto\">GPS-tracker inklusive prenumeration<\/span><\/h1>\n<div class=\"m-collection-page-header__description rte m:text-color-subtext m-scroll-trigger animate--fade-in-up\">\n<p><strong><span dir=\"auto\">V\u00e4lkommen till v\u00e5rt premiumutbud av GPS-trackers utan prenumeration \u2013 det perfekta alternativet till Aldis GPS-sp\u00e5rningsl\u00f6sningar! V\u00e5ra toppmoderna GPS-trackers s\u00e4tter nya standarder och erbjuder dig en \u00f6verl\u00e4gsen upplevelse j\u00e4mf\u00f6rt med Aldis erbjudande.<\/span><\/strong><\/p>\n<p><span dir=\"auto\">Uppt\u00e4ck framtidens GPS-sp\u00e5rning med v\u00e5r 4G-aktiverade GPS-tracker, optimerad f\u00f6r anv\u00e4ndning \u00f6ver hela v\u00e4rlden. Till skillnad fr\u00e5n Aldis GPS-tracker, som fungerar p\u00e5 2G-n\u00e4tet, m\u00f6jligg\u00f6r v\u00e5rt avancerade 4G-system p\u00e5litlig och snabb positionssp\u00e5rning, oavsett var du befinner dig.<\/span><\/p>\n<p><span dir=\"auto\">Det som sticker ut med v\u00e5r GPS-tracker \u00e4r dess imponerande batteritid p\u00e5 6 \u00e5r, vilket \u00e4r tv\u00e5 \u00e5r l\u00e4ngre \u00e4n Aldis GPS-tracker. Tack vare v\u00e5r innovativa teknik kan du vara s\u00e4ker p\u00e5 att din GPS-tracker kommer att fungera tillf\u00f6rlitligt under en l\u00e4ngre tid utan att beh\u00f6va oroa dig f\u00f6r irriterande prenumerationsavgifter.<\/span><\/p>\n<p><span dir=\"auto\">V\u00e5ra GPS-trackers \u00e4r inte bara p\u00e5litliga, utan ocks\u00e5 extremt anv\u00e4ndarv\u00e4nliga. Med modern design och intuitiv anv\u00e4ndning erbjuder vi dig den perfekta balansen mellan teknik och anv\u00e4ndarv\u00e4nlighet.<\/span><\/p>\n<p><span dir=\"auto\">V\u00e4lj v\u00e5ra GPS-sp\u00e5rare utan prenumeration f\u00f6r att njuta av friheten med positionssp\u00e5rning utan begr\u00e4nsningar av prenumerationsavgifter. Tveka inte l\u00e4ngre \u2013 v\u00e4lj v\u00e5ra h\u00f6gkvalitativa GPS-sp\u00e5rare som m\u00f6ter dina behov och upplev framtidens positionstj\u00e4nster!<\/span><\/p>\n<\/div>","protected":false},"excerpt":{"rendered":"<p>GPS-tracker inklusive prenumeration V\u00e4lkommen till v\u00e5rt premiumutbud av GPS-trackers utan prenumeration \u2013 det perfekta alternativet till Aldis GPS-sp\u00e5rningsl\u00f6sningar! V\u00e5ra toppmoderna GPS-trackers s\u00e4tter nya standarder och erbjuder dig en \u00f6verl\u00e4gsen upplevelse j\u00e4mf\u00f6rt med Aldis erbjudande. Uppt\u00e4ck framtidens GPS-sp\u00e5rning med v\u00e5r 4G-aktiverade GPS-tracker, optimerad f\u00f6r anv\u00e4ndning \u00f6ver hela v\u00e4rlden. Till skillnad fr\u00e5n Aldis GPS-tracker, som fungerar p\u00e5 [&hellip;]<\/p>\n","protected":false},"featured_media":579,"comment_status":"open","ping_status":"closed","template":"","meta":[],"product_brand":[],"product_cat":[23],"product_tag":[],"class_list":{"0":"post-456","1":"product","2":"type-product","3":"status-publish","4":"has-post-thumbnail","6":"product_cat-tracking-sparsandare","8":"first","9":"instock","10":"taxable","11":"shipping-taxable","12":"purchasable","13":"product-type-simple"},"aioseo_notices":[],"_links":{"self":[{"href":"https:\/\/www.falckab.se\/da\/wp-json\/wp\/v2\/product\/456","targetHints":{"allow":["GET"]}}],"collection":[{"href":"https:\/\/www.falckab.se\/da\/wp-json\/wp\/v2\/product"}],"about":[{"href":"https:\/\/www.falckab.se\/da\/wp-json\/wp\/v2\/types\/product"}],"replies":[{"embeddable":true,"href":"https:\/\/www.falckab.se\/da\/wp-json\/wp\/v2\/comments?post=456"}],"wp:featuredmedia":[{"embeddable":true,"href":"https:\/\/www.falckab.se\/da\/wp-json\/wp\/v2\/media\/579"}],"wp:attachment":[{"href":"https:\/\/www.falckab.se\/da\/wp-json\/wp\/v2\/media?parent=456"}],"wp:term":[{"taxonomy":"product_brand","embeddable":true,"href":"https:\/\/www.falckab.se\/da\/wp-json\/wp\/v2\/product_brand?post=456"},{"taxonomy":"product_cat","embeddable":true,"href":"https:\/\/www.falckab.se\/da\/wp-json\/wp\/v2\/product_cat?post=456"},{"taxonomy":"product_tag","embeddable":true,"href":"https:\/\/www.falckab.se\/da\/wp-json\/wp\/v2\/product_tag?post=456"}],"curies":[{"name":"wp","href":"https:\/\/api.w.org\/{rel}","templated":true}]}}