{"id":140,"date":"2025-11-10T11:53:26","date_gmt":"2025-11-10T11:53:26","guid":{"rendered":"https:\/\/www.falckab.se\/?post_type=product&#038;p=140"},"modified":"2025-11-18T16:35:19","modified_gmt":"2025-11-18T16:35:19","slug":"falckab-trackilive-tl-60","status":"publish","type":"product","link":"https:\/\/www.falckab.se\/da\/product\/falckab-trackilive-tl-60\/","title":{"rendered":"Falckab Trackilive TL-60"},"content":{"rendered":"<p><strong><span dir=\"auto\">4 \u00f6vertygande sk\u00e4l till varf\u00f6r du beh\u00f6ver Trackilive TL-60:<br \/>\n<\/span><\/strong><strong><span dir=\"auto\">Obegr\u00e4nsad frihet:<\/span><\/strong><span dir=\"auto\">\u00a0L\u00e5ng batteritid f\u00f6r maximal flexibilitet.<br \/>\n<\/span><strong><span dir=\"auto\">Sp\u00e5rning i realtid:<\/span><\/strong><span dir=\"auto\">\u00a0Vet alltid var dina tillh\u00f6righeter \u00e4r.<br \/>\n<\/span><strong><span dir=\"auto\">Robust och p\u00e5litlig:<\/span><\/strong><span dir=\"auto\">\u00a0F\u00f6r anv\u00e4ndning under alla f\u00f6rh\u00e5llanden.<br \/>\n<\/span><strong><span dir=\"auto\">M\u00e5ngsidig:<\/span><\/strong><span dir=\"auto\">\u00a0L\u00e4mplig f\u00f6r n\u00e4stan alla behov.<\/span><\/p>\n<p>&nbsp;<\/p>\n<p data-sourcepos=\"3:1-3:45\"><strong><span dir=\"auto\">Sov gott \u2013 din TL-60 vakar \u00f6ver dig!<\/span><\/strong><\/p>\n<p data-sourcepos=\"5:1-5:239\"><span dir=\"auto\">Trackilive\u00a0<\/span><strong><span dir=\"auto\">TL-60<\/span><\/strong><span dir=\"auto\">\u00a0\u00e4r mer \u00e4n bara en GPS-tracker. Den \u00e4r din personliga skydds\u00e4ngel f\u00f6r allt som \u00e4r viktigt f\u00f6r dig. Med otrolig batteritid och toppmodern 4G-teknik ger den dig den sinnesro du beh\u00f6ver.<\/span><\/p>\n<p data-sourcepos=\"7:1-7:53\"><strong><span dir=\"auto\">Varf\u00f6r du borde v\u00e4lja TL-60:<\/span><\/strong><\/p>\n<ul data-sourcepos=\"9:1-14:0\">\n<li data-sourcepos=\"9:1-9:112\"><strong><span dir=\"auto\">Frihet utan gr\u00e4nser:<\/span><\/strong><span dir=\"auto\">\u00a0Tack vare den l\u00e5nga batteritiden beh\u00f6ver du inte l\u00e4ngre oroa dig f\u00f6r laddning.<\/span><\/li>\n<li data-sourcepos=\"10:1-10:108\"><strong><span dir=\"auto\">Alltid i sikte:<\/span><\/strong><span dir=\"auto\">\u00a0Sp\u00e5ra dina fordon, v\u00e4rdesaker eller n\u00e4ra och k\u00e4ra i realtid \u2013 oavsett var du befinner dig.<\/span><\/li>\n<li data-sourcepos=\"11:1-11:92\"><strong><span dir=\"auto\">Of\u00f6rst\u00f6rbar och v\u00e4derbest\u00e4ndig:<\/span><\/strong><span dir=\"auto\">\u00a0Det robusta h\u00f6ljet skyddar TL-60 fr\u00e5n vind och v\u00e4der.<\/span><\/li>\n<li data-sourcepos=\"12:1-12:95\"><strong><span dir=\"auto\">Flexibel att anv\u00e4nda:<\/span><\/strong><span dir=\"auto\">\u00a0Tack vare den starka magneten kan du f\u00e4sta sp\u00e5raren p\u00e5 nolltid.<\/span><\/li>\n<li data-sourcepos=\"13:1-14:0\"><strong><span dir=\"auto\">M\u00e5ngsidig:<\/span><\/strong><span dir=\"auto\">\u00a0Oavsett om det \u00e4r bil, motorcykel, b\u00e5t eller verktyg \u2013 TL-60 anpassar sig.<\/span><\/li>\n<\/ul>\n<p data-sourcepos=\"15:1-15:16\"><strong><span dir=\"auto\">Perfekt f\u00f6r:<\/span><\/strong><\/p>\n<ul data-sourcepos=\"17:1-20:0\">\n<li data-sourcepos=\"17:1-17:91\"><strong><span dir=\"auto\">Flottansvarig:<\/span><\/strong><span dir=\"auto\">\u00a0Optimerar dina rutter, minskar kostnader och skyddar dina fordon.<\/span><\/li>\n<li data-sourcepos=\"18:1-18:83\"><strong><span dir=\"auto\">Byggf\u00f6retag:<\/span><\/strong><span dir=\"auto\">\u00a0H\u00e5ll koll p\u00e5 era byggarbetsplatser och s\u00e4kra er utrustning.<\/span><\/li>\n<li data-sourcepos=\"19:1-20:0\"><strong><span dir=\"auto\">Privatpersoner:<\/span><\/strong><span dir=\"auto\">\u00a0Skydda ditt hem, din bil och dina n\u00e4ra och k\u00e4ra.<\/span><\/li>\n<\/ul>\n<p data-sourcepos=\"21:1-21:49\"><strong><span dir=\"auto\">Med Trackilive TL-60 sover du lugnare.<\/span><\/strong><\/p>\n<p data-sourcepos=\"23:1-23:66\"><strong><span dir=\"auto\">4 \u00f6vertygande sk\u00e4l till varf\u00f6r du beh\u00f6ver Trackilive TL-60:<\/span><\/strong><\/p>\n<ol data-sourcepos=\"25:1-29:0\">\n<li data-sourcepos=\"25:1-25:74\"><strong><span dir=\"auto\">Obegr\u00e4nsad frihet:<\/span><\/strong><span dir=\"auto\">\u00a0L\u00e5ng batteritid f\u00f6r maximal flexibilitet.<\/span><\/li>\n<li data-sourcepos=\"26:1-26:61\"><strong><span dir=\"auto\">Sp\u00e5rning i realtid:<\/span><\/strong><span dir=\"auto\">\u00a0Vet alltid var dina tillh\u00f6righeter \u00e4r.<\/span><\/li>\n<li data-sourcepos=\"27:1-27:71\"><strong><span dir=\"auto\">Robust och p\u00e5litlig:<\/span><\/strong><span dir=\"auto\">\u00a0F\u00f6r anv\u00e4ndning under alla f\u00f6rh\u00e5llanden.<\/span><\/li>\n<li data-sourcepos=\"28:1-29:0\"><strong><span dir=\"auto\">M\u00e5ngsidig:<\/span><\/strong><span dir=\"auto\">\u00a0L\u00e4mplig f\u00f6r n\u00e4stan alla behov.<\/span><\/li>\n<\/ol>\n<p data-sourcepos=\"30:1-30:103\"><strong><span dir=\"auto\">Investera i din s\u00e4kerhet och njut av friheten att fokusera p\u00e5 det som \u00e4r viktigast.<\/span><\/strong><\/p>\n<p><span dir=\"auto\">\u00a0<\/span><\/p>","protected":false},"excerpt":{"rendered":"<p>4 \u00f6vertygande sk\u00e4l till varf\u00f6r du beh\u00f6ver Trackilive TL-60: Obegr\u00e4nsad frihet:\u00a0L\u00e5ng batteritid f\u00f6r maximal flexibilitet. Sp\u00e5rning i realtid:\u00a0Vet alltid var dina tillh\u00f6righeter \u00e4r. Robust och p\u00e5litlig:\u00a0F\u00f6r anv\u00e4ndning under alla f\u00f6rh\u00e5llanden. M\u00e5ngsidig:\u00a0L\u00e4mplig f\u00f6r n\u00e4stan alla behov. &nbsp; Sov gott \u2013 din TL-60 vakar \u00f6ver dig! Trackilive\u00a0TL-60\u00a0\u00e4r mer \u00e4n bara en GPS-tracker. Den \u00e4r din personliga skydds\u00e4ngel [&hellip;]<\/p>\n","protected":false},"featured_media":579,"comment_status":"open","ping_status":"closed","template":"","meta":[],"product_brand":[],"product_cat":[23],"product_tag":[],"class_list":{"0":"post-140","1":"product","2":"type-product","3":"status-publish","4":"has-post-thumbnail","6":"product_cat-tracking-sparsandare","8":"first","9":"instock","10":"taxable","11":"shipping-taxable","12":"purchasable","13":"product-type-simple"},"aioseo_notices":[],"_links":{"self":[{"href":"https:\/\/www.falckab.se\/da\/wp-json\/wp\/v2\/product\/140","targetHints":{"allow":["GET"]}}],"collection":[{"href":"https:\/\/www.falckab.se\/da\/wp-json\/wp\/v2\/product"}],"about":[{"href":"https:\/\/www.falckab.se\/da\/wp-json\/wp\/v2\/types\/product"}],"replies":[{"embeddable":true,"href":"https:\/\/www.falckab.se\/da\/wp-json\/wp\/v2\/comments?post=140"}],"wp:featuredmedia":[{"embeddable":true,"href":"https:\/\/www.falckab.se\/da\/wp-json\/wp\/v2\/media\/579"}],"wp:attachment":[{"href":"https:\/\/www.falckab.se\/da\/wp-json\/wp\/v2\/media?parent=140"}],"wp:term":[{"taxonomy":"product_brand","embeddable":true,"href":"https:\/\/www.falckab.se\/da\/wp-json\/wp\/v2\/product_brand?post=140"},{"taxonomy":"product_cat","embeddable":true,"href":"https:\/\/www.falckab.se\/da\/wp-json\/wp\/v2\/product_cat?post=140"},{"taxonomy":"product_tag","embeddable":true,"href":"https:\/\/www.falckab.se\/da\/wp-json\/wp\/v2\/product_tag?post=140"}],"curies":[{"name":"wp","href":"https:\/\/api.w.org\/{rel}","templated":true}]}}