{"id":996,"date":"2025-12-26T12:26:52","date_gmt":"2025-12-26T12:26:52","guid":{"rendered":"https:\/\/www.falckab.se\/aktivera-din-tracker-sparningsutrustning\/"},"modified":"2025-12-28T00:12:22","modified_gmt":"2025-12-28T00:12:22","slug":"aktivera-din-tracker-sparningsutrustning","status":"publish","type":"page","link":"https:\/\/www.falckab.se\/da\/aktivera-din-tracker-sparningsutrustning\/","title":{"rendered":"Aktivera din Tracker \/ Sp\u00e5rningsutrustning"},"content":{"rendered":"<div class=\"wp-block-group alignfull has-global-padding is-content-justification-center is-layout-constrained wp-container-core-group-is-layout-df757ecc wp-block-group-is-layout-constrained\" style=\"margin-top:0;margin-bottom:0;padding-top:calc( 0.5 * var(--wp--style--root--padding-right, var(--wp--custom--gap--horizontal)));padding-right:var(--wp--style--root--padding-right, var(--wp--custom--gap--horizontal));padding-bottom:calc( 0.5 * var(--wp--style--root--padding-right, var(--wp--custom--gap--horizontal)));padding-left:var(--wp--style--root--padding-left, var(--wp--custom--gap--horizontal))\">\n<div style=\"height:calc( 0.25 * var(--wp--style--root--padding-right, var(--wp--custom--gap--horizontal)))\" aria-hidden=\"true\" class=\"wp-block-spacer\"><\/div>\n\n\n\n<div class=\"wp-block-group has-global-padding is-layout-constrained wp-block-group-is-layout-constrained\">\n<h2 class=\"wp-block-heading alignfull has-text-align-left\" style=\"font-style:normal;font-weight:100\"><strong>Aktivera din utrustning<\/strong><\/h2>\n\n\n\n<p class=\"has-text-align-left\">Du hittar instruktioner och annan v\u00e4rdefull information f\u00f6r produkterna p\u00e5 denna sidan. Saknar du n\u00e5got, fyll g\u00e4rna i v\u00e5rt formul\u00e4r s\u00e5 \u00e5terkommer vi snarast.<br>V\u00e4lj den aktuella modellen nedan och klicka p\u00e5 knappen&nbsp;<strong>&#8221;Aktivera<\/strong>&#8221;.<\/p>\n<\/div>\n\n\n\n<div class=\"wp-block-columns alignwide is-layout-flex wp-container-core-columns-is-layout-d0846407 wp-block-columns-is-layout-flex\">\n<div class=\"wp-block-column is-layout-flow wp-block-column-is-layout-flow\">\n<figure class=\"wp-block-image size-large is-resized\"><img loading=\"lazy\" decoding=\"async\" width=\"1024\" height=\"937\" src=\"https:\/\/www.falckab.se\/wp-content\/uploads\/2025\/12\/TL-60-1-1024x937.png\" alt=\"\" class=\"wp-image-1001\" style=\"aspect-ratio:1.3333333333333333;object-fit:cover;width:289px;height:auto\" srcset=\"https:\/\/www.falckab.se\/wp-content\/uploads\/2025\/12\/TL-60-1-1024x937.png 1024w, https:\/\/www.falckab.se\/wp-content\/uploads\/2025\/12\/TL-60-1-300x274.png 300w, https:\/\/www.falckab.se\/wp-content\/uploads\/2025\/12\/TL-60-1-768x703.png 768w, https:\/\/www.falckab.se\/wp-content\/uploads\/2025\/12\/TL-60-1-1536x1405.png 1536w, https:\/\/www.falckab.se\/wp-content\/uploads\/2025\/12\/TL-60-1-2048x1873.png 2048w, https:\/\/www.falckab.se\/wp-content\/uploads\/2025\/12\/TL-60-1-13x12.png 13w, https:\/\/www.falckab.se\/wp-content\/uploads\/2025\/12\/TL-60-1-1320x1207.png 1320w, https:\/\/www.falckab.se\/wp-content\/uploads\/2025\/12\/TL-60-1-600x549.png 600w\" sizes=\"auto, (max-width: 1024px) 100vw, 1024px\" \/><\/figure>\n\n\n\n<div class=\"wp-block-group is-layout-flow wp-block-group-is-layout-flow\">\n<h3 class=\"wp-block-heading is-service-name has-medium-font-size\" style=\"font-style:normal;font-weight:700\">Falckab trackilive TL-60<\/h3>\n<\/div>\n\n\n\n<div class=\"wp-block-buttons is-layout-flex wp-block-buttons-is-layout-flex\">\n<div class=\"wp-block-button\"><a class=\"wp-block-button__link wp-element-button\" href=\"https:\/\/www.falckab.se\/da\/aktivera-din-falckab-trackilive-tl-60\/\">Aktivera<\/a><\/div>\n<\/div>\n\n\n\n<div class=\"wp-block-buttons is-layout-flex wp-block-buttons-is-layout-flex\">\n<div class=\"wp-block-button\"><a class=\"wp-block-button__link wp-element-button\">Instruktionsblad<\/a><\/div>\n<\/div>\n<\/div>\n\n\n\n<div class=\"wp-block-column is-layout-flow wp-block-column-is-layout-flow\">\n<figure class=\"wp-block-image size-large is-resized\"><img loading=\"lazy\" decoding=\"async\" width=\"1024\" height=\"937\" src=\"https:\/\/www.falckab.se\/wp-content\/uploads\/2025\/12\/TL-60-1-1024x937.png\" alt=\"\" class=\"wp-image-1001\" style=\"aspect-ratio:1.3333333333333333;object-fit:cover;width:292px;height:auto\" srcset=\"https:\/\/www.falckab.se\/wp-content\/uploads\/2025\/12\/TL-60-1-1024x937.png 1024w, https:\/\/www.falckab.se\/wp-content\/uploads\/2025\/12\/TL-60-1-300x274.png 300w, https:\/\/www.falckab.se\/wp-content\/uploads\/2025\/12\/TL-60-1-768x703.png 768w, https:\/\/www.falckab.se\/wp-content\/uploads\/2025\/12\/TL-60-1-1536x1405.png 1536w, https:\/\/www.falckab.se\/wp-content\/uploads\/2025\/12\/TL-60-1-2048x1873.png 2048w, https:\/\/www.falckab.se\/wp-content\/uploads\/2025\/12\/TL-60-1-13x12.png 13w, https:\/\/www.falckab.se\/wp-content\/uploads\/2025\/12\/TL-60-1-1320x1207.png 1320w, https:\/\/www.falckab.se\/wp-content\/uploads\/2025\/12\/TL-60-1-600x549.png 600w\" sizes=\"auto, (max-width: 1024px) 100vw, 1024px\" \/><\/figure>\n\n\n\n<div class=\"wp-block-group is-layout-flow wp-block-group-is-layout-flow\">\n<h3 class=\"wp-block-heading is-service-name has-medium-font-size\" style=\"font-style:normal;font-weight:700\">Falckab trackilive EverFind<\/h3>\n<\/div>\n\n\n\n<div class=\"wp-block-buttons is-layout-flex wp-block-buttons-is-layout-flex\">\n<div class=\"wp-block-button\"><a class=\"wp-block-button__link wp-element-button\" href=\"https:\/\/www.falckab.se\/da\/aktivera-din-falckab-trackilive-everfind\/\">Aktivera<\/a><\/div>\n<\/div>\n\n\n\n<div class=\"wp-block-buttons is-layout-flex wp-block-buttons-is-layout-flex\">\n<div class=\"wp-block-button\"><a class=\"wp-block-button__link wp-element-button\">Instruktionsblad<\/a><\/div>\n<\/div>\n<\/div>\n\n\n\n<div class=\"wp-block-column is-layout-flow wp-block-column-is-layout-flow\">\n<figure class=\"wp-block-image size-full is-resized\"><img loading=\"lazy\" decoding=\"async\" width=\"600\" height=\"600\" src=\"https:\/\/www.falckab.se\/wp-content\/uploads\/2025\/11\/Keyfinder_3.webp\" alt=\"\" class=\"wp-image-480\" style=\"aspect-ratio:1.3333333333333333;object-fit:cover;width:295px;height:auto\" srcset=\"https:\/\/www.falckab.se\/wp-content\/uploads\/2025\/11\/Keyfinder_3.webp 600w, https:\/\/www.falckab.se\/wp-content\/uploads\/2025\/11\/Keyfinder_3-300x300.webp 300w, https:\/\/www.falckab.se\/wp-content\/uploads\/2025\/11\/Keyfinder_3-150x150.webp 150w, https:\/\/www.falckab.se\/wp-content\/uploads\/2025\/11\/Keyfinder_3-12x12.webp 12w, https:\/\/www.falckab.se\/wp-content\/uploads\/2025\/11\/Keyfinder_3-100x100.webp 100w\" sizes=\"auto, (max-width: 600px) 100vw, 600px\" \/><\/figure>\n\n\n\n<div class=\"wp-block-group is-layout-flow wp-block-group-is-layout-flow\">\n<h3 class=\"wp-block-heading is-service-name has-medium-font-size\" style=\"font-style:normal;font-weight:700\">Falckab <strong>trackilive KeyFinder<\/strong><\/h3>\n<\/div>\n\n\n\n<div class=\"wp-block-buttons is-layout-flex wp-block-buttons-is-layout-flex\">\n<div class=\"wp-block-button\"><a class=\"wp-block-button__link wp-element-button\" href=\"https:\/\/www.falckab.se\/da\/aktivera-din-falckab-trackilive-everfind\/\">Aktivera<\/a><\/div>\n<\/div>\n\n\n\n<div class=\"wp-block-buttons is-layout-flex wp-block-buttons-is-layout-flex\">\n<div class=\"wp-block-button\"><a class=\"wp-block-button__link wp-element-button\">Instruktionsblad<\/a><\/div>\n<\/div>\n<\/div>\n<\/div>\n\n\n\n<div style=\"height:calc( 0.25 * var(--wp--style--root--padding-right, var(--wp--custom--gap--horizontal)))\" aria-hidden=\"true\" class=\"wp-block-spacer\"><\/div>\n<\/div>","protected":false},"excerpt":{"rendered":"<p>Aktivera din utrustning Du hittar instruktioner och annan v\u00e4rdefull information f\u00f6r produkterna p\u00e5 denna sidan. Saknar du n\u00e5got, fyll g\u00e4rna i v\u00e5rt formul\u00e4r s\u00e5 \u00e5terkommer vi snarast.V\u00e4lj den aktuella modellen nedan och klicka p\u00e5 knappen&nbsp;&#8221;Aktivera&#8221;. Falckab trackilive TL-60 Falckab trackilive EverFind Falckab trackilive KeyFinder<\/p>","protected":false},"author":1,"featured_media":0,"parent":0,"menu_order":0,"comment_status":"closed","ping_status":"closed","template":"page-with-title","meta":{"footnotes":""},"class_list":["post-996","page","type-page","status-publish","hentry"],"aioseo_notices":[],"_links":{"self":[{"href":"https:\/\/www.falckab.se\/da\/wp-json\/wp\/v2\/pages\/996","targetHints":{"allow":["GET"]}}],"collection":[{"href":"https:\/\/www.falckab.se\/da\/wp-json\/wp\/v2\/pages"}],"about":[{"href":"https:\/\/www.falckab.se\/da\/wp-json\/wp\/v2\/types\/page"}],"author":[{"embeddable":true,"href":"https:\/\/www.falckab.se\/da\/wp-json\/wp\/v2\/users\/1"}],"replies":[{"embeddable":true,"href":"https:\/\/www.falckab.se\/da\/wp-json\/wp\/v2\/comments?post=996"}],"version-history":[{"count":4,"href":"https:\/\/www.falckab.se\/da\/wp-json\/wp\/v2\/pages\/996\/revisions"}],"predecessor-version":[{"id":1006,"href":"https:\/\/www.falckab.se\/da\/wp-json\/wp\/v2\/pages\/996\/revisions\/1006"}],"wp:attachment":[{"href":"https:\/\/www.falckab.se\/da\/wp-json\/wp\/v2\/media?parent=996"}],"curies":[{"name":"wp","href":"https:\/\/api.w.org\/{rel}","templated":true}]}}