{"id":976,"date":"2025-12-26T09:26:27","date_gmt":"2025-12-26T09:26:27","guid":{"rendered":"https:\/\/www.falckab.se\/?page_id=976"},"modified":"2025-12-26T09:59:23","modified_gmt":"2025-12-26T09:59:23","slug":"aktivera-din-falckab-trackilive-everfind","status":"publish","type":"page","link":"https:\/\/www.falckab.se\/da\/aktivera-din-falckab-trackilive-everfind\/","title":{"rendered":"Aktivera din Falckab Trackilive Everfind"},"content":{"rendered":"<h2 class=\"wp-block-heading\">Aktivera din Falckab Trackilive Everfind<\/h2>\n\n\n\n<p>Aktiveringen g\u00f6rs via extern sida och f\u00f6r n\u00e4rvarande p\u00e5 engelska.<br>N\u00e4r du skapat ett konto kopplar du ihop de Falckab Trackilive trackers du vill till kontot. N\u00e4r du \u00e4r klar, g\u00e5 tillbaka till v\u00e5ra sidor f\u00f6r att sedan logga in p\u00e5 din sida via <a href=\"https:\/\/start.trackilive.com\/\" title=\"Trackilive Portalen.\">Trackilive Portalen.<\/a><\/p>\n\n\n\n<figure class=\"wp-block-embed is-type-wp-embed is-provider-trackilive wp-block-embed-trackilive\"><div class=\"wp-block-embed__wrapper\">\n<blockquote class=\"wp-embedded-content\" data-secret=\"p9Ddsf8G5D\"><a href=\"https:\/\/portal.trackilive.com\/en\/checkout\/\">Checkout<\/a><\/blockquote><iframe loading=\"lazy\" class=\"wp-embedded-content\" sandbox=\"allow-scripts\" security=\"restricted\" style=\"position: absolute; visibility: hidden;\" title=\"&#8220;Checkout&#8221; &#8212; trackilive\" src=\"https:\/\/portal.trackilive.com\/en\/checkout\/embed\/#?secret=aVa4AM1J7a#?secret=p9Ddsf8G5D\" data-secret=\"p9Ddsf8G5D\" width=\"500\" height=\"282\" frameborder=\"0\" marginwidth=\"0\" marginheight=\"0\" scrolling=\"no\"><\/iframe>\n<\/div><\/figure>\n\n\n\n<ul class=\"wp-block-list\">\n<li><\/li>\n<\/ul>","protected":false},"excerpt":{"rendered":"<p>Aktivera din Falckab Trackilive Everfind Aktiveringen g\u00f6rs via extern sida och f\u00f6r n\u00e4rvarande p\u00e5 engelska.N\u00e4r du skapat ett konto kopplar du ihop de Falckab Trackilive trackers du vill till kontot. N\u00e4r du \u00e4r klar, g\u00e5 tillbaka till v\u00e5ra sidor f\u00f6r att sedan logga in p\u00e5 din sida via Trackilive Portalen.<\/p>","protected":false},"author":1,"featured_media":0,"parent":0,"menu_order":0,"comment_status":"closed","ping_status":"closed","template":"page-with-title","meta":{"footnotes":""},"class_list":["post-976","page","type-page","status-publish","hentry"],"aioseo_notices":[],"_links":{"self":[{"href":"https:\/\/www.falckab.se\/da\/wp-json\/wp\/v2\/pages\/976","targetHints":{"allow":["GET"]}}],"collection":[{"href":"https:\/\/www.falckab.se\/da\/wp-json\/wp\/v2\/pages"}],"about":[{"href":"https:\/\/www.falckab.se\/da\/wp-json\/wp\/v2\/types\/page"}],"author":[{"embeddable":true,"href":"https:\/\/www.falckab.se\/da\/wp-json\/wp\/v2\/users\/1"}],"replies":[{"embeddable":true,"href":"https:\/\/www.falckab.se\/da\/wp-json\/wp\/v2\/comments?post=976"}],"version-history":[{"count":4,"href":"https:\/\/www.falckab.se\/da\/wp-json\/wp\/v2\/pages\/976\/revisions"}],"predecessor-version":[{"id":985,"href":"https:\/\/www.falckab.se\/da\/wp-json\/wp\/v2\/pages\/976\/revisions\/985"}],"wp:attachment":[{"href":"https:\/\/www.falckab.se\/da\/wp-json\/wp\/v2\/media?parent=976"}],"curies":[{"name":"wp","href":"https:\/\/api.w.org\/{rel}","templated":true}]}}