{"id":631,"date":"2025-11-19T21:08:20","date_gmt":"2025-11-19T21:08:20","guid":{"rendered":"https:\/\/www.falckab.se\/?page_id=631"},"modified":"2025-11-19T21:08:23","modified_gmt":"2025-11-19T21:08:23","slug":"var-ar-den-basta-platsen-for-min-gps-tracker","status":"publish","type":"page","link":"https:\/\/www.falckab.se\/da\/var-ar-den-basta-platsen-for-min-gps-tracker\/","title":{"rendered":"Var \u00e4r den b\u00e4sta platsen f\u00f6r min GPS-tracker?"},"content":{"rendered":"<figure class=\"wp-block-image size-full\"><img loading=\"lazy\" decoding=\"async\" width=\"940\" height=\"281\" src=\"https:\/\/www.falckab.se\/wp-content\/uploads\/2025\/11\/wo-gps-tracker-am-auto.webp\" alt=\"\" class=\"wp-image-632\" srcset=\"https:\/\/www.falckab.se\/wp-content\/uploads\/2025\/11\/wo-gps-tracker-am-auto.webp 940w, https:\/\/www.falckab.se\/wp-content\/uploads\/2025\/11\/wo-gps-tracker-am-auto-300x90.webp 300w, https:\/\/www.falckab.se\/wp-content\/uploads\/2025\/11\/wo-gps-tracker-am-auto-768x230.webp 768w, https:\/\/www.falckab.se\/wp-content\/uploads\/2025\/11\/wo-gps-tracker-am-auto-18x5.webp 18w, https:\/\/www.falckab.se\/wp-content\/uploads\/2025\/11\/wo-gps-tracker-am-auto-600x179.webp 600w\" sizes=\"auto, (max-width: 940px) 100vw, 940px\" \/><\/figure>\n\n\n\n<h5 class=\"wp-block-heading\"><strong>Var \u00e4r den b\u00e4sta platsen f\u00f6r min GPS-tracker?<\/strong><\/h5>\n\n\n\n<p>Att v\u00e4lja r\u00e4tt installationsplats f\u00f6r din GPS-tracker \u00e4r avg\u00f6rande f\u00f6r optimal funktionalitet och diskretion. H\u00e4r hittar du en \u00f6versikt \u00f6ver de vanligaste installationsplatserna och anv\u00e4ndbara installationstips.<\/p>\n\n\n\n<h5 class=\"wp-block-heading\"><strong>Under instrumentbr\u00e4dan<\/strong><\/h5>\n\n\n\n<ul class=\"wp-block-list\">\n<li><strong>F\u00f6rdelar:<\/strong>\u00a0V\u00e4l skyddad mot v\u00e4der och vind och nyfikna \u00f6gon.<\/li>\n\n\n\n<li><strong>Nackdelar:<\/strong>\u00a0M\u00f6jlig f\u00f6rs\u00e4mring av GPS-signalen av vissa material.<\/li>\n\n\n\n<li><strong>Tips:<\/strong>\u00a0V\u00e4lj ett omr\u00e5de som \u00e4r s\u00e5 fritt fr\u00e5n metalldelar som m\u00f6jligt.<\/li>\n<\/ul>\n\n\n\n<h4 class=\"wp-block-heading\"><strong>I st\u00f6tf\u00e5ngaren<\/strong><\/h4>\n\n\n\n<ul class=\"wp-block-list\">\n<li><strong>F\u00f6rdelar:<\/strong>\u00a0Mycket diskret och ger bra sikt mot himlen med en stark GPS-signal.<\/li>\n\n\n\n<li><strong>Nackdelar:<\/strong>\u00a0Ben\u00e4genhet att skadas vid en olycka.<\/li>\n\n\n\n<li><strong>Tips:<\/strong>\u00a0Anv\u00e4nd ett vattent\u00e4tt fodral och f\u00e4st aktivitetsm\u00e4taren ordentligt.<\/li>\n<\/ul>\n\n\n\n<h5 class=\"wp-block-heading\"><strong>Under fordonet<\/strong><\/h5>\n\n\n\n<ul class=\"wp-block-list\">\n<li><strong>F\u00f6rdelar:<\/strong>\u00a0Extremt diskret och sv\u00e5r att hitta.<\/li>\n\n\n\n<li><strong>Nackdelar:<\/strong>\u00a0Kr\u00e4ver professionell installation och \u00e4r mer k\u00e4nslig f\u00f6r smuts och fukt.<\/li>\n\n\n\n<li><strong>Tips:<\/strong>\u00a0V\u00e4lj en plan, stabil yta och anv\u00e4nd en stark magnet eller skruvf\u00e4ste.<\/li>\n<\/ul>\n\n\n\n<h5 class=\"wp-block-heading\"><strong>I bagageutrymmet<\/strong><\/h5>\n\n\n\n<ul class=\"wp-block-list\">\n<li><strong>F\u00f6rdelar:<\/strong>\u00a0V\u00e4l skyddad fr\u00e5n nyfikna \u00f6gon.<\/li>\n\n\n\n<li><strong>Nackdelar:<\/strong>\u00a0Potentiellt minskad signalstyrka om trunken ofta \u00e4r fulladdad.<\/li>\n\n\n\n<li><strong>Tips:<\/strong>\u00a0V\u00e4lj ett omr\u00e5de som \u00e4r s\u00e5 h\u00f6gt upp och centrerat som m\u00f6jligt i bagageutrymmet.<\/li>\n<\/ul>\n\n\n\n<h5 class=\"wp-block-heading\"><strong>Inuti (handskfacket, under s\u00e4tena)<\/strong><\/h5>\n\n\n\n<ul class=\"wp-block-list\">\n<li><strong>F\u00f6rdelar:<\/strong>\u00a0Enkel installation och bra skydd mot v\u00e4der och vind.<\/li>\n\n\n\n<li><strong>Nackdelar:<\/strong>\u00a0L\u00e4tt att hitta om n\u00e5gon specifikt letar efter det.<\/li>\n\n\n\n<li><strong>Tips:<\/strong>\u00a0V\u00e4lj ett omr\u00e5de som inte \u00e4r direkt synligt och som inneh\u00e5ller s\u00e5 lite metall som m\u00f6jligt.<\/li>\n<\/ul>\n\n\n\n<h5 class=\"wp-block-heading\"><strong>Installationstips:<\/strong><\/h5>\n\n\n\n<ul class=\"wp-block-list\">\n<li><strong>Undvik metalldelar:<\/strong>\u00a0Metall kan st\u00f6ra GPS-signalen.<\/li>\n\n\n\n<li><strong>Var uppm\u00e4rksam p\u00e5 vattent\u00e5lighet:<\/strong>\u00a0Ett vattent\u00e4tt h\u00f6lje \u00e4r s\u00e4rskilt viktigt f\u00f6r utomhusinstallationer.<\/li>\n\n\n\n<li><strong>F\u00e4st sp\u00e5rningsenheten ordentligt:<\/strong>\u00a0\u200b\u200bF\u00f6rhindra att sp\u00e5rningsenheten tappas bort vid st\u00f6tar eller olyckor.<\/li>\n\n\n\n<li><strong>Testa mottagningen:<\/strong>\u00a0Kontrollera om sp\u00e5raren tar emot en stark signal efter installationen.<\/li>\n<\/ul>\n\n\n\n<h5 class=\"wp-block-heading\"><strong>Vilken installationsplats \u00e4r r\u00e4tt f\u00f6r dig?<\/strong><\/h5>\n\n\n\n<p>Det b\u00e4sta valet beror p\u00e5 ditt fordon, dina personliga krav och din GPS-trackers specifika funktioner.&nbsp;<strong>V\u00e5ra Trackilive GPS-trackers<\/strong>&nbsp;\u00e4r l\u00e4mpliga f\u00f6r en m\u00e4ngd olika installationsplatser och erbjuder tillf\u00f6rlitlig sp\u00e5rning.<\/p>","protected":false},"excerpt":{"rendered":"<p>Var \u00e4r den b\u00e4sta platsen f\u00f6r min GPS-tracker? Att v\u00e4lja r\u00e4tt installationsplats f\u00f6r din GPS-tracker \u00e4r avg\u00f6rande f\u00f6r optimal funktionalitet och diskretion. H\u00e4r hittar du en \u00f6versikt \u00f6ver de vanligaste installationsplatserna och anv\u00e4ndbara installationstips. Under instrumentbr\u00e4dan I st\u00f6tf\u00e5ngaren Under fordonet I bagageutrymmet Inuti (handskfacket, under s\u00e4tena) Installationstips: Vilken installationsplats \u00e4r r\u00e4tt f\u00f6r dig? Det b\u00e4sta [&hellip;]<\/p>\n","protected":false},"author":1,"featured_media":0,"parent":0,"menu_order":0,"comment_status":"closed","ping_status":"closed","template":"page-with-title","meta":{"footnotes":""},"class_list":["post-631","page","type-page","status-publish","hentry"],"aioseo_notices":[],"_links":{"self":[{"href":"https:\/\/www.falckab.se\/da\/wp-json\/wp\/v2\/pages\/631","targetHints":{"allow":["GET"]}}],"collection":[{"href":"https:\/\/www.falckab.se\/da\/wp-json\/wp\/v2\/pages"}],"about":[{"href":"https:\/\/www.falckab.se\/da\/wp-json\/wp\/v2\/types\/page"}],"author":[{"embeddable":true,"href":"https:\/\/www.falckab.se\/da\/wp-json\/wp\/v2\/users\/1"}],"replies":[{"embeddable":true,"href":"https:\/\/www.falckab.se\/da\/wp-json\/wp\/v2\/comments?post=631"}],"version-history":[{"count":1,"href":"https:\/\/www.falckab.se\/da\/wp-json\/wp\/v2\/pages\/631\/revisions"}],"predecessor-version":[{"id":633,"href":"https:\/\/www.falckab.se\/da\/wp-json\/wp\/v2\/pages\/631\/revisions\/633"}],"wp:attachment":[{"href":"https:\/\/www.falckab.se\/da\/wp-json\/wp\/v2\/media?parent=631"}],"curies":[{"name":"wp","href":"https:\/\/api.w.org\/{rel}","templated":true}]}}