{"id":48,"date":"2025-11-10T09:24:27","date_gmt":"2025-11-10T09:24:27","guid":{"rendered":"https:\/\/www.falckab.se\/startsida\/"},"modified":"2025-12-28T00:19:30","modified_gmt":"2025-12-28T00:19:30","slug":"startsida","status":"publish","type":"page","link":"https:\/\/www.falckab.se\/da\/","title":{"rendered":"Startsida"},"content":{"rendered":"<div class=\"wp-block-group alignfull has-global-padding is-content-justification-center is-layout-constrained wp-container-core-group-is-layout-df757ecc wp-block-group-is-layout-constrained\" style=\"margin-top:0;margin-bottom:0;padding-top:calc( 0.5 * var(--wp--style--root--padding-right, var(--wp--custom--gap--horizontal)));padding-right:var(--wp--style--root--padding-right, var(--wp--custom--gap--horizontal));padding-bottom:calc( 0.5 * var(--wp--style--root--padding-right, var(--wp--custom--gap--horizontal)));padding-left:var(--wp--style--root--padding-left, var(--wp--custom--gap--horizontal))\">\n<div style=\"height:calc( 0.25 * var(--wp--style--root--padding-right, var(--wp--custom--gap--horizontal)))\" aria-hidden=\"true\" class=\"wp-block-spacer\"><\/div>\n\n\n\n<div class=\"wp-block-columns alignwide is-layout-flex wp-container-core-columns-is-layout-5b525043 wp-block-columns-is-layout-flex\">\n<div class=\"wp-block-column is-layout-flow wp-block-column-is-layout-flow\">\n<div class=\"wp-block-group is-layout-flow wp-container-core-group-is-layout-939812aa wp-block-group-is-layout-flow\">\n<p class=\"has-text-align-center\">GPS-trackers eller Bluetooth-sp\u00e5rare<\/p>\n\n\n\n<h3 class=\"wp-block-heading has-text-align-center has-large-font-size\"><a href=\"https:\/\/www.falckab.se\/da\/aktivera-guide\/\" title=\"Sluta leta - ha koll p\u00e5 dina grejor\">Sluta leta &#8211; ha koll p\u00e5 dina grejor<\/a><\/h3>\n\n\n\n<p class=\"has-text-align-center\">V\u00e5ra trackers och sp\u00e5rare erbjuder l\u00e5ng batteritid, <br>exakt position och enkel anv\u00e4ndning.<\/p>\n<\/div>\n\n\n\n<figure class=\"wp-block-image size-full\"><a href=\"https:\/\/www.falckab.se\/da\/aktivera-guide\/\"><img loading=\"lazy\" decoding=\"async\" width=\"2494\" height=\"1971\" src=\"https:\/\/www.falckab.se\/wp-content\/uploads\/2025\/11\/Tracker-och-tjej-2.png\" alt=\"\" class=\"wp-image-566\" style=\"aspect-ratio:4\/3;object-fit:cover\" srcset=\"https:\/\/www.falckab.se\/wp-content\/uploads\/2025\/11\/Tracker-och-tjej-2.png 2494w, https:\/\/www.falckab.se\/wp-content\/uploads\/2025\/11\/Tracker-och-tjej-2-300x237.png 300w, https:\/\/www.falckab.se\/wp-content\/uploads\/2025\/11\/Tracker-och-tjej-2-1024x809.png 1024w, https:\/\/www.falckab.se\/wp-content\/uploads\/2025\/11\/Tracker-och-tjej-2-768x607.png 768w, https:\/\/www.falckab.se\/wp-content\/uploads\/2025\/11\/Tracker-och-tjej-2-1536x1214.png 1536w, https:\/\/www.falckab.se\/wp-content\/uploads\/2025\/11\/Tracker-och-tjej-2-2048x1619.png 2048w, https:\/\/www.falckab.se\/wp-content\/uploads\/2025\/11\/Tracker-och-tjej-2-15x12.png 15w, https:\/\/www.falckab.se\/wp-content\/uploads\/2025\/11\/Tracker-och-tjej-2-1320x1043.png 1320w, https:\/\/www.falckab.se\/wp-content\/uploads\/2025\/11\/Tracker-och-tjej-2-600x474.png 600w\" sizes=\"auto, (max-width: 2494px) 100vw, 2494px\" \/><\/a><\/figure>\n<\/div>\n\n\n\n<div class=\"wp-block-column is-layout-flow wp-block-column-is-layout-flow\">\n<div class=\"wp-block-group is-layout-flow wp-container-core-group-is-layout-939812aa wp-block-group-is-layout-flow\">\n<p class=\"has-text-align-center\">Fr\u00e5n id\u00e9 till f\u00e4rdigt resultat<\/p>\n\n\n\n<h3 class=\"wp-block-heading has-text-align-center has-large-font-size\">Film och foto produktion<\/h3>\n\n\n\n<p class=\"has-text-align-center\">Vi filmar och producerar events, f\u00f6rel\u00e4sningar, konserter, <br>fester, dokument\u00e4rer och mycket mer.<\/p>\n<\/div>\n\n\n\n<figure class=\"wp-block-image size-full\"><img loading=\"lazy\" decoding=\"async\" width=\"2506\" height=\"1971\" src=\"https:\/\/www.falckab.se\/wp-content\/uploads\/2025\/11\/Production-1.png\" alt=\"\" class=\"wp-image-571\" style=\"aspect-ratio:4\/3;object-fit:cover\" srcset=\"https:\/\/www.falckab.se\/wp-content\/uploads\/2025\/11\/Production-1.png 2506w, https:\/\/www.falckab.se\/wp-content\/uploads\/2025\/11\/Production-1-300x236.png 300w, https:\/\/www.falckab.se\/wp-content\/uploads\/2025\/11\/Production-1-1024x805.png 1024w, https:\/\/www.falckab.se\/wp-content\/uploads\/2025\/11\/Production-1-768x604.png 768w, https:\/\/www.falckab.se\/wp-content\/uploads\/2025\/11\/Production-1-1536x1208.png 1536w, https:\/\/www.falckab.se\/wp-content\/uploads\/2025\/11\/Production-1-2048x1611.png 2048w, https:\/\/www.falckab.se\/wp-content\/uploads\/2025\/11\/Production-1-15x12.png 15w, https:\/\/www.falckab.se\/wp-content\/uploads\/2025\/11\/Production-1-1320x1038.png 1320w, https:\/\/www.falckab.se\/wp-content\/uploads\/2025\/11\/Production-1-600x472.png 600w\" sizes=\"auto, (max-width: 2506px) 100vw, 2506px\" \/><\/figure>\n<\/div>\n<\/div>\n\n\n\n<div style=\"height:calc( 0.25 * var(--wp--style--root--padding-right, var(--wp--custom--gap--horizontal)))\" aria-hidden=\"true\" class=\"wp-block-spacer\"><\/div>\n<\/div>\n\n\n\n<div class=\"wp-block-group alignfull has-global-padding is-content-justification-center is-layout-constrained wp-container-core-group-is-layout-df757ecc wp-block-group-is-layout-constrained\" style=\"margin-top:0;margin-bottom:0;padding-top:calc( 0.5 * var(--wp--style--root--padding-right, var(--wp--custom--gap--horizontal)));padding-right:var(--wp--style--root--padding-right, var(--wp--custom--gap--horizontal));padding-bottom:calc( 0.5 * var(--wp--style--root--padding-right, var(--wp--custom--gap--horizontal)));padding-left:var(--wp--style--root--padding-left, var(--wp--custom--gap--horizontal))\">\n<div style=\"height:calc( 0.25 * var(--wp--style--root--padding-right, var(--wp--custom--gap--horizontal)))\" aria-hidden=\"true\" class=\"wp-block-spacer\"><\/div>\n\n\n\n<div class=\"wp-block-group alignwide has-global-padding is-layout-constrained wp-block-group-is-layout-constrained\">\n<h3 class=\"wp-block-heading alignfull has-text-align-center\" style=\"font-style:normal;font-weight:100\"><strong>Vad \u00e4r det som g\u00f6r att Falckab Tracking system sticker ut?<\/strong><\/h3>\n<\/div>\n\n\n\n<p>Vi \u00e4r unika med att ha v\u00e4ldigt h\u00f6g kvalitet och anv\u00e4ndarv\u00e4nliga produkter till ett mycket bra pris. Vi t\u00e5l att bli j\u00e4mf\u00f6rda. L\u00e4s och l\u00e4r dig med p\u00e5 v\u00e5ra sidor eller fr\u00e5ga v\u00e5r support om du har fr\u00e5gor.<\/p>\n\n\n\n<div style=\"height:var(--wp--preset--spacing--20)\" aria-hidden=\"true\" class=\"wp-block-spacer\"><\/div>\n\n\n\n<div class=\"wp-block-columns alignwide is-layout-flex wp-container-core-columns-is-layout-549b0c86 wp-block-columns-is-layout-flex\">\n<div class=\"wp-block-column is-layout-flow wp-block-column-is-layout-flow\">\n<figure class=\"wp-block-image size-full is-resized\"><img loading=\"lazy\" decoding=\"async\" width=\"200\" height=\"200\" src=\"https:\/\/www.falckab.se\/wp-content\/uploads\/2025\/11\/18.avif\" alt=\"\" class=\"wp-image-573\" style=\"width:65px;height:auto\" srcset=\"https:\/\/www.falckab.se\/wp-content\/uploads\/2025\/11\/18.avif 200w, https:\/\/www.falckab.se\/wp-content\/uploads\/2025\/11\/18-150x150.avif 150w, https:\/\/www.falckab.se\/wp-content\/uploads\/2025\/11\/18-12x12.avif 12w, https:\/\/www.falckab.se\/wp-content\/uploads\/2025\/11\/18-100x100.avif 100w\" sizes=\"auto, (max-width: 200px) 100vw, 200px\" \/><\/figure>\n\n\n\n<h3 class=\"wp-block-heading is-service-name has-medium-font-size\" style=\"font-style:normal;font-weight:700\">Maximalt dataskydd f\u00f6r dina uppgifter<\/h3>\n\n\n\n<p class=\"is-service-description\">V\u00e5r sp\u00e5rningsplattform och app, utvecklad i Tyskland, och med servrar i Tyskland, garanteras efterlevnad av EU:s str\u00e4ngaste dataskyddsf\u00f6reskrifter.<\/p>\n<\/div>\n\n\n\n<div class=\"wp-block-column is-layout-flow wp-block-column-is-layout-flow\">\n<figure class=\"wp-block-image size-full is-resized\"><img loading=\"lazy\" decoding=\"async\" width=\"200\" height=\"200\" src=\"https:\/\/www.falckab.se\/wp-content\/uploads\/2025\/11\/17.avif\" alt=\"\" class=\"wp-image-574\" style=\"width:64px;height:auto\" srcset=\"https:\/\/www.falckab.se\/wp-content\/uploads\/2025\/11\/17.avif 200w, https:\/\/www.falckab.se\/wp-content\/uploads\/2025\/11\/17-150x150.avif 150w, https:\/\/www.falckab.se\/wp-content\/uploads\/2025\/11\/17-12x12.avif 12w, https:\/\/www.falckab.se\/wp-content\/uploads\/2025\/11\/17-100x100.avif 100w\" sizes=\"auto, (max-width: 200px) 100vw, 200px\" \/><\/figure>\n\n\n\n<h3 class=\"wp-block-heading is-service-name has-medium-font-size\" style=\"font-style:normal;font-weight:700\">Mer 10 \u00e5rs erfarenhet av GPS-sp\u00e5rning<\/h3>\n\n\n\n<p class=\"is-service-description\">Som en av pionj\u00e4rerna inom detta omr\u00e5de k\u00e4nner vi v\u00e5ra kunders behov utan och innan.<br>Vi vet vad man \u00f6nskar och hur det skall fungera.<br>J\u00e4mf\u00f6r g\u00e4rna, s\u00e5 f\u00f6rst\u00e5r du skillnaden.<\/p>\n<\/div>\n\n\n\n<div class=\"wp-block-column is-layout-flow wp-block-column-is-layout-flow\">\n<figure class=\"wp-block-image size-full is-resized\"><img loading=\"lazy\" decoding=\"async\" width=\"200\" height=\"200\" src=\"https:\/\/www.falckab.se\/wp-content\/uploads\/2025\/11\/22.avif\" alt=\"\" class=\"wp-image-575\" style=\"width:65px;height:auto\" srcset=\"https:\/\/www.falckab.se\/wp-content\/uploads\/2025\/11\/22.avif 200w, https:\/\/www.falckab.se\/wp-content\/uploads\/2025\/11\/22-150x150.avif 150w, https:\/\/www.falckab.se\/wp-content\/uploads\/2025\/11\/22-12x12.avif 12w, https:\/\/www.falckab.se\/wp-content\/uploads\/2025\/11\/22-100x100.avif 100w\" sizes=\"auto, (max-width: 200px) 100vw, 200px\" \/><\/figure>\n\n\n\n<h3 class=\"wp-block-heading is-service-name has-medium-font-size\" style=\"font-style:normal;font-weight:700\">Snabb och kompetent support<\/h3>\n\n\n\n<p class=\"is-service-description\">V\u00e5r support finns alltid tillg\u00e4ngligt f\u00f6r att hj\u00e4lpa dig med eventuella fr\u00e5gor eller problem. Dra nytta av v\u00e5ra snabba svar och skr\u00e4ddarsydda l\u00f6sningar.<\/p>\n<\/div>\n<\/div>\n\n\n\n<div style=\"height:calc( 0.25 * var(--wp--style--root--padding-right, var(--wp--custom--gap--horizontal)))\" aria-hidden=\"true\" class=\"wp-block-spacer\"><\/div>\n<\/div>\n\n\n\n<div class=\"wp-block-group alignfull has-global-padding is-content-justification-center is-layout-constrained wp-container-core-group-is-layout-df757ecc wp-block-group-is-layout-constrained\" style=\"margin-top:0;margin-bottom:0;padding-top:calc( 0.5 * var(--wp--style--root--padding-right, var(--wp--custom--gap--horizontal)));padding-right:var(--wp--style--root--padding-right, var(--wp--custom--gap--horizontal));padding-bottom:calc( 0.5 * var(--wp--style--root--padding-right, var(--wp--custom--gap--horizontal)));padding-left:var(--wp--style--root--padding-left, var(--wp--custom--gap--horizontal))\">\n<div style=\"height:calc( 0.25 * var(--wp--style--root--padding-right, var(--wp--custom--gap--horizontal)))\" aria-hidden=\"true\" class=\"wp-block-spacer\"><\/div>\n\n\n\n<div class=\"wp-block-columns alignwide are-vertically-aligned-top is-layout-flex wp-container-core-columns-is-layout-7fc3d43a wp-block-columns-is-layout-flex\">\n<div class=\"wp-block-column is-vertically-aligned-top is-layout-flow wp-block-column-is-layout-flow\">\n<figure class=\"wp-block-image size-full\"><img loading=\"lazy\" decoding=\"async\" width=\"1500\" height=\"1000\" src=\"https:\/\/www.falckab.se\/wp-content\/uploads\/2025\/11\/office-team-business-meeting.webp\" alt=\"\" class=\"wp-image-587\" style=\"aspect-ratio:1;object-fit:cover\" srcset=\"https:\/\/www.falckab.se\/wp-content\/uploads\/2025\/11\/office-team-business-meeting.webp 1500w, https:\/\/www.falckab.se\/wp-content\/uploads\/2025\/11\/office-team-business-meeting-300x200.webp 300w, https:\/\/www.falckab.se\/wp-content\/uploads\/2025\/11\/office-team-business-meeting-1024x683.webp 1024w, https:\/\/www.falckab.se\/wp-content\/uploads\/2025\/11\/office-team-business-meeting-768x512.webp 768w, https:\/\/www.falckab.se\/wp-content\/uploads\/2025\/11\/office-team-business-meeting-18x12.webp 18w, https:\/\/www.falckab.se\/wp-content\/uploads\/2025\/11\/office-team-business-meeting-1320x880.webp 1320w, https:\/\/www.falckab.se\/wp-content\/uploads\/2025\/11\/office-team-business-meeting-600x400.webp 600w\" sizes=\"auto, (max-width: 1500px) 100vw, 1500px\" \/><\/figure>\n<\/div>\n\n\n\n<div class=\"wp-block-column is-vertically-aligned-top is-layout-flow wp-block-column-is-layout-flow\">\n<h2 class=\"wp-block-heading alignwide\">GPS-sp\u00e5rning, precis som du vill ha det!<\/h2>\n\n\n\n<p><strong>Varf\u00f6r TrackiLive?<\/strong><br><strong>Tillverkad i Tyskland:<\/strong> Utvecklad och driftsatt i Tyskland \u2013 f\u00f6r h\u00f6gsta kvalitet och s\u00e4kert dataskydd.<\/p>\n\n\n\n<p><strong>L\u00e4tt att anv\u00e4nda:<\/strong>&nbsp;V\u00e5r app guidar dig genom installationsprocessen steg f\u00f6r steg.<\/p>\n\n\n\n<p><strong>L\u00e5ngvarig:<\/strong>&nbsp;Sp\u00e5ra dina tillh\u00f6righeter l\u00e4ngre utan att beh\u00f6va laddas.<\/p>\n\n\n\n<p><strong>Dina data \u00e4r s\u00e4kra:<\/strong>&nbsp;Alla servrar finns i Tyskland och omfattas av strikta dataskyddsregler.<\/p>\n<\/div>\n<\/div>\n\n\n\n<div style=\"height:calc( 0.25 * var(--wp--style--root--padding-right, var(--wp--custom--gap--horizontal)))\" aria-hidden=\"true\" class=\"wp-block-spacer\"><\/div>\n<\/div>\n\n\n\n<div class=\"wp-block-group alignfull has-global-padding is-content-justification-center is-layout-constrained wp-container-core-group-is-layout-df757ecc wp-block-group-is-layout-constrained\" style=\"margin-top:0;margin-bottom:0;padding-top:calc( 0.5 * var(--wp--style--root--padding-right, var(--wp--custom--gap--horizontal)));padding-right:var(--wp--style--root--padding-right, var(--wp--custom--gap--horizontal));padding-bottom:calc( 0.5 * var(--wp--style--root--padding-right, var(--wp--custom--gap--horizontal)));padding-left:var(--wp--style--root--padding-left, var(--wp--custom--gap--horizontal))\">\n<div style=\"height:calc( 0.25 * var(--wp--style--root--padding-right, var(--wp--custom--gap--horizontal)))\" aria-hidden=\"true\" class=\"wp-block-spacer\"><\/div>\n\n\n\n<div class=\"wp-block-columns alignwide are-vertically-aligned-top is-layout-flex wp-container-core-columns-is-layout-7fc3d43a wp-block-columns-is-layout-flex\">\n<div class=\"wp-block-column is-vertically-aligned-top is-layout-flow wp-block-column-is-layout-flow\">\n<figure class=\"wp-block-image size-full\"><img loading=\"lazy\" decoding=\"async\" width=\"607\" height=\"607\" src=\"https:\/\/www.falckab.se\/wp-content\/uploads\/2025\/11\/unsere-app-neu-1.webp\" alt=\"\" class=\"wp-image-588\" style=\"aspect-ratio:1;object-fit:cover\" srcset=\"https:\/\/www.falckab.se\/wp-content\/uploads\/2025\/11\/unsere-app-neu-1.webp 607w, https:\/\/www.falckab.se\/wp-content\/uploads\/2025\/11\/unsere-app-neu-1-300x300.webp 300w, https:\/\/www.falckab.se\/wp-content\/uploads\/2025\/11\/unsere-app-neu-1-150x150.webp 150w, https:\/\/www.falckab.se\/wp-content\/uploads\/2025\/11\/unsere-app-neu-1-12x12.webp 12w, https:\/\/www.falckab.se\/wp-content\/uploads\/2025\/11\/unsere-app-neu-1-600x600.webp 600w, https:\/\/www.falckab.se\/wp-content\/uploads\/2025\/11\/unsere-app-neu-1-100x100.webp 100w\" sizes=\"auto, (max-width: 607px) 100vw, 607px\" \/><\/figure>\n<\/div>\n\n\n\n<div class=\"wp-block-column is-vertically-aligned-top is-layout-flow wp-block-column-is-layout-flow\">\n<h2 class=\"wp-block-heading alignwide\">Alltid kontroll med Trackilive-appen<\/h2>\n\n\n\n<p>Med v\u00e5r app har du koll p\u00e5 allt. Till skillnad fr\u00e5n andra system p\u00e5 marknaden finns h\u00e4r ingen begr\u00e4nsning p\u00e5 hur m\u00e5nga enheter du kan ha i samma konto. Du kan ocks\u00e5 dela ut tillg\u00e5ng till andra direkt fr\u00e5n appen. <br>Den b\u00e4sta appen n\u00e4r du vill ha koll p\u00e5 allt &#8211; alltid!<br><br>Sp\u00e5ra dina enheter&nbsp;<strong>i realtid<\/strong>&nbsp;, se tidigare rutter och definiera anpassade omr\u00e5den som du vill \u00f6vervaka.&nbsp;<br><br><strong>Enkelt, intuitivt och p\u00e5litligt.<\/strong>&nbsp;<br>Ladda ner den nu och f\u00e5 ut det mesta av din Trackilive-tracker!<\/p>\n\n\n\n<div class=\"wp-block-buttons is-layout-flex wp-block-buttons-is-layout-flex\">\n<div class=\"wp-block-button\"><a class=\"wp-block-button__link wp-element-button\" href=\"https:\/\/www.falckab.se\/da\/lar-kanna-var-app\/\">L\u00e4s mer om v\u00e5r APP<\/a><\/div>\n<\/div>\n<\/div>\n<\/div>\n\n\n\n<div style=\"height:calc( 0.25 * var(--wp--style--root--padding-right, var(--wp--custom--gap--horizontal)))\" aria-hidden=\"true\" class=\"wp-block-spacer\"><\/div>\n<\/div>\n\n\n\n<div class=\"wp-block-group alignfull has-global-padding is-content-justification-center is-layout-constrained wp-container-core-group-is-layout-df757ecc wp-block-group-is-layout-constrained\" style=\"margin-top:0;margin-bottom:0;padding-top:calc( 0.5 * var(--wp--style--root--padding-right, var(--wp--custom--gap--horizontal)));padding-right:var(--wp--style--root--padding-right, var(--wp--custom--gap--horizontal));padding-bottom:calc( 0.5 * var(--wp--style--root--padding-right, var(--wp--custom--gap--horizontal)));padding-left:var(--wp--style--root--padding-left, var(--wp--custom--gap--horizontal))\">\n<div style=\"height:calc( 0.25 * var(--wp--style--root--padding-right, var(--wp--custom--gap--horizontal)))\" aria-hidden=\"true\" class=\"wp-block-spacer\"><\/div>\n\n\n\n<div class=\"wp-block-columns alignwide are-vertically-aligned-top is-layout-flex wp-container-core-columns-is-layout-7fc3d43a wp-block-columns-is-layout-flex\">\n<div class=\"wp-block-column is-vertically-aligned-top is-layout-flow wp-block-column-is-layout-flow\">\n<figure class=\"wp-block-image size-full\"><img loading=\"lazy\" decoding=\"async\" width=\"1080\" height=\"1080\" src=\"https:\/\/www.falckab.se\/wp-content\/uploads\/2025\/11\/Ticket_eroeffnen_GIF.gif\" alt=\"\" class=\"wp-image-590\" style=\"aspect-ratio:1;object-fit:cover\"\/><\/figure>\n<\/div>\n\n\n\n<div class=\"wp-block-column is-vertically-aligned-top is-layout-flow wp-block-column-is-layout-flow\">\n<h2 class=\"wp-block-heading alignwide\">V\u00e5rt support finns alltid h\u00e4r f\u00f6r dig.<\/h2>\n\n\n\n<p>Har du fr\u00e5gor om GPS-trackers eller annat? <br>I v\u00e5rt hj\u00e4lpcenter (FAQ) hittar du de flesta svaren. Dunkan ocks\u00e5 chatta med v\u00e5r AI support &#8221;Falcken&#8221; som kan svara p\u00e5 de mesta snabbt och enkelt.<br><br>Du  hittar m\u00e5nga instruktioner och tips som hj\u00e4lper dig med installation och anv\u00e4ndningen av din utrustning. <br><br>Beh\u00f6ver du fortfarande hj\u00e4lp. och inte hittar den? Inga problem! Skriv g\u00e4rna din fr\u00e5ga i v\u00e5rt fr\u00e5geformul\u00e4r, s\u00e5 \u00e5terkommer vi snarast m\u00f6jligt.<\/p>\n\n\n\n<div class=\"wp-block-buttons is-layout-flex wp-block-buttons-is-layout-flex\">\n<div class=\"wp-block-button\"><a class=\"wp-block-button__link wp-element-button\" href=\"https:\/\/www.falckab.se\/da\/falckab-hj%C3%A4lp-och-kunskapscenter-faq\/\">Hj\u00e4lp &amp; Support<\/a><\/div>\n<\/div>\n<\/div>\n<\/div>\n\n\n\n<div style=\"height:calc( 0.25 * var(--wp--style--root--padding-right, var(--wp--custom--gap--horizontal)))\" aria-hidden=\"true\" class=\"wp-block-spacer\"><\/div>\n<\/div>\n\n\n\n<div class=\"wp-block-group alignfull has-background-background-color has-background has-global-padding is-layout-constrained wp-block-group-is-layout-constrained\" id=\"kontakt\" style=\"margin-top:0;margin-bottom:0;padding-top:var(--wp--preset--spacing--60);padding-bottom:var(--wp--preset--spacing--60)\">\n<div class=\"wp-block-columns alignwide is-layout-flex wp-container-core-columns-is-layout-08c01c1c wp-block-columns-is-layout-flex\">\n<div class=\"wp-block-column is-layout-flow wp-block-column-is-layout-flow\" style=\"flex-basis:40%\">\n<h2 class=\"wp-block-heading has-large-font-size\">GPS-sp\u00e5rning <br>eller <br>film produktion <br>fr\u00e5n Falckab?<\/h2>\n\n\n\n<p style=\"margin-top:16px\">Kontakta oss om du fr\u00e5gor eller funderingar.<br>Vi \u00e5terkommer s\u00e5 fort vi kan.<\/p>\n<\/div>\n\n\n\n<div class=\"wp-block-column is-layout-flow wp-block-column-is-layout-flow\">\n<div class=\"wp-block-group has-tertiary-background-color has-background has-global-padding is-layout-constrained wp-container-core-group-is-layout-52009084 wp-block-group-is-layout-constrained\" style=\"border-radius:1.5rem;padding-top:var(--wp--preset--spacing--40);padding-right:var(--wp--preset--spacing--40);padding-bottom:var(--wp--preset--spacing--40);padding-left:var(--wp--preset--spacing--40)\"><\/div>\n<\/div>\n<\/div>\n<\/div>","protected":false},"excerpt":{"rendered":"<p>GPS-trackers eller Bluetooth-sp\u00e5rare Sluta leta &#8211; ha koll p\u00e5 dina grejor V\u00e5ra trackers och sp\u00e5rare erbjuder l\u00e5ng batteritid, exakt position och enkel anv\u00e4ndning. Fr\u00e5n id\u00e9 till f\u00e4rdigt resultat Film och foto produktion Vi filmar och producerar events, f\u00f6rel\u00e4sningar, konserter, fester, dokument\u00e4rer och mycket mer. Vad \u00e4r det som g\u00f6r att Falckab Tracking system sticker ut? [&hellip;]<\/p>\n","protected":false},"author":1,"featured_media":0,"parent":0,"menu_order":0,"comment_status":"closed","ping_status":"closed","template":"no-title","meta":{"footnotes":"[]"},"class_list":["post-48","page","type-page","status-publish","hentry"],"aioseo_notices":[],"_links":{"self":[{"href":"https:\/\/www.falckab.se\/da\/wp-json\/wp\/v2\/pages\/48","targetHints":{"allow":["GET"]}}],"collection":[{"href":"https:\/\/www.falckab.se\/da\/wp-json\/wp\/v2\/pages"}],"about":[{"href":"https:\/\/www.falckab.se\/da\/wp-json\/wp\/v2\/types\/page"}],"author":[{"embeddable":true,"href":"https:\/\/www.falckab.se\/da\/wp-json\/wp\/v2\/users\/1"}],"replies":[{"embeddable":true,"href":"https:\/\/www.falckab.se\/da\/wp-json\/wp\/v2\/comments?post=48"}],"version-history":[{"count":36,"href":"https:\/\/www.falckab.se\/da\/wp-json\/wp\/v2\/pages\/48\/revisions"}],"predecessor-version":[{"id":1008,"href":"https:\/\/www.falckab.se\/da\/wp-json\/wp\/v2\/pages\/48\/revisions\/1008"}],"wp:attachment":[{"href":"https:\/\/www.falckab.se\/da\/wp-json\/wp\/v2\/media?parent=48"}],"curies":[{"name":"wp","href":"https:\/\/api.w.org\/{rel}","templated":true}]}}