{"id":46,"date":"2025-11-10T09:24:25","date_gmt":"2025-11-10T09:24:25","guid":{"rendered":"https:\/\/www.falckab.se\/resurser\/"},"modified":"2025-11-30T18:16:13","modified_gmt":"2025-11-30T18:16:13","slug":"aktivera-guide","status":"publish","type":"page","link":"https:\/\/www.falckab.se\/da\/aktivera-guide\/","title":{"rendered":"Tracking utrustning &#8211; Inte allt kr\u00e5ngligt!"},"content":{"rendered":"<div class=\"wp-block-group alignfull has-global-padding is-content-justification-center is-layout-constrained wp-container-core-group-is-layout-df757ecc wp-block-group-is-layout-constrained\" style=\"margin-top:0;margin-bottom:0;padding-top:calc( 0.5 * var(--wp--style--root--padding-right, var(--wp--custom--gap--horizontal)));padding-right:var(--wp--style--root--padding-right, var(--wp--custom--gap--horizontal));padding-bottom:calc( 0.5 * var(--wp--style--root--padding-right, var(--wp--custom--gap--horizontal)));padding-left:var(--wp--style--root--padding-left, var(--wp--custom--gap--horizontal))\">\n<div style=\"height:calc( 0.25 * var(--wp--style--root--padding-right, var(--wp--custom--gap--horizontal)))\" aria-hidden=\"true\" class=\"wp-block-spacer\"><\/div>\n\n\n\n<div class=\"wp-block-columns alignwide is-layout-flex wp-container-core-columns-is-layout-28f84493 wp-block-columns-is-layout-flex\">\n<div class=\"wp-block-column is-vertically-aligned-center is-layout-flow wp-block-column-is-layout-flow\">\n<h1 class=\"wp-block-heading\" style=\"font-size:clamp(27.894px, 1.743rem + ((1vw - 3.2px) * 2.094), 48px);\">GPS-sp\u00e5rning,<br>precis som du <br>vill ha det!<\/h1>\n<\/div>\n\n\n\n<div class=\"wp-block-column is-vertically-aligned-center is-layout-flow wp-block-column-is-layout-flow\">\n<figure class=\"wp-block-image size-full\"><img loading=\"lazy\" decoding=\"async\" width=\"2494\" height=\"1971\" src=\"https:\/\/www.falckab.se\/wp-content\/uploads\/2025\/11\/Tracker-och-tjej-2.png\" alt=\"\" class=\"wp-image-566\" srcset=\"https:\/\/www.falckab.se\/wp-content\/uploads\/2025\/11\/Tracker-och-tjej-2.png 2494w, https:\/\/www.falckab.se\/wp-content\/uploads\/2025\/11\/Tracker-och-tjej-2-300x237.png 300w, https:\/\/www.falckab.se\/wp-content\/uploads\/2025\/11\/Tracker-och-tjej-2-1024x809.png 1024w, https:\/\/www.falckab.se\/wp-content\/uploads\/2025\/11\/Tracker-och-tjej-2-768x607.png 768w, https:\/\/www.falckab.se\/wp-content\/uploads\/2025\/11\/Tracker-och-tjej-2-1536x1214.png 1536w, https:\/\/www.falckab.se\/wp-content\/uploads\/2025\/11\/Tracker-och-tjej-2-2048x1619.png 2048w, https:\/\/www.falckab.se\/wp-content\/uploads\/2025\/11\/Tracker-och-tjej-2-15x12.png 15w, https:\/\/www.falckab.se\/wp-content\/uploads\/2025\/11\/Tracker-och-tjej-2-1320x1043.png 1320w, https:\/\/www.falckab.se\/wp-content\/uploads\/2025\/11\/Tracker-och-tjej-2-600x474.png 600w\" sizes=\"auto, (max-width: 2494px) 100vw, 2494px\" \/><\/figure>\n<\/div>\n<\/div>\n\n\n\n<div style=\"height:calc( 0.25 * var(--wp--style--root--padding-right, var(--wp--custom--gap--horizontal)))\" aria-hidden=\"true\" class=\"wp-block-spacer\"><\/div>\n<\/div>\n\n\n\n<div class=\"wp-block-group alignfull has-background-background-color has-background has-global-padding is-layout-constrained wp-container-core-group-is-layout-7276a2bb wp-block-group-is-layout-constrained\" id=\"resurser\" style=\"margin-top:0;margin-bottom:0;padding-top:var(--wp--preset--spacing--60);padding-right:var(--wp--preset--spacing--30);padding-bottom:var(--wp--preset--spacing--60);padding-left:var(--wp--preset--spacing--30)\">\n<div class=\"wp-block-columns alignwide is-layout-flex wp-container-core-columns-is-layout-a88a3fd8 wp-block-columns-is-layout-flex\">\n<div class=\"wp-block-column is-vertically-aligned-stretch is-layout-flow wp-block-column-is-layout-flow\">\n<div class=\"wp-block-group has-tertiary-background-color has-background has-global-padding is-layout-constrained wp-container-core-group-is-layout-80fb368b wp-block-group-is-layout-constrained\" style=\"border-radius:1.5rem;min-height:100%;padding-top:var(--wp--preset--spacing--30);padding-right:var(--wp--preset--spacing--30);padding-bottom:var(--wp--preset--spacing--30);padding-left:var(--wp--preset--spacing--30)\">\n<h3 class=\"wp-block-heading\" style=\"font-size:clamp(0.984rem, 0.984rem + ((1vw - 0.2rem) * 0.86), 1.5rem);line-height:1.5\"><strong>Falckab \u2013 Ett litet f\u00f6retag med h\u00f6g kunskap<\/strong><\/h3>\n\n\n\n<p class=\"has-small-font-size\" style=\"margin-top:8px\">V\u00e5r aff\u00e4rsid\u00e9 \u00e4r t\u00e4mligen enkel och ska erbjuda l\u00e4ttanv\u00e4nd utrustning f\u00f6r att sp\u00e5ra och positions best\u00e4mma allt fr\u00e5n bilar, b\u00e5tar, maskiner, cyklar, motorcyklar, personer, djur och mycket mer. M\u00e4nniskor och f\u00f6retag har m\u00e5nga prylar &#8230; tillg\u00e5ngar, som kan g\u00e5 f\u00f6rlorade, bli stulna eller borttappade.<br><br>Vi vill g\u00f6ra det enkelt att f\u00f6rst\u00e5 och kunna anv\u00e4nda denna typen av utrustning. N\u00e4r vi v\u00e4ljer leverant\u00f6rer och sortiment st\u00e4ller vi h\u00e5rda krav p\u00e5 att just detta.<br>Vi skapar ocks\u00e5 egna instruktioner s\u00e5 som vi vill de ska vara. M\u00e5nga varum\u00e4rken p\u00e5 marknaden g\u00f6r det v\u00e4ldigt komplicerat och beskriver s\u00e4llan alla funktioner.<br><em><strong>Vi \u00e4r din n\u00f6rd n\u00e4r s\u00e5 som du beh\u00f6ver den!<\/strong><\/em><\/p>\n<\/div>\n<\/div>\n\n\n\n<div class=\"wp-block-column is-vertically-aligned-stretch is-layout-flow wp-block-column-is-layout-flow\">\n<div class=\"wp-block-group has-tertiary-background-color has-background has-global-padding is-layout-constrained wp-container-core-group-is-layout-80fb368b wp-block-group-is-layout-constrained\" style=\"border-radius:1.5rem;min-height:100%;padding-top:var(--wp--preset--spacing--30);padding-right:var(--wp--preset--spacing--30);padding-bottom:var(--wp--preset--spacing--30);padding-left:var(--wp--preset--spacing--30)\">\n<h3 class=\"wp-block-heading\" style=\"font-size:clamp(0.984rem, 0.984rem + ((1vw - 0.2rem) * 0.86), 1.5rem);line-height:1.5\">v\u00e5r Kunskap och K\u00f6pguide hj\u00e4lper dig<\/h3>\n\n\n\n<p class=\"has-small-font-size\" style=\"margin-top:8px\">P\u00e5 v\u00e5ra sidor har vi <a href=\"https:\/\/www.falckab.se\/da\/lar-dig-mer-om-gps-tracking\/\" title=\"Tracking skolan \"><strong>Tracking skolan <\/strong><\/a>som ger dig \u00f6vergripande kunskap kring Tracking utrustning generellt. Du kan anv\u00e4nda v\u00e5r <a href=\"https:\/\/www.falckab.se\/da\/hjalp-support\/\" title=\"k\u00f6pguide\"><strong>k\u00f6pguide<\/strong><\/a> som ger dig v\u00e4gledning utifr\u00e5n vilket behov du har. I v\u00e5rt sortiment finns utrustning som \u00e4r anpassad f\u00f6r olika behov och som kan verka sv\u00e5rt att f\u00f6rst\u00e5 innan man kommit ig\u00e5ng.<\/p>\n\n\n\n<h5 class=\"wp-block-heading\"><strong>St\u00f6ld\u00e5tervinning p\u00e5 riktigt<\/strong><\/h5>\n\n\n\n<p>Vi \u00e4r stolta \u00f6ver att ha f\u00e5tt information flera g\u00e5nger att kunder flertalet g\u00e5nger lyckats sp\u00e5ra och \u00e5tervunnit stulen egendom. Vi \u00e4r s\u00e5 klart v\u00e4ldigt glada f\u00f6r det.<\/p>\n<\/div>\n<\/div>\n<\/div>\n<\/div>","protected":false},"excerpt":{"rendered":"<p>GPS-sp\u00e5rning,precis som du vill ha det! Falckab \u2013 Ett litet f\u00f6retag med h\u00f6g kunskap V\u00e5r aff\u00e4rsid\u00e9 \u00e4r t\u00e4mligen enkel och ska erbjuda l\u00e4ttanv\u00e4nd utrustning f\u00f6r att sp\u00e5ra och positions best\u00e4mma allt fr\u00e5n bilar, b\u00e5tar, maskiner, cyklar, motorcyklar, personer, djur och mycket mer. M\u00e4nniskor och f\u00f6retag har m\u00e5nga prylar &#8230; tillg\u00e5ngar, som kan g\u00e5 f\u00f6rlorade, bli [&hellip;]<\/p>\n","protected":false},"author":1,"featured_media":0,"parent":0,"menu_order":0,"comment_status":"closed","ping_status":"closed","template":"page-with-title","meta":{"footnotes":""},"class_list":["post-46","page","type-page","status-publish","hentry"],"aioseo_notices":[],"_links":{"self":[{"href":"https:\/\/www.falckab.se\/da\/wp-json\/wp\/v2\/pages\/46","targetHints":{"allow":["GET"]}}],"collection":[{"href":"https:\/\/www.falckab.se\/da\/wp-json\/wp\/v2\/pages"}],"about":[{"href":"https:\/\/www.falckab.se\/da\/wp-json\/wp\/v2\/types\/page"}],"author":[{"embeddable":true,"href":"https:\/\/www.falckab.se\/da\/wp-json\/wp\/v2\/users\/1"}],"replies":[{"embeddable":true,"href":"https:\/\/www.falckab.se\/da\/wp-json\/wp\/v2\/comments?post=46"}],"version-history":[{"count":8,"href":"https:\/\/www.falckab.se\/da\/wp-json\/wp\/v2\/pages\/46\/revisions"}],"predecessor-version":[{"id":910,"href":"https:\/\/www.falckab.se\/da\/wp-json\/wp\/v2\/pages\/46\/revisions\/910"}],"wp:attachment":[{"href":"https:\/\/www.falckab.se\/da\/wp-json\/wp\/v2\/media?parent=46"}],"curies":[{"name":"wp","href":"https:\/\/api.w.org\/{rel}","templated":true}]}}