{"id":45,"date":"2025-11-10T09:24:24","date_gmt":"2025-11-10T09:24:24","guid":{"rendered":"https:\/\/www.falckab.se\/faq\/"},"modified":"2025-12-26T09:11:25","modified_gmt":"2025-12-26T09:11:25","slug":"hjalp-support","status":"publish","type":"page","link":"https:\/\/www.falckab.se\/da\/hjalp-support\/","title":{"rendered":"K\u00f6pguide"},"content":{"rendered":"<h3 class=\"wp-block-heading alignwide has-text-align-center\"><strong>Vilken ska du v\u00e4lja?<\/strong><\/h3>\n\n\n\n<ul class=\"wp-block-list\">\n<li><strong>V\u00e4lj EverFind<\/strong>&nbsp;om du vill ha en &#8221;s\u00e4tt-och-gl\u00f6m&#8221;-l\u00f6sning f\u00f6r n\u00e5got du inte vill oroa dig f\u00f6r p\u00e5 flera \u00e5r, som t.ex. en cykel, en maskin eller ett sl\u00e4p.<br>L\u00e4s mer om hur EverFind utan m\u00e5nadskostnad fungerar &#8211; <a href=\"https:\/\/www.falckab.se\/da\/prenumerationsinformation\/\" title=\"Tryck h\u00e4r ---&gt;\">Tryck h\u00e4r &#8212;&gt;<\/a><\/li>\n<\/ul>\n\n\n\n<ul class=\"wp-block-list\">\n<li><strong>V\u00e4lj TL-60<\/strong>&nbsp;om du vill ha en bra, l\u00e5ngvarig GPS-tracker f\u00f6r t.ex. ett husdjur eller fordon, d\u00e4r du kan tolerera att ladda\/byta batteri mer s\u00e4llan \u00e4n en standardtracker, men vill ha mer t\u00e4ta uppdateringar.&nbsp;<\/li>\n<\/ul>\n\n\n\n<figure class=\"wp-block-table alignwide is-style-regular\"><table class=\"has-fixed-layout\"><tbody><tr><td><\/td><td class=\"has-text-align-center\" data-align=\"center\"><img loading=\"lazy\" decoding=\"async\" width=\"100\" height=\"87\" class=\"wp-image-579\" style=\"width: 100px;\" src=\"https:\/\/www.falckab.se\/wp-content\/uploads\/2025\/11\/TL-60-1.jpg\" alt=\"\" srcset=\"https:\/\/www.falckab.se\/wp-content\/uploads\/2025\/11\/TL-60-1.jpg 2352w, https:\/\/www.falckab.se\/wp-content\/uploads\/2025\/11\/TL-60-1-300x261.jpg 300w, https:\/\/www.falckab.se\/wp-content\/uploads\/2025\/11\/TL-60-1-1024x889.jpg 1024w, https:\/\/www.falckab.se\/wp-content\/uploads\/2025\/11\/TL-60-1-768x667.jpg 768w, https:\/\/www.falckab.se\/wp-content\/uploads\/2025\/11\/TL-60-1-1536x1334.jpg 1536w, https:\/\/www.falckab.se\/wp-content\/uploads\/2025\/11\/TL-60-1-2048x1779.jpg 2048w, https:\/\/www.falckab.se\/wp-content\/uploads\/2025\/11\/TL-60-1-14x12.jpg 14w, https:\/\/www.falckab.se\/wp-content\/uploads\/2025\/11\/TL-60-1-1320x1147.jpg 1320w, https:\/\/www.falckab.se\/wp-content\/uploads\/2025\/11\/TL-60-1-600x521.jpg 600w\" sizes=\"auto, (max-width: 100px) 100vw, 100px\" \/><br><strong>Falckab <\/strong><br><strong>Trackilive <\/strong><br><strong>Everfind<\/strong><\/td><td class=\"has-text-align-center\" data-align=\"center\"><img loading=\"lazy\" decoding=\"async\" width=\"100\" height=\"87\" class=\"wp-image-579\" style=\"width: 100px;\" src=\"https:\/\/www.falckab.se\/wp-content\/uploads\/2025\/11\/TL-60-1.jpg\" alt=\"\" srcset=\"https:\/\/www.falckab.se\/wp-content\/uploads\/2025\/11\/TL-60-1.jpg 2352w, https:\/\/www.falckab.se\/wp-content\/uploads\/2025\/11\/TL-60-1-300x261.jpg 300w, https:\/\/www.falckab.se\/wp-content\/uploads\/2025\/11\/TL-60-1-1024x889.jpg 1024w, https:\/\/www.falckab.se\/wp-content\/uploads\/2025\/11\/TL-60-1-768x667.jpg 768w, https:\/\/www.falckab.se\/wp-content\/uploads\/2025\/11\/TL-60-1-1536x1334.jpg 1536w, https:\/\/www.falckab.se\/wp-content\/uploads\/2025\/11\/TL-60-1-2048x1779.jpg 2048w, https:\/\/www.falckab.se\/wp-content\/uploads\/2025\/11\/TL-60-1-14x12.jpg 14w, https:\/\/www.falckab.se\/wp-content\/uploads\/2025\/11\/TL-60-1-1320x1147.jpg 1320w, https:\/\/www.falckab.se\/wp-content\/uploads\/2025\/11\/TL-60-1-600x521.jpg 600w\" sizes=\"auto, (max-width: 100px) 100vw, 100px\" \/><br><strong>Falckab <\/strong><br><strong>Trackilive <\/strong><br><strong>TL-60<\/strong><\/td><\/tr><tr><td><strong>K\u00f6p direkt<\/strong> &#8211; Tryck p\u00e5 l\u00e4nken!<\/td><td class=\"has-text-align-center\" data-align=\"center\"><strong><a href=\"https:\/\/www.falckab.se\/da\/produkt-2\/falckab-trackilive-everfind-4g-gps-gsm-tracker\/\" title=\"Till shopen\">Till shopen<\/a><\/strong><\/td><td class=\"has-text-align-center\" data-align=\"center\"><strong><a href=\"https:\/\/www.falckab.se\/da\/produkt-2\/falckab-trackilive-tl-60\/\" title=\"Till shopen\">Till shopen<\/a><\/strong><\/td><\/tr><tr><td><strong>Batteri:<\/strong>\u00a0Upp till 6 \u00e5r (enormt l\u00e5ng batteritid) Ej laddbart batteri. <a href=\"https:\/\/www.falckab.se\/da\/byta-batteri\/\" title=\"Batteribyte? Tryck h\u00e4r!\">Batteribyte? Tryck h\u00e4r!<\/a><\/td><td class=\"has-text-align-center\" data-align=\"center\"><img loading=\"lazy\" decoding=\"async\" width=\"35\" height=\"34\" class=\"wp-image-942\" style=\"width: 35px;\" src=\"https:\/\/www.falckab.se\/wp-content\/uploads\/2025\/12\/Skarmavbild-2025-12-08-kl.-22.57.40.png\" alt=\"\" srcset=\"https:\/\/www.falckab.se\/wp-content\/uploads\/2025\/12\/Skarmavbild-2025-12-08-kl.-22.57.40.png 1160w, https:\/\/www.falckab.se\/wp-content\/uploads\/2025\/12\/Skarmavbild-2025-12-08-kl.-22.57.40-300x300.png 300w, https:\/\/www.falckab.se\/wp-content\/uploads\/2025\/12\/Skarmavbild-2025-12-08-kl.-22.57.40-1024x1008.png 1024w, https:\/\/www.falckab.se\/wp-content\/uploads\/2025\/12\/Skarmavbild-2025-12-08-kl.-22.57.40-150x150.png 150w, https:\/\/www.falckab.se\/wp-content\/uploads\/2025\/12\/Skarmavbild-2025-12-08-kl.-22.57.40-768x756.png 768w, https:\/\/www.falckab.se\/wp-content\/uploads\/2025\/12\/Skarmavbild-2025-12-08-kl.-22.57.40-12x12.png 12w, https:\/\/www.falckab.se\/wp-content\/uploads\/2025\/12\/Skarmavbild-2025-12-08-kl.-22.57.40-600x591.png 600w, https:\/\/www.falckab.se\/wp-content\/uploads\/2025\/12\/Skarmavbild-2025-12-08-kl.-22.57.40-100x100.png 100w\" sizes=\"auto, (max-width: 35px) 100vw, 35px\" \/><\/td><td class=\"has-text-align-center\" data-align=\"center\"><img loading=\"lazy\" decoding=\"async\" width=\"35\" height=\"34\" class=\"wp-image-943\" style=\"width: 35px;\" src=\"https:\/\/www.falckab.se\/wp-content\/uploads\/2025\/12\/Skarmavbild-2025-12-08-kl.-22.57.56.png\" alt=\"\" srcset=\"https:\/\/www.falckab.se\/wp-content\/uploads\/2025\/12\/Skarmavbild-2025-12-08-kl.-22.57.56.png 1160w, https:\/\/www.falckab.se\/wp-content\/uploads\/2025\/12\/Skarmavbild-2025-12-08-kl.-22.57.56-300x300.png 300w, https:\/\/www.falckab.se\/wp-content\/uploads\/2025\/12\/Skarmavbild-2025-12-08-kl.-22.57.56-1024x1008.png 1024w, https:\/\/www.falckab.se\/wp-content\/uploads\/2025\/12\/Skarmavbild-2025-12-08-kl.-22.57.56-150x150.png 150w, https:\/\/www.falckab.se\/wp-content\/uploads\/2025\/12\/Skarmavbild-2025-12-08-kl.-22.57.56-768x756.png 768w, https:\/\/www.falckab.se\/wp-content\/uploads\/2025\/12\/Skarmavbild-2025-12-08-kl.-22.57.56-12x12.png 12w, https:\/\/www.falckab.se\/wp-content\/uploads\/2025\/12\/Skarmavbild-2025-12-08-kl.-22.57.56-600x591.png 600w, https:\/\/www.falckab.se\/wp-content\/uploads\/2025\/12\/Skarmavbild-2025-12-08-kl.-22.57.56-100x100.png 100w\" sizes=\"auto, (max-width: 35px) 100vw, 35px\" \/><\/td><\/tr><tr><td><strong>Batteri:<\/strong>&nbsp;Upp till 1 \u00e5r. Laddbart batteri.<\/td><td class=\"has-text-align-center\" data-align=\"center\"><img loading=\"lazy\" decoding=\"async\" width=\"35\" height=\"34\" class=\"wp-image-943\" style=\"width: 35px;\" src=\"https:\/\/www.falckab.se\/wp-content\/uploads\/2025\/12\/Skarmavbild-2025-12-08-kl.-22.57.56.png\" alt=\"\" srcset=\"https:\/\/www.falckab.se\/wp-content\/uploads\/2025\/12\/Skarmavbild-2025-12-08-kl.-22.57.56.png 1160w, https:\/\/www.falckab.se\/wp-content\/uploads\/2025\/12\/Skarmavbild-2025-12-08-kl.-22.57.56-300x300.png 300w, https:\/\/www.falckab.se\/wp-content\/uploads\/2025\/12\/Skarmavbild-2025-12-08-kl.-22.57.56-1024x1008.png 1024w, https:\/\/www.falckab.se\/wp-content\/uploads\/2025\/12\/Skarmavbild-2025-12-08-kl.-22.57.56-150x150.png 150w, https:\/\/www.falckab.se\/wp-content\/uploads\/2025\/12\/Skarmavbild-2025-12-08-kl.-22.57.56-768x756.png 768w, https:\/\/www.falckab.se\/wp-content\/uploads\/2025\/12\/Skarmavbild-2025-12-08-kl.-22.57.56-12x12.png 12w, https:\/\/www.falckab.se\/wp-content\/uploads\/2025\/12\/Skarmavbild-2025-12-08-kl.-22.57.56-600x591.png 600w, https:\/\/www.falckab.se\/wp-content\/uploads\/2025\/12\/Skarmavbild-2025-12-08-kl.-22.57.56-100x100.png 100w\" sizes=\"auto, (max-width: 35px) 100vw, 35px\" \/><\/td><td class=\"has-text-align-center\" data-align=\"center\"><img loading=\"lazy\" decoding=\"async\" width=\"35\" height=\"34\" class=\"wp-image-942\" style=\"width: 35px;\" src=\"https:\/\/www.falckab.se\/wp-content\/uploads\/2025\/12\/Skarmavbild-2025-12-08-kl.-22.57.40.png\" alt=\"\" srcset=\"https:\/\/www.falckab.se\/wp-content\/uploads\/2025\/12\/Skarmavbild-2025-12-08-kl.-22.57.40.png 1160w, https:\/\/www.falckab.se\/wp-content\/uploads\/2025\/12\/Skarmavbild-2025-12-08-kl.-22.57.40-300x300.png 300w, https:\/\/www.falckab.se\/wp-content\/uploads\/2025\/12\/Skarmavbild-2025-12-08-kl.-22.57.40-1024x1008.png 1024w, https:\/\/www.falckab.se\/wp-content\/uploads\/2025\/12\/Skarmavbild-2025-12-08-kl.-22.57.40-150x150.png 150w, https:\/\/www.falckab.se\/wp-content\/uploads\/2025\/12\/Skarmavbild-2025-12-08-kl.-22.57.40-768x756.png 768w, https:\/\/www.falckab.se\/wp-content\/uploads\/2025\/12\/Skarmavbild-2025-12-08-kl.-22.57.40-12x12.png 12w, https:\/\/www.falckab.se\/wp-content\/uploads\/2025\/12\/Skarmavbild-2025-12-08-kl.-22.57.40-600x591.png 600w, https:\/\/www.falckab.se\/wp-content\/uploads\/2025\/12\/Skarmavbild-2025-12-08-kl.-22.57.40-100x100.png 100w\" sizes=\"auto, (max-width: 35px) 100vw, 35px\" \/><\/td><\/tr><tr><td><strong>Abonnemang:<\/strong>&nbsp;S\u00e4ljs &#8221;utan abonnemang&#8221; (ing\u00e5r i priset) Inga l\u00f6pande kostnader.<\/td><td class=\"has-text-align-center\" data-align=\"center\"><img loading=\"lazy\" decoding=\"async\" width=\"35\" height=\"34\" class=\"wp-image-942\" style=\"width: 35px;\" src=\"https:\/\/www.falckab.se\/wp-content\/uploads\/2025\/12\/Skarmavbild-2025-12-08-kl.-22.57.40.png\" alt=\"\" srcset=\"https:\/\/www.falckab.se\/wp-content\/uploads\/2025\/12\/Skarmavbild-2025-12-08-kl.-22.57.40.png 1160w, https:\/\/www.falckab.se\/wp-content\/uploads\/2025\/12\/Skarmavbild-2025-12-08-kl.-22.57.40-300x300.png 300w, https:\/\/www.falckab.se\/wp-content\/uploads\/2025\/12\/Skarmavbild-2025-12-08-kl.-22.57.40-1024x1008.png 1024w, https:\/\/www.falckab.se\/wp-content\/uploads\/2025\/12\/Skarmavbild-2025-12-08-kl.-22.57.40-150x150.png 150w, https:\/\/www.falckab.se\/wp-content\/uploads\/2025\/12\/Skarmavbild-2025-12-08-kl.-22.57.40-768x756.png 768w, https:\/\/www.falckab.se\/wp-content\/uploads\/2025\/12\/Skarmavbild-2025-12-08-kl.-22.57.40-12x12.png 12w, https:\/\/www.falckab.se\/wp-content\/uploads\/2025\/12\/Skarmavbild-2025-12-08-kl.-22.57.40-600x591.png 600w, https:\/\/www.falckab.se\/wp-content\/uploads\/2025\/12\/Skarmavbild-2025-12-08-kl.-22.57.40-100x100.png 100w\" sizes=\"auto, (max-width: 35px) 100vw, 35px\" \/><\/td><td class=\"has-text-align-center\" data-align=\"center\"><img loading=\"lazy\" decoding=\"async\" width=\"35\" height=\"34\" class=\"wp-image-943\" style=\"width: 35px;\" src=\"https:\/\/www.falckab.se\/wp-content\/uploads\/2025\/12\/Skarmavbild-2025-12-08-kl.-22.57.56.png\" alt=\"\" srcset=\"https:\/\/www.falckab.se\/wp-content\/uploads\/2025\/12\/Skarmavbild-2025-12-08-kl.-22.57.56.png 1160w, https:\/\/www.falckab.se\/wp-content\/uploads\/2025\/12\/Skarmavbild-2025-12-08-kl.-22.57.56-300x300.png 300w, https:\/\/www.falckab.se\/wp-content\/uploads\/2025\/12\/Skarmavbild-2025-12-08-kl.-22.57.56-1024x1008.png 1024w, https:\/\/www.falckab.se\/wp-content\/uploads\/2025\/12\/Skarmavbild-2025-12-08-kl.-22.57.56-150x150.png 150w, https:\/\/www.falckab.se\/wp-content\/uploads\/2025\/12\/Skarmavbild-2025-12-08-kl.-22.57.56-768x756.png 768w, https:\/\/www.falckab.se\/wp-content\/uploads\/2025\/12\/Skarmavbild-2025-12-08-kl.-22.57.56-12x12.png 12w, https:\/\/www.falckab.se\/wp-content\/uploads\/2025\/12\/Skarmavbild-2025-12-08-kl.-22.57.56-600x591.png 600w, https:\/\/www.falckab.se\/wp-content\/uploads\/2025\/12\/Skarmavbild-2025-12-08-kl.-22.57.56-100x100.png 100w\" sizes=\"auto, (max-width: 35px) 100vw, 35px\" \/><\/td><\/tr><tr><td><strong>Abonnemang:<\/strong>&nbsp;Kr\u00e4ver ett separat abonnemang f\u00f6r att fungera \u00f6ver mobiln\u00e4tet.<\/td><td class=\"has-text-align-center\" data-align=\"center\"><img loading=\"lazy\" decoding=\"async\" width=\"35\" height=\"34\" class=\"wp-image-943\" style=\"width: 35px;\" src=\"https:\/\/www.falckab.se\/wp-content\/uploads\/2025\/12\/Skarmavbild-2025-12-08-kl.-22.57.56.png\" alt=\"\" srcset=\"https:\/\/www.falckab.se\/wp-content\/uploads\/2025\/12\/Skarmavbild-2025-12-08-kl.-22.57.56.png 1160w, https:\/\/www.falckab.se\/wp-content\/uploads\/2025\/12\/Skarmavbild-2025-12-08-kl.-22.57.56-300x300.png 300w, https:\/\/www.falckab.se\/wp-content\/uploads\/2025\/12\/Skarmavbild-2025-12-08-kl.-22.57.56-1024x1008.png 1024w, https:\/\/www.falckab.se\/wp-content\/uploads\/2025\/12\/Skarmavbild-2025-12-08-kl.-22.57.56-150x150.png 150w, https:\/\/www.falckab.se\/wp-content\/uploads\/2025\/12\/Skarmavbild-2025-12-08-kl.-22.57.56-768x756.png 768w, https:\/\/www.falckab.se\/wp-content\/uploads\/2025\/12\/Skarmavbild-2025-12-08-kl.-22.57.56-12x12.png 12w, https:\/\/www.falckab.se\/wp-content\/uploads\/2025\/12\/Skarmavbild-2025-12-08-kl.-22.57.56-600x591.png 600w, https:\/\/www.falckab.se\/wp-content\/uploads\/2025\/12\/Skarmavbild-2025-12-08-kl.-22.57.56-100x100.png 100w\" sizes=\"auto, (max-width: 35px) 100vw, 35px\" \/><\/td><td class=\"has-text-align-center\" data-align=\"center\"><img loading=\"lazy\" decoding=\"async\" width=\"35\" height=\"34\" class=\"wp-image-942\" style=\"width: 35px;\" src=\"https:\/\/www.falckab.se\/wp-content\/uploads\/2025\/12\/Skarmavbild-2025-12-08-kl.-22.57.40.png\" alt=\"\" srcset=\"https:\/\/www.falckab.se\/wp-content\/uploads\/2025\/12\/Skarmavbild-2025-12-08-kl.-22.57.40.png 1160w, https:\/\/www.falckab.se\/wp-content\/uploads\/2025\/12\/Skarmavbild-2025-12-08-kl.-22.57.40-300x300.png 300w, https:\/\/www.falckab.se\/wp-content\/uploads\/2025\/12\/Skarmavbild-2025-12-08-kl.-22.57.40-1024x1008.png 1024w, https:\/\/www.falckab.se\/wp-content\/uploads\/2025\/12\/Skarmavbild-2025-12-08-kl.-22.57.40-150x150.png 150w, https:\/\/www.falckab.se\/wp-content\/uploads\/2025\/12\/Skarmavbild-2025-12-08-kl.-22.57.40-768x756.png 768w, https:\/\/www.falckab.se\/wp-content\/uploads\/2025\/12\/Skarmavbild-2025-12-08-kl.-22.57.40-12x12.png 12w, https:\/\/www.falckab.se\/wp-content\/uploads\/2025\/12\/Skarmavbild-2025-12-08-kl.-22.57.40-600x591.png 600w, https:\/\/www.falckab.se\/wp-content\/uploads\/2025\/12\/Skarmavbild-2025-12-08-kl.-22.57.40-100x100.png 100w\" sizes=\"auto, (max-width: 35px) 100vw, 35px\" \/><\/td><\/tr><tr><td><strong>Traditionell GPS-sp\u00e5rning,<\/strong> bra batteritid f\u00f6r daglig eller frekvent anv\u00e4ndning.&nbsp;<\/td><td class=\"has-text-align-center\" data-align=\"center\"><img loading=\"lazy\" decoding=\"async\" width=\"35\" height=\"34\" class=\"wp-image-943\" style=\"width: 35px;\" src=\"https:\/\/www.falckab.se\/wp-content\/uploads\/2025\/12\/Skarmavbild-2025-12-08-kl.-22.57.56.png\" alt=\"\" srcset=\"https:\/\/www.falckab.se\/wp-content\/uploads\/2025\/12\/Skarmavbild-2025-12-08-kl.-22.57.56.png 1160w, https:\/\/www.falckab.se\/wp-content\/uploads\/2025\/12\/Skarmavbild-2025-12-08-kl.-22.57.56-300x300.png 300w, https:\/\/www.falckab.se\/wp-content\/uploads\/2025\/12\/Skarmavbild-2025-12-08-kl.-22.57.56-1024x1008.png 1024w, https:\/\/www.falckab.se\/wp-content\/uploads\/2025\/12\/Skarmavbild-2025-12-08-kl.-22.57.56-150x150.png 150w, https:\/\/www.falckab.se\/wp-content\/uploads\/2025\/12\/Skarmavbild-2025-12-08-kl.-22.57.56-768x756.png 768w, https:\/\/www.falckab.se\/wp-content\/uploads\/2025\/12\/Skarmavbild-2025-12-08-kl.-22.57.56-12x12.png 12w, https:\/\/www.falckab.se\/wp-content\/uploads\/2025\/12\/Skarmavbild-2025-12-08-kl.-22.57.56-600x591.png 600w, https:\/\/www.falckab.se\/wp-content\/uploads\/2025\/12\/Skarmavbild-2025-12-08-kl.-22.57.56-100x100.png 100w\" sizes=\"auto, (max-width: 35px) 100vw, 35px\" \/><\/td><td class=\"has-text-align-center\" data-align=\"center\"><img loading=\"lazy\" decoding=\"async\" width=\"35\" height=\"34\" class=\"wp-image-942\" style=\"width: 35px;\" src=\"https:\/\/www.falckab.se\/wp-content\/uploads\/2025\/12\/Skarmavbild-2025-12-08-kl.-22.57.40.png\" alt=\"\" srcset=\"https:\/\/www.falckab.se\/wp-content\/uploads\/2025\/12\/Skarmavbild-2025-12-08-kl.-22.57.40.png 1160w, https:\/\/www.falckab.se\/wp-content\/uploads\/2025\/12\/Skarmavbild-2025-12-08-kl.-22.57.40-300x300.png 300w, https:\/\/www.falckab.se\/wp-content\/uploads\/2025\/12\/Skarmavbild-2025-12-08-kl.-22.57.40-1024x1008.png 1024w, https:\/\/www.falckab.se\/wp-content\/uploads\/2025\/12\/Skarmavbild-2025-12-08-kl.-22.57.40-150x150.png 150w, https:\/\/www.falckab.se\/wp-content\/uploads\/2025\/12\/Skarmavbild-2025-12-08-kl.-22.57.40-768x756.png 768w, https:\/\/www.falckab.se\/wp-content\/uploads\/2025\/12\/Skarmavbild-2025-12-08-kl.-22.57.40-12x12.png 12w, https:\/\/www.falckab.se\/wp-content\/uploads\/2025\/12\/Skarmavbild-2025-12-08-kl.-22.57.40-600x591.png 600w, https:\/\/www.falckab.se\/wp-content\/uploads\/2025\/12\/Skarmavbild-2025-12-08-kl.-22.57.40-100x100.png 100w\" sizes=\"auto, (max-width: 35px) 100vw, 35px\" \/><\/td><\/tr><tr><td><strong>L\u00e5ngvarig sp\u00e5rning<\/strong>, l\u00e5gt underh\u00e5ll, passar f\u00f6r objekt som inte beh\u00f6ver sp\u00e5ras i realtid konstant.&nbsp;<\/td><td class=\"has-text-align-center\" data-align=\"center\"><img loading=\"lazy\" decoding=\"async\" width=\"35\" height=\"34\" class=\"wp-image-942\" style=\"width: 35px;\" src=\"https:\/\/www.falckab.se\/wp-content\/uploads\/2025\/12\/Skarmavbild-2025-12-08-kl.-22.57.40.png\" alt=\"\" srcset=\"https:\/\/www.falckab.se\/wp-content\/uploads\/2025\/12\/Skarmavbild-2025-12-08-kl.-22.57.40.png 1160w, https:\/\/www.falckab.se\/wp-content\/uploads\/2025\/12\/Skarmavbild-2025-12-08-kl.-22.57.40-300x300.png 300w, https:\/\/www.falckab.se\/wp-content\/uploads\/2025\/12\/Skarmavbild-2025-12-08-kl.-22.57.40-1024x1008.png 1024w, https:\/\/www.falckab.se\/wp-content\/uploads\/2025\/12\/Skarmavbild-2025-12-08-kl.-22.57.40-150x150.png 150w, https:\/\/www.falckab.se\/wp-content\/uploads\/2025\/12\/Skarmavbild-2025-12-08-kl.-22.57.40-768x756.png 768w, https:\/\/www.falckab.se\/wp-content\/uploads\/2025\/12\/Skarmavbild-2025-12-08-kl.-22.57.40-12x12.png 12w, https:\/\/www.falckab.se\/wp-content\/uploads\/2025\/12\/Skarmavbild-2025-12-08-kl.-22.57.40-600x591.png 600w, https:\/\/www.falckab.se\/wp-content\/uploads\/2025\/12\/Skarmavbild-2025-12-08-kl.-22.57.40-100x100.png 100w\" sizes=\"auto, (max-width: 35px) 100vw, 35px\" \/><\/td><td class=\"has-text-align-center\" data-align=\"center\"><img loading=\"lazy\" decoding=\"async\" width=\"35\" height=\"34\" class=\"wp-image-943\" style=\"width: 35px;\" src=\"https:\/\/www.falckab.se\/wp-content\/uploads\/2025\/12\/Skarmavbild-2025-12-08-kl.-22.57.56.png\" alt=\"\" srcset=\"https:\/\/www.falckab.se\/wp-content\/uploads\/2025\/12\/Skarmavbild-2025-12-08-kl.-22.57.56.png 1160w, https:\/\/www.falckab.se\/wp-content\/uploads\/2025\/12\/Skarmavbild-2025-12-08-kl.-22.57.56-300x300.png 300w, https:\/\/www.falckab.se\/wp-content\/uploads\/2025\/12\/Skarmavbild-2025-12-08-kl.-22.57.56-1024x1008.png 1024w, https:\/\/www.falckab.se\/wp-content\/uploads\/2025\/12\/Skarmavbild-2025-12-08-kl.-22.57.56-150x150.png 150w, https:\/\/www.falckab.se\/wp-content\/uploads\/2025\/12\/Skarmavbild-2025-12-08-kl.-22.57.56-768x756.png 768w, https:\/\/www.falckab.se\/wp-content\/uploads\/2025\/12\/Skarmavbild-2025-12-08-kl.-22.57.56-12x12.png 12w, https:\/\/www.falckab.se\/wp-content\/uploads\/2025\/12\/Skarmavbild-2025-12-08-kl.-22.57.56-600x591.png 600w, https:\/\/www.falckab.se\/wp-content\/uploads\/2025\/12\/Skarmavbild-2025-12-08-kl.-22.57.56-100x100.png 100w\" sizes=\"auto, (max-width: 35px) 100vw, 35px\" \/><\/td><\/tr><tr><td>Anv\u00e4nder LTE-M (l\u00e5ngsam data) f\u00f6r extremt l\u00e5g energif\u00f6rbrukning.<\/td><td class=\"has-text-align-center\" data-align=\"center\"><img loading=\"lazy\" decoding=\"async\" width=\"35\" height=\"34\" class=\"wp-image-942\" style=\"width: 35px;\" src=\"https:\/\/www.falckab.se\/wp-content\/uploads\/2025\/12\/Skarmavbild-2025-12-08-kl.-22.57.40.png\" alt=\"\" srcset=\"https:\/\/www.falckab.se\/wp-content\/uploads\/2025\/12\/Skarmavbild-2025-12-08-kl.-22.57.40.png 1160w, https:\/\/www.falckab.se\/wp-content\/uploads\/2025\/12\/Skarmavbild-2025-12-08-kl.-22.57.40-300x300.png 300w, https:\/\/www.falckab.se\/wp-content\/uploads\/2025\/12\/Skarmavbild-2025-12-08-kl.-22.57.40-1024x1008.png 1024w, https:\/\/www.falckab.se\/wp-content\/uploads\/2025\/12\/Skarmavbild-2025-12-08-kl.-22.57.40-150x150.png 150w, https:\/\/www.falckab.se\/wp-content\/uploads\/2025\/12\/Skarmavbild-2025-12-08-kl.-22.57.40-768x756.png 768w, https:\/\/www.falckab.se\/wp-content\/uploads\/2025\/12\/Skarmavbild-2025-12-08-kl.-22.57.40-12x12.png 12w, https:\/\/www.falckab.se\/wp-content\/uploads\/2025\/12\/Skarmavbild-2025-12-08-kl.-22.57.40-600x591.png 600w, https:\/\/www.falckab.se\/wp-content\/uploads\/2025\/12\/Skarmavbild-2025-12-08-kl.-22.57.40-100x100.png 100w\" sizes=\"auto, (max-width: 35px) 100vw, 35px\" \/><\/td><td class=\"has-text-align-center\" data-align=\"center\"><img loading=\"lazy\" decoding=\"async\" width=\"35\" height=\"34\" class=\"wp-image-942\" style=\"width: 35px;\" src=\"https:\/\/www.falckab.se\/wp-content\/uploads\/2025\/12\/Skarmavbild-2025-12-08-kl.-22.57.40.png\" alt=\"\" srcset=\"https:\/\/www.falckab.se\/wp-content\/uploads\/2025\/12\/Skarmavbild-2025-12-08-kl.-22.57.40.png 1160w, https:\/\/www.falckab.se\/wp-content\/uploads\/2025\/12\/Skarmavbild-2025-12-08-kl.-22.57.40-300x300.png 300w, https:\/\/www.falckab.se\/wp-content\/uploads\/2025\/12\/Skarmavbild-2025-12-08-kl.-22.57.40-1024x1008.png 1024w, https:\/\/www.falckab.se\/wp-content\/uploads\/2025\/12\/Skarmavbild-2025-12-08-kl.-22.57.40-150x150.png 150w, https:\/\/www.falckab.se\/wp-content\/uploads\/2025\/12\/Skarmavbild-2025-12-08-kl.-22.57.40-768x756.png 768w, https:\/\/www.falckab.se\/wp-content\/uploads\/2025\/12\/Skarmavbild-2025-12-08-kl.-22.57.40-12x12.png 12w, https:\/\/www.falckab.se\/wp-content\/uploads\/2025\/12\/Skarmavbild-2025-12-08-kl.-22.57.40-600x591.png 600w, https:\/\/www.falckab.se\/wp-content\/uploads\/2025\/12\/Skarmavbild-2025-12-08-kl.-22.57.40-100x100.png 100w\" sizes=\"auto, (max-width: 35px) 100vw, 35px\" \/><\/td><\/tr><tr><td><strong>IP68-certifierad<\/strong>&nbsp;(mycket t\u00e5lig mot vatten och damm).<\/td><td class=\"has-text-align-center\" data-align=\"center\"><img loading=\"lazy\" decoding=\"async\" width=\"35\" height=\"34\" class=\"wp-image-942\" style=\"width: 35px;\" src=\"https:\/\/www.falckab.se\/wp-content\/uploads\/2025\/12\/Skarmavbild-2025-12-08-kl.-22.57.40.png\" alt=\"\" srcset=\"https:\/\/www.falckab.se\/wp-content\/uploads\/2025\/12\/Skarmavbild-2025-12-08-kl.-22.57.40.png 1160w, https:\/\/www.falckab.se\/wp-content\/uploads\/2025\/12\/Skarmavbild-2025-12-08-kl.-22.57.40-300x300.png 300w, https:\/\/www.falckab.se\/wp-content\/uploads\/2025\/12\/Skarmavbild-2025-12-08-kl.-22.57.40-1024x1008.png 1024w, https:\/\/www.falckab.se\/wp-content\/uploads\/2025\/12\/Skarmavbild-2025-12-08-kl.-22.57.40-150x150.png 150w, https:\/\/www.falckab.se\/wp-content\/uploads\/2025\/12\/Skarmavbild-2025-12-08-kl.-22.57.40-768x756.png 768w, https:\/\/www.falckab.se\/wp-content\/uploads\/2025\/12\/Skarmavbild-2025-12-08-kl.-22.57.40-12x12.png 12w, https:\/\/www.falckab.se\/wp-content\/uploads\/2025\/12\/Skarmavbild-2025-12-08-kl.-22.57.40-600x591.png 600w, https:\/\/www.falckab.se\/wp-content\/uploads\/2025\/12\/Skarmavbild-2025-12-08-kl.-22.57.40-100x100.png 100w\" sizes=\"auto, (max-width: 35px) 100vw, 35px\" \/><\/td><td class=\"has-text-align-center\" data-align=\"center\"><img loading=\"lazy\" decoding=\"async\" width=\"35\" height=\"34\" class=\"wp-image-942\" style=\"width: 35px;\" src=\"https:\/\/www.falckab.se\/wp-content\/uploads\/2025\/12\/Skarmavbild-2025-12-08-kl.-22.57.40.png\" alt=\"\" srcset=\"https:\/\/www.falckab.se\/wp-content\/uploads\/2025\/12\/Skarmavbild-2025-12-08-kl.-22.57.40.png 1160w, https:\/\/www.falckab.se\/wp-content\/uploads\/2025\/12\/Skarmavbild-2025-12-08-kl.-22.57.40-300x300.png 300w, https:\/\/www.falckab.se\/wp-content\/uploads\/2025\/12\/Skarmavbild-2025-12-08-kl.-22.57.40-1024x1008.png 1024w, https:\/\/www.falckab.se\/wp-content\/uploads\/2025\/12\/Skarmavbild-2025-12-08-kl.-22.57.40-150x150.png 150w, https:\/\/www.falckab.se\/wp-content\/uploads\/2025\/12\/Skarmavbild-2025-12-08-kl.-22.57.40-768x756.png 768w, https:\/\/www.falckab.se\/wp-content\/uploads\/2025\/12\/Skarmavbild-2025-12-08-kl.-22.57.40-12x12.png 12w, https:\/\/www.falckab.se\/wp-content\/uploads\/2025\/12\/Skarmavbild-2025-12-08-kl.-22.57.40-600x591.png 600w, https:\/\/www.falckab.se\/wp-content\/uploads\/2025\/12\/Skarmavbild-2025-12-08-kl.-22.57.40-100x100.png 100w\" sizes=\"auto, (max-width: 35px) 100vw, 35px\" \/><\/td><\/tr><\/tbody><\/table><\/figure>\n\n\n\n<div class=\"wp-block-buttons is-layout-flex wp-block-buttons-is-layout-flex\"><\/div>\n\n\n\n<p><\/p>","protected":false},"excerpt":{"rendered":"<p>Vilken ska du v\u00e4lja? Falckab Trackilive Everfind Falckab Trackilive TL-60 K\u00f6p direkt &#8211; Tryck p\u00e5 l\u00e4nken! Till shopen Till shopen Batteri:\u00a0Upp till 6 \u00e5r (enormt l\u00e5ng batteritid) Ej laddbart batteri. Batteribyte? Tryck h\u00e4r! Batteri:&nbsp;Upp till 1 \u00e5r. Laddbart batteri. Abonnemang:&nbsp;S\u00e4ljs &#8221;utan abonnemang&#8221; (ing\u00e5r i priset) Inga l\u00f6pande kostnader. Abonnemang:&nbsp;Kr\u00e4ver ett separat abonnemang f\u00f6r att fungera [&hellip;]<\/p>\n","protected":false},"author":1,"featured_media":0,"parent":0,"menu_order":0,"comment_status":"closed","ping_status":"closed","template":"page-with-title","meta":{"footnotes":""},"class_list":["post-45","page","type-page","status-publish","hentry"],"aioseo_notices":[],"_links":{"self":[{"href":"https:\/\/www.falckab.se\/da\/wp-json\/wp\/v2\/pages\/45","targetHints":{"allow":["GET"]}}],"collection":[{"href":"https:\/\/www.falckab.se\/da\/wp-json\/wp\/v2\/pages"}],"about":[{"href":"https:\/\/www.falckab.se\/da\/wp-json\/wp\/v2\/types\/page"}],"author":[{"embeddable":true,"href":"https:\/\/www.falckab.se\/da\/wp-json\/wp\/v2\/users\/1"}],"replies":[{"embeddable":true,"href":"https:\/\/www.falckab.se\/da\/wp-json\/wp\/v2\/comments?post=45"}],"version-history":[{"count":23,"href":"https:\/\/www.falckab.se\/da\/wp-json\/wp\/v2\/pages\/45\/revisions"}],"predecessor-version":[{"id":975,"href":"https:\/\/www.falckab.se\/da\/wp-json\/wp\/v2\/pages\/45\/revisions\/975"}],"wp:attachment":[{"href":"https:\/\/www.falckab.se\/da\/wp-json\/wp\/v2\/media?parent=45"}],"curies":[{"name":"wp","href":"https:\/\/api.w.org\/{rel}","templated":true}]}}